{"id":63826,"date":"2025-06-24T09:58:56","date_gmt":"2025-06-24T09:58:56","guid":{"rendered":"https:\/\/tehnomag.md\/?post_type=product&#038;p=63826"},"modified":"2025-07-19T08:14:51","modified_gmt":"2025-07-19T08:14:51","slug":"risnita-pentru-piper-20-8cm-balance-berghoff-3950410","status":"publish","type":"product","link":"https:\/\/tehnomag.md\/ru\/catalog\/vesela\/vesela-pentru-servire\/seturi-pentru-condimente\/risnita-pentru-piper-20-8cm-balance-berghoff-3950410\/","title":{"rendered":"R\u00ee\u0219ni\u021b\u0103 pentru piper 20.8cm Balance BergHOFF 3950410"},"content":{"rendered":"<p>Risnita p-u piper din lemn 7 x 7 x 21,5<br \/>\nCod 3950410<\/p>\n<p>R\u00e2\u0219ni\u021ba de piper BergHOFF este un accesoriu indispensabil pe mas\u0103. Este o alternativ\u0103 pl\u0103cut\u0103 unei r\u00e2\u0219ni\u021be obi\u0219nuite de piper.<br \/>\nGradul de m\u0103cinare \u0219i doza necesar\u0103 de condiment pot fi reglate cu u\u0219urin\u021b\u0103 \u00een timp ce utilizat\u0103 r\u00e2\u0219ni\u021ba. Mecanismul robust din ceramic\u0103 strive\u0219te \u0219i macin\u0103 cu u\u0219urin\u021b\u0103 boabele.<\/p>","protected":false},"excerpt":{"rendered":"<p>Risnita p-u piper din lemn 7 x 7 x 21,5<br \/>\nCod 3950410<\/p>\n<p>R\u00e2\u0219ni\u021ba de piper BergHOFF este un accesoriu indispensabil pe mas\u0103. Este o alternativ\u0103 pl\u0103cut\u0103 unei r\u00e2\u0219ni\u021be obi\u0219nuite de piper.<br \/>\nGradul de m\u0103cinare \u0219i doza necesar\u0103 de condiment pot fi reglate cu u\u0219urin\u021b\u0103 \u00een timp ce utilizat\u0103 r\u00e2\u0219ni\u021ba. Mecanismul robust din ceramic\u0103 strive\u0219te \u0219i macin\u0103 cu u\u0219urin\u021b\u0103 boabele.<\/p>","protected":false},"featured_media":63856,"template":"","meta":{"_acf_changed":false},"product_brand":[],"product_cat":[8567],"product_tag":[],"class_list":{"0":"post-63826","1":"product","2":"type-product","3":"status-publish","4":"has-post-thumbnail","6":"product_cat-seturi-pentru-condimente","8":"first","9":"instock","10":"shipping-taxable","11":"purchasable","12":"product-type-simple"},"acf":[],"_links":{"self":[{"href":"https:\/\/tehnomag.md\/ru\/wp-json\/wp\/v2\/product\/63826","targetHints":{"allow":["GET"]}}],"collection":[{"href":"https:\/\/tehnomag.md\/ru\/wp-json\/wp\/v2\/product"}],"about":[{"href":"https:\/\/tehnomag.md\/ru\/wp-json\/wp\/v2\/types\/product"}],"wp:featuredmedia":[{"embeddable":true,"href":"https:\/\/tehnomag.md\/ru\/wp-json\/wp\/v2\/media\/63856"}],"wp:attachment":[{"href":"https:\/\/tehnomag.md\/ru\/wp-json\/wp\/v2\/media?parent=63826"}],"wp:term":[{"taxonomy":"product_brand","embeddable":true,"href":"https:\/\/tehnomag.md\/ru\/wp-json\/wp\/v2\/product_brand?post=63826"},{"taxonomy":"product_cat","embeddable":true,"href":"https:\/\/tehnomag.md\/ru\/wp-json\/wp\/v2\/product_cat?post=63826"},{"taxonomy":"product_tag","embeddable":true,"href":"https:\/\/tehnomag.md\/ru\/wp-json\/wp\/v2\/product_tag?post=63826"}],"curies":[{"name":"wp","href":"https:\/\/api.w.org\/{rel}","templated":true}]}}