{"id":63806,"date":"2025-06-24T09:58:36","date_gmt":"2025-06-24T09:58:36","guid":{"rendered":"https:\/\/tehnomag.md\/?post_type=product&#038;p=63806"},"modified":"2025-07-19T08:14:50","modified_gmt":"2025-07-19T08:14:50","slug":"set-recipiente-maestro-mr20030-03cs","status":"publish","type":"product","link":"https:\/\/tehnomag.md\/ru\/catalog\/vesela\/vesela-pentru-servire\/seturi-pentru-condimente\/set-recipiente-maestro-mr20030-03cs\/","title":{"rendered":"Set recipiente  MAESTRO MR20030-03CS"},"content":{"rendered":"<p>Maestro MR 20030-03CS set de trei recipiente ceramice cu capace pentru zahar, cafea si ceai. Inscrip\u021bie neagr\u0103 Paris Maison, zah\u0103r, ceai, cafea pe cutie alb\u0103.<\/p>\n<p>Descrierea setului de containere Maestro MR20030-03CS:<br \/>\nRecipient pentru zah\u0103r<br \/>\nRecipient pentru ceai<br \/>\nRecipient de cafea<br \/>\nDiametrul bazei: 10,5 cm<br \/>\nInaltime fara husa: 13,5 cm<br \/>\nMaterial: ceramica<\/p>","protected":false},"excerpt":{"rendered":"<p>Maestro MR 20030-03CS set de trei recipiente ceramice cu capace pentru zahar, cafea si ceai. Inscrip\u021bie neagr\u0103 Paris Maison, zah\u0103r, ceai, cafea pe cutie alb\u0103.<\/p>\n<p>Descrierea setului de containere Maestro MR20030-03CS:<br \/>\nRecipient pentru zah\u0103r<br \/>\nRecipient pentru ceai<br \/>\nRecipient de cafea<br \/>\nDiametrul bazei: 10,5 cm<br \/>\nInaltime fara husa: 13,5 cm<br \/>\nMaterial: ceramica<\/p>","protected":false},"featured_media":63854,"template":"","meta":{"_acf_changed":false},"product_brand":[],"product_cat":[8567],"product_tag":[],"class_list":{"0":"post-63806","1":"product","2":"type-product","3":"status-publish","4":"has-post-thumbnail","6":"product_cat-seturi-pentru-condimente","8":"first","9":"instock","10":"shipping-taxable","11":"purchasable","12":"product-type-simple"},"acf":[],"_links":{"self":[{"href":"https:\/\/tehnomag.md\/ru\/wp-json\/wp\/v2\/product\/63806","targetHints":{"allow":["GET"]}}],"collection":[{"href":"https:\/\/tehnomag.md\/ru\/wp-json\/wp\/v2\/product"}],"about":[{"href":"https:\/\/tehnomag.md\/ru\/wp-json\/wp\/v2\/types\/product"}],"wp:featuredmedia":[{"embeddable":true,"href":"https:\/\/tehnomag.md\/ru\/wp-json\/wp\/v2\/media\/63854"}],"wp:attachment":[{"href":"https:\/\/tehnomag.md\/ru\/wp-json\/wp\/v2\/media?parent=63806"}],"wp:term":[{"taxonomy":"product_brand","embeddable":true,"href":"https:\/\/tehnomag.md\/ru\/wp-json\/wp\/v2\/product_brand?post=63806"},{"taxonomy":"product_cat","embeddable":true,"href":"https:\/\/tehnomag.md\/ru\/wp-json\/wp\/v2\/product_cat?post=63806"},{"taxonomy":"product_tag","embeddable":true,"href":"https:\/\/tehnomag.md\/ru\/wp-json\/wp\/v2\/product_tag?post=63806"}],"curies":[{"name":"wp","href":"https:\/\/api.w.org\/{rel}","templated":true}]}}