{"id":63805,"date":"2025-06-24T09:58:35","date_gmt":"2025-06-24T09:58:35","guid":{"rendered":"https:\/\/tehnomag.md\/?post_type=product&#038;p=63805"},"modified":"2025-07-19T08:14:50","modified_gmt":"2025-07-19T08:14:50","slug":"set-pentru-condimente-maestro-mr-1726","status":"publish","type":"product","link":"https:\/\/tehnomag.md\/ru\/catalog\/vesela\/vesela-pentru-servire\/seturi-pentru-condimente\/set-pentru-condimente-maestro-mr-1726\/","title":{"rendered":"Set pentru condimente MAESTRO Mr-1726"},"content":{"rendered":"<p>Setul Maestro MR 1726 este format din 6 recipiente pentru condimente de 100 ml pe suport, borcane din sticla cu capac filetat din otel. A\u0219ezat convenabil \u00een dou\u0103 r\u00e2nduri (3 buc\u0103\u021bi pe r\u00e2nd) pe un suport de o\u021bel cu finisaj satinat.<\/p>\n<p>Caracteristicile setului Maestro MR 1726:<br \/>\nDimensiune asamblata: 13,5&#215;8,5&#215;20,0 cm<br \/>\nNumar recipiente pentru condimente: 6 buc.<\/p>\n<p>Volumul 1 recipient: 100 ml<\/p>\n<p>Material:<br \/>\nBorcane de sticla cu capac din otel<br \/>\nSuport din o\u021bel cu lustruire mat (satinat\u0103).<\/p>","protected":false},"excerpt":{"rendered":"<p>Setul Maestro MR 1726 este format din 6 recipiente pentru condimente de 100 ml pe suport, borcane din sticla cu capac filetat din otel. A\u0219ezat convenabil \u00een dou\u0103 r\u00e2nduri (3 buc\u0103\u021bi pe r\u00e2nd) pe un suport de o\u021bel cu finisaj satinat.<\/p>\n<p>Caracteristicile setului Maestro MR 1726:<br \/>\nDimensiune asamblata: 13,5&#215;8,5&#215;20,0 cm<br \/>\nNumar recipiente pentru condimente: 6 buc.<\/p>\n<p>Volumul 1 recipient: 100 ml<\/p>\n<p>Material:<br \/>\nBorcane de sticla cu capac din otel<br \/>\nSuport din o\u021bel cu lustruire mat (satinat\u0103).<\/p>","protected":false},"featured_media":63853,"template":"","meta":{"_acf_changed":false},"product_brand":[],"product_cat":[8567],"product_tag":[],"class_list":{"0":"post-63805","1":"product","2":"type-product","3":"status-publish","4":"has-post-thumbnail","6":"product_cat-seturi-pentru-condimente","8":"first","9":"instock","10":"shipping-taxable","11":"purchasable","12":"product-type-simple"},"acf":[],"_links":{"self":[{"href":"https:\/\/tehnomag.md\/ru\/wp-json\/wp\/v2\/product\/63805","targetHints":{"allow":["GET"]}}],"collection":[{"href":"https:\/\/tehnomag.md\/ru\/wp-json\/wp\/v2\/product"}],"about":[{"href":"https:\/\/tehnomag.md\/ru\/wp-json\/wp\/v2\/types\/product"}],"wp:featuredmedia":[{"embeddable":true,"href":"https:\/\/tehnomag.md\/ru\/wp-json\/wp\/v2\/media\/63853"}],"wp:attachment":[{"href":"https:\/\/tehnomag.md\/ru\/wp-json\/wp\/v2\/media?parent=63805"}],"wp:term":[{"taxonomy":"product_brand","embeddable":true,"href":"https:\/\/tehnomag.md\/ru\/wp-json\/wp\/v2\/product_brand?post=63805"},{"taxonomy":"product_cat","embeddable":true,"href":"https:\/\/tehnomag.md\/ru\/wp-json\/wp\/v2\/product_cat?post=63805"},{"taxonomy":"product_tag","embeddable":true,"href":"https:\/\/tehnomag.md\/ru\/wp-json\/wp\/v2\/product_tag?post=63805"}],"curies":[{"name":"wp","href":"https:\/\/api.w.org\/{rel}","templated":true}]}}