{"id":63793,"date":"2025-06-24T09:58:15","date_gmt":"2025-06-24T09:58:15","guid":{"rendered":"https:\/\/tehnomag.md\/?post_type=product&#038;p=63793"},"modified":"2025-07-19T08:14:50","modified_gmt":"2025-07-19T08:14:50","slug":"risnita-pe-baterii-maestro-mr-1722","status":"publish","type":"product","link":"https:\/\/tehnomag.md\/ru\/catalog\/vesela\/vesela-pentru-servire\/seturi-pentru-condimente\/risnita-pe-baterii-maestro-mr-1722\/","title":{"rendered":"R\u00ee\u0219ni\u021b\u0103 pe baterii  MAESTRO Mr-1722"},"content":{"rendered":"<p> Maestro MR 1720 func\u021bioneaz\u0103 din baterii cu 4 degete (AA). Produs intr-o carcasa metalica cu o suprafata cauciucata antiderapante si un mecanism de slefuire ceramica. \u00cen partea de jos a morii se afl\u0103 o diod\u0103-iluminare din spate \u0219i un \u0219urub pentru reglarea gradului de m\u0103cinare. Proiectat pentru m\u0103cinarea \u0219i m\u0103cinarea cerealelor, semin\u021belor \u0219i condimentelor acas\u0103.<\/p>\n<p>Caracteristicile morii Maestro MR 1720:<br \/>\nDimensiune: 23&#215;5,6 cm<br \/>\nPutere: 4 baterii AA<br \/>\nMaterial mecanism de \u0219lefuire: ceramic\u0103<br \/>\nReglarea gradului de m\u0103cinare<br \/>\nIluminare de fundal<br \/>\nDesign modern, ergonomic<br \/>\nCorp din o\u021bel inoxidabil<br \/>\nTamp\u0103 anti-alunecare pe carcas\u0103<br \/>\nCapacitate transparent\u0103 a zonei de lucru<br \/>\nFunc\u021bionare silen\u021bioas\u0103 a motorului<br \/>\nConvenabil \u0219i u\u0219or de utilizat \u0219i de cur\u0103\u021bat<\/p>","protected":false},"excerpt":{"rendered":"<p> Maestro MR 1720 func\u021bioneaz\u0103 din baterii cu 4 degete (AA). Produs intr-o carcasa metalica cu o suprafata cauciucata antiderapante si un mecanism de slefuire ceramica. \u00cen partea de jos a morii se afl\u0103 o diod\u0103-iluminare din spate \u0219i un \u0219urub pentru reglarea gradului de m\u0103cinare. Proiectat pentru m\u0103cinarea \u0219i m\u0103cinarea cerealelor, semin\u021belor \u0219i condimentelor acas\u0103.<\/p>\n<p>Caracteristicile morii Maestro MR 1720:<br \/>\nDimensiune: 23&#215;5,6 cm<br \/>\nPutere: 4 baterii AA<br \/>\nMaterial mecanism de \u0219lefuire: ceramic\u0103<br \/>\nReglarea gradului de m\u0103cinare<br \/>\nIluminare de fundal<br \/>\nDesign modern, ergonomic<br \/>\nCorp din o\u021bel inoxidabil<br \/>\nTamp\u0103 anti-alunecare pe carcas\u0103<br \/>\nCapacitate transparent\u0103 a zonei de lucru<br \/>\nFunc\u021bionare silen\u021bioas\u0103 a motorului<br \/>\nConvenabil \u0219i u\u0219or de utilizat \u0219i de cur\u0103\u021bat<\/p>","protected":false},"featured_media":63849,"template":"","meta":{"_acf_changed":false},"product_brand":[],"product_cat":[8567],"product_tag":[],"class_list":{"0":"post-63793","1":"product","2":"type-product","3":"status-publish","4":"has-post-thumbnail","6":"product_cat-seturi-pentru-condimente","8":"first","9":"instock","10":"shipping-taxable","11":"purchasable","12":"product-type-simple"},"acf":[],"_links":{"self":[{"href":"https:\/\/tehnomag.md\/ru\/wp-json\/wp\/v2\/product\/63793","targetHints":{"allow":["GET"]}}],"collection":[{"href":"https:\/\/tehnomag.md\/ru\/wp-json\/wp\/v2\/product"}],"about":[{"href":"https:\/\/tehnomag.md\/ru\/wp-json\/wp\/v2\/types\/product"}],"wp:featuredmedia":[{"embeddable":true,"href":"https:\/\/tehnomag.md\/ru\/wp-json\/wp\/v2\/media\/63849"}],"wp:attachment":[{"href":"https:\/\/tehnomag.md\/ru\/wp-json\/wp\/v2\/media?parent=63793"}],"wp:term":[{"taxonomy":"product_brand","embeddable":true,"href":"https:\/\/tehnomag.md\/ru\/wp-json\/wp\/v2\/product_brand?post=63793"},{"taxonomy":"product_cat","embeddable":true,"href":"https:\/\/tehnomag.md\/ru\/wp-json\/wp\/v2\/product_cat?post=63793"},{"taxonomy":"product_tag","embeddable":true,"href":"https:\/\/tehnomag.md\/ru\/wp-json\/wp\/v2\/product_tag?post=63793"}],"curies":[{"name":"wp","href":"https:\/\/api.w.org\/{rel}","templated":true}]}}