{"id":63720,"date":"2025-06-24T09:57:51","date_gmt":"2025-06-24T09:57:51","guid":{"rendered":"https:\/\/tehnomag.md\/?post_type=product&#038;p=63720"},"modified":"2025-07-19T08:14:45","modified_gmt":"2025-07-19T08:14:45","slug":"cazan-drewmet-17-kw-mj-1nm-1-5","status":"publish","type":"product","link":"https:\/\/tehnomag.md\/ru\/catalog\/instalatii-termice-si-sanitare\/cazane-si-sobe-cu-combustibil-solid\/cazane-pe-combustibil-solid\/cazan-drewmet-17-kw-mj-1nm-1-5\/","title":{"rendered":"Cazan DREWMET 17 KW  MJ-1NM 1.5"},"content":{"rendered":"<p>Centru Tehnic &#8222;EUROTERM&#8221; si-a inceput activitatea pe 5 septembrie anul 2002. La momentul actual, &#8222;Euroterm&#8221; prezint\u0103 trei categorii de m\u0103rfuri, \u00een re\u0163eaua sa de magazine: \u2022 Sisteme autonome de \u00eenc\u0103lzire \u2022 Tehnic\u0103 sanitar\u0103 \u2022 Electrocasnice Pentru a cre\u015fte num\u0103rul avantajelor, oferite cump\u0103r\u0103torilor, &#8222;Euroterm&#8221;, \u00een permanen\u0163\u0103, elaboreaz\u0103 \u015fi introduce noi servicii. Clien\u0163ii no\u015ftri reprezint\u0103, pentru noi, for\u0163a motric\u0103, care ne impulsioneaz\u0103 spre evolu\u0163ie permanent\u0103 \u015fi care ne arat\u0103 direc\u0163iile \u015fi metodele optime de cre\u015ftere a calit\u0103\u0163ii serviciilor. Astfel profesionalismul colaboratorilor \u201cEuroterm&#8221; contribuie la satisfacerea maxim\u0103 a necesit\u0103\u0163ilor consumatorilor, prin oferirea de produse \u015fi servicii de \u00eenalt\u0103 calitate.<\/p>","protected":false},"excerpt":{"rendered":"<p>Centru Tehnic &#8222;EUROTERM&#8221; si-a inceput activitatea pe 5 septembrie anul 2002. La momentul actual, &#8222;Euroterm&#8221; prezint\u0103 trei categorii de m\u0103rfuri, \u00een re\u0163eaua sa de magazine: \u2022 Sisteme autonome de \u00eenc\u0103lzire \u2022 Tehnic\u0103 sanitar\u0103 \u2022 Electrocasnice Pentru a cre\u015fte num\u0103rul avantajelor, oferite cump\u0103r\u0103torilor, &#8222;Euroterm&#8221;, \u00een permanen\u0163\u0103, elaboreaz\u0103 \u015fi introduce noi servicii. Clien\u0163ii no\u015ftri reprezint\u0103, pentru noi, for\u0163a motric\u0103, care ne impulsioneaz\u0103 spre evolu\u0163ie permanent\u0103 \u015fi care ne arat\u0103 direc\u0163iile \u015fi metodele optime de cre\u015ftere a calit\u0103\u0163ii serviciilor. Astfel profesionalismul colaboratorilor \u201cEuroterm&#8221; contribuie la satisfacerea maxim\u0103 a necesit\u0103\u0163ilor consumatorilor, prin oferirea de produse \u015fi servicii de \u00eenalt\u0103 calitate.<\/p>","protected":false},"featured_media":0,"template":"","meta":{"_acf_changed":false},"product_brand":[],"product_cat":[11149],"product_tag":[],"class_list":{"0":"post-63720","1":"product","2":"type-product","3":"status-publish","5":"product_cat-cazane-pe-combustibil-solid","7":"first","8":"instock","9":"shipping-taxable","10":"purchasable","11":"product-type-simple"},"acf":[],"_links":{"self":[{"href":"https:\/\/tehnomag.md\/ru\/wp-json\/wp\/v2\/product\/63720","targetHints":{"allow":["GET"]}}],"collection":[{"href":"https:\/\/tehnomag.md\/ru\/wp-json\/wp\/v2\/product"}],"about":[{"href":"https:\/\/tehnomag.md\/ru\/wp-json\/wp\/v2\/types\/product"}],"wp:attachment":[{"href":"https:\/\/tehnomag.md\/ru\/wp-json\/wp\/v2\/media?parent=63720"}],"wp:term":[{"taxonomy":"product_brand","embeddable":true,"href":"https:\/\/tehnomag.md\/ru\/wp-json\/wp\/v2\/product_brand?post=63720"},{"taxonomy":"product_cat","embeddable":true,"href":"https:\/\/tehnomag.md\/ru\/wp-json\/wp\/v2\/product_cat?post=63720"},{"taxonomy":"product_tag","embeddable":true,"href":"https:\/\/tehnomag.md\/ru\/wp-json\/wp\/v2\/product_tag?post=63720"}],"curies":[{"name":"wp","href":"https:\/\/api.w.org\/{rel}","templated":true}]}}