{"id":63713,"date":"2025-06-24T09:57:50","date_gmt":"2025-06-24T09:57:50","guid":{"rendered":"https:\/\/tehnomag.md\/?post_type=product&#038;p=63713"},"modified":"2025-07-19T08:14:45","modified_gmt":"2025-07-19T08:14:45","slug":"aspirator-cu-abur-karcher-sc-5-easyfix-iron-plug-new-karcher-1-512-660-0","status":"publish","type":"product","link":"https:\/\/tehnomag.md\/ru\/catalog\/produse-pentru-casa\/aparate-de-curatat-cu-aburi\/aspirator-cu-abur-karcher-sc-5-easyfix-iron-plug-new-karcher-1-512-660-0\/","title":{"rendered":"Aspirator cu abur KARCHER SC 5 EasyFix Iron Plug New  KARCHER 1.512-660.0"},"content":{"rendered":"<p>Aceasta nu este o problem\u0103 cu K\u00e4rcher SC 5 EasyFix. Acest lucru se datoreaz\u0103 faptului c\u0103 cel mai puternic aparat de cur\u0103\u021bat cu abur din clasa sa (presiunea aburului de 4,2 bar) vine \u0219i cu capacitatea de a conecta un fier de c\u0103lcat cu abur. Cur\u0103\u021barea temeinic\u0103 cu un aparat de cur\u0103\u021bat cu abur K\u00e4rcher \u00eendep\u0103rteaz\u0103 99,999% dintre viru\u0219i* \u0219i 99,99% dintre toate bacteriile obi\u0219nuite de uz casnic** de pe suprafe\u021bele dure comune ale gospod\u0103riei. Folosind diverse accesorii, gresie, plite, hote \u0219i chiar \u0219i cele mai mici cr\u0103p\u0103turi vor fi curate impecabil, indiferent dac\u0103 au pete u\u0219oare sau \u00eenc\u0103p\u0103\u021b\u00e2nate. Duza de podea EasyFix cu articulatie flexibila asigura o functionare ergonomica. Iar tehnologia lamelelor garanteaza rezultate ideale de curatare. Laveta pentru cur\u0103\u021barea podelei poate fi ata\u0219at\u0103 cu u\u0219urin\u021b\u0103 de duza de podea \u0219i \u00eendep\u0103rtat\u0103 din nou f\u0103r\u0103 a intra \u00een contact cu murd\u0103ria. VapoHydro \u00eendep\u0103rteaz\u0103 \u0219i mai u\u0219or petele persistente prin ad\u0103ugarea de ap\u0103 fierbinte. Intensitatea aburului poate fi reglat\u0103 \u00een func\u021bie de suprafa\u021b\u0103 \u0219i murd\u0103rie. Rezervorul de ap\u0103 deta\u0219abil poate fi reumplut \u00een mod constant pentru cur\u0103\u021bare continu\u0103. Accesorii: depozitare cablu \u00eencorporat\u0103, depozitare accesorii, pozi\u021bie de parcare a duzei de podea.<\/p>\n<p>Specifica\u021bii<br \/>\nCertificat de testare*<br \/>\nOmoara pana la 99,999% dintre coronavirusuri* si pana la 99,99% dintre bacterii**<br \/>\nProductivitate pe suprafa\u021b\u0103 (\u00eenainte de realimentare) (m\u00b2) -150<br \/>\nPuterea \u00eenc\u0103lzitorului (W) &#8211; 2250<br \/>\nMax. presiunea aburului (bar) -4,2<br \/>\nLungimea cablului (m)-6<br \/>\nTimp de \u00eenc\u0103lzire (min) -3<br \/>\n\u00cenc\u0103lzitor \/ Rezervor deta\u0219abil (l)<br \/>\n0,5 \/ 1,5 \/ (rezervor deta\u0219abil)<br \/>\nAlimentare (~\/V\/Hz)<br \/>\n1 \/ 220 \u2013 240 \/ 50<br \/>\nGreutate fara accesorii (kg) -6<br \/>\nGreutate incl. ambalaj (kg) -8.472<br \/>\nDimensiuni (L x l x H) (mm)<br \/>\n439 x 301 x 305<\/p>","protected":false},"excerpt":{"rendered":"<p>Aceasta nu este o problem\u0103 cu K\u00e4rcher SC 5 EasyFix. Acest lucru se datoreaz\u0103 faptului c\u0103 cel mai puternic aparat de cur\u0103\u021bat cu abur din clasa sa (presiunea aburului de 4,2 bar) vine \u0219i cu capacitatea de a conecta un fier de c\u0103lcat cu abur. Cur\u0103\u021barea temeinic\u0103 cu un aparat de cur\u0103\u021bat cu abur K\u00e4rcher \u00eendep\u0103rteaz\u0103 99,999% dintre viru\u0219i* \u0219i 99,99% dintre toate bacteriile obi\u0219nuite de uz casnic** de pe suprafe\u021bele dure comune ale gospod\u0103riei. Folosind diverse accesorii, gresie, plite, hote \u0219i chiar \u0219i cele mai mici cr\u0103p\u0103turi vor fi curate impecabil, indiferent dac\u0103 au pete u\u0219oare sau \u00eenc\u0103p\u0103\u021b\u00e2nate. Duza de podea EasyFix cu articulatie flexibila asigura o functionare ergonomica. Iar tehnologia lamelelor garanteaza rezultate ideale de curatare. Laveta pentru cur\u0103\u021barea podelei poate fi ata\u0219at\u0103 cu u\u0219urin\u021b\u0103 de duza de podea \u0219i \u00eendep\u0103rtat\u0103 din nou f\u0103r\u0103 a intra \u00een contact cu murd\u0103ria. VapoHydro \u00eendep\u0103rteaz\u0103 \u0219i mai u\u0219or petele persistente prin ad\u0103ugarea de ap\u0103 fierbinte. Intensitatea aburului poate fi reglat\u0103 \u00een func\u021bie de suprafa\u021b\u0103 \u0219i murd\u0103rie. Rezervorul de ap\u0103 deta\u0219abil poate fi reumplut \u00een mod constant pentru cur\u0103\u021bare continu\u0103. Accesorii: depozitare cablu \u00eencorporat\u0103, depozitare accesorii, pozi\u021bie de parcare a duzei de podea.<\/p>\n<p>Specifica\u021bii<br \/>\nCertificat de testare*<br \/>\nOmoara pana la 99,999% dintre coronavirusuri* si pana la 99,99% dintre bacterii**<br \/>\nProductivitate pe suprafa\u021b\u0103 (\u00eenainte de realimentare) (m\u00b2) -150<br \/>\nPuterea \u00eenc\u0103lzitorului (W) &#8211; 2250<br \/>\nMax. presiunea aburului (bar) -4,2<br \/>\nLungimea cablului (m)-6<br \/>\nTimp de \u00eenc\u0103lzire (min) -3<br \/>\n\u00cenc\u0103lzitor \/ Rezervor deta\u0219abil (l)<br \/>\n0,5 \/ 1,5 \/ (rezervor deta\u0219abil)<br \/>\nAlimentare (~\/V\/Hz)<br \/>\n1 \/ 220 \u2013 240 \/ 50<br \/>\nGreutate fara accesorii (kg) -6<br \/>\nGreutate incl. ambalaj (kg) -8.472<br \/>\nDimensiuni (L x l x H) (mm)<br \/>\n439 x 301 x 305<\/p>","protected":false},"featured_media":63754,"template":"","meta":{"_acf_changed":false},"product_brand":[],"product_cat":[8547],"product_tag":[],"class_list":{"0":"post-63713","1":"product","2":"type-product","3":"status-publish","4":"has-post-thumbnail","6":"product_cat-aparate-de-curatat-cu-aburi","8":"first","9":"instock","10":"shipping-taxable","11":"purchasable","12":"product-type-simple"},"acf":[],"_links":{"self":[{"href":"https:\/\/tehnomag.md\/ru\/wp-json\/wp\/v2\/product\/63713","targetHints":{"allow":["GET"]}}],"collection":[{"href":"https:\/\/tehnomag.md\/ru\/wp-json\/wp\/v2\/product"}],"about":[{"href":"https:\/\/tehnomag.md\/ru\/wp-json\/wp\/v2\/types\/product"}],"wp:featuredmedia":[{"embeddable":true,"href":"https:\/\/tehnomag.md\/ru\/wp-json\/wp\/v2\/media\/63754"}],"wp:attachment":[{"href":"https:\/\/tehnomag.md\/ru\/wp-json\/wp\/v2\/media?parent=63713"}],"wp:term":[{"taxonomy":"product_brand","embeddable":true,"href":"https:\/\/tehnomag.md\/ru\/wp-json\/wp\/v2\/product_brand?post=63713"},{"taxonomy":"product_cat","embeddable":true,"href":"https:\/\/tehnomag.md\/ru\/wp-json\/wp\/v2\/product_cat?post=63713"},{"taxonomy":"product_tag","embeddable":true,"href":"https:\/\/tehnomag.md\/ru\/wp-json\/wp\/v2\/product_tag?post=63713"}],"curies":[{"name":"wp","href":"https:\/\/api.w.org\/{rel}","templated":true}]}}