{"id":63710,"date":"2025-06-24T09:57:50","date_gmt":"2025-06-24T09:57:50","guid":{"rendered":"https:\/\/tehnomag.md\/?post_type=product&#038;p=63710"},"modified":"2025-07-19T08:14:45","modified_gmt":"2025-07-19T08:14:45","slug":"aspirator-cu-aburi-karcher-sc-4-easyfix-iron-new-karcher-1-512-631-0","status":"publish","type":"product","link":"https:\/\/tehnomag.md\/ru\/catalog\/produse-pentru-casa\/aparate-de-curatat-cu-aburi\/aspirator-cu-aburi-karcher-sc-4-easyfix-iron-new-karcher-1-512-631-0\/","title":{"rendered":"Aspirator cu aburi KARCHER SC 4 EasyFix Iron New  KARCHER 1.512-631.0"},"content":{"rendered":"<p>Aparatul de cur\u0103\u021bat cu abur SC 4 Deluxe EasyFix Iron Premium cur\u0103\u021b\u0103 la o presiune de 4,0 bar, este \u00eenc\u0103rcat constant \u0219i garanteaz\u0103 o cur\u0103\u021bare continu\u0103 datorit\u0103 rezervorului de ap\u0103 deta\u0219abil. Aparatul de cur\u0103\u021bat cu abur elimin\u0103 p\u00e2n\u0103 la 99,999% dintre coronavirusurile* \u0219i 99,99% dintre toate bacteriile obi\u0219nuite de uz casnic** de pe suprafe\u021bele dure. Compartimentul de depozitare pentru accesorii \u00eencorporat foarte mare asigur\u0103 depozitarea comod\u0103 a accesoriilor, cablurilor \u0219i furtunurilor direct pe dispozitiv. Alte caracteristici includ un inel LED pentru a indica modul de func\u021bionare, o duz\u0103 de podea EasyFix cu conexiune flexibil\u0103 pentru o ergonomie maxim\u0103, tehnologie inovatoare a pl\u0103cilor, un sistem practic de prindere Velcro pentru c\u00e2rpa din microfibr\u0103 pentru podea \u0219i diverse accesorii pentru \u00eendep\u0103rtarea murd\u0103riei \u00eenc\u0103p\u0103\u021b\u00e2nate de pe gresie. , de la suprafe\u021bele de g\u0103tit \u0219i hote, precum \u0219i de la cr\u0103p\u0103turi \u0219i rosturi. De asemenea, covoarele pot fi cur\u0103\u021bate \u0219i \u00eemprosp\u0103tate folosind dispozitivul. Este inclus \u00een pachetul standard de livrare. Datorit\u0103 reglajului aburului \u00een trei trepte, debitul de abur poate fi \u00eentotdeauna reglat perfect \u00een func\u021bie de suprafa\u021b\u0103 \u0219i murd\u0103rie. \u00cen plus, fierul de c\u0103lcat cu abur sub presiune reduce timpul de c\u0103lcat cu aproximativ 50%.<\/p>\n<p>Specifica\u021bii<\/p>\n<p>Certificat de testare*<br \/>\nOmoara pana la 99,999% dintre virusi* si pana la 99,9% dintre bacterii**<br \/>\nProductivitate pe suprafa\u021b\u0103 (\u00eenainte de realimentare) (m\u00b2) -130<br \/>\nMax. presiunea aburului (bar) -4<br \/>\nPuterea \u00eenc\u0103lzitorului (W) &#8211; 2200<br \/>\nLungimea cablului (m)-5<br \/>\n\u00cenc\u0103lzitor \/ Rezervor deta\u0219abil (l)<br \/>\n0,5 \/ 1,3 \/ (rezervor deta\u0219abil)<br \/>\nParametri electrici (~\/V\/Hz)<br \/>\n1 \/ 220 \u2013 250 \/ 50<br \/>\nGreutate (fara accesorii) (kg) -5,82<br \/>\nGreutate (cu ambalaj) (kg) -10.553<br \/>\nDimensiuni (L x l x H) (mm)<br \/>\n400 x 265 x 300<\/p>","protected":false},"excerpt":{"rendered":"<p>Aparatul de cur\u0103\u021bat cu abur SC 4 Deluxe EasyFix Iron Premium cur\u0103\u021b\u0103 la o presiune de 4,0 bar, este \u00eenc\u0103rcat constant \u0219i garanteaz\u0103 o cur\u0103\u021bare continu\u0103 datorit\u0103 rezervorului de ap\u0103 deta\u0219abil. Aparatul de cur\u0103\u021bat cu abur elimin\u0103 p\u00e2n\u0103 la 99,999% dintre coronavirusurile* \u0219i 99,99% dintre toate bacteriile obi\u0219nuite de uz casnic** de pe suprafe\u021bele dure. Compartimentul de depozitare pentru accesorii \u00eencorporat foarte mare asigur\u0103 depozitarea comod\u0103 a accesoriilor, cablurilor \u0219i furtunurilor direct pe dispozitiv. Alte caracteristici includ un inel LED pentru a indica modul de func\u021bionare, o duz\u0103 de podea EasyFix cu conexiune flexibil\u0103 pentru o ergonomie maxim\u0103, tehnologie inovatoare a pl\u0103cilor, un sistem practic de prindere Velcro pentru c\u00e2rpa din microfibr\u0103 pentru podea \u0219i diverse accesorii pentru \u00eendep\u0103rtarea murd\u0103riei \u00eenc\u0103p\u0103\u021b\u00e2nate de pe gresie. , de la suprafe\u021bele de g\u0103tit \u0219i hote, precum \u0219i de la cr\u0103p\u0103turi \u0219i rosturi. De asemenea, covoarele pot fi cur\u0103\u021bate \u0219i \u00eemprosp\u0103tate folosind dispozitivul. Este inclus \u00een pachetul standard de livrare. Datorit\u0103 reglajului aburului \u00een trei trepte, debitul de abur poate fi \u00eentotdeauna reglat perfect \u00een func\u021bie de suprafa\u021b\u0103 \u0219i murd\u0103rie. \u00cen plus, fierul de c\u0103lcat cu abur sub presiune reduce timpul de c\u0103lcat cu aproximativ 50%.<\/p>\n<p>Specifica\u021bii<\/p>\n<p>Certificat de testare*<br \/>\nOmoara pana la 99,999% dintre virusi* si pana la 99,9% dintre bacterii**<br \/>\nProductivitate pe suprafa\u021b\u0103 (\u00eenainte de realimentare) (m\u00b2) -130<br \/>\nMax. presiunea aburului (bar) -4<br \/>\nPuterea \u00eenc\u0103lzitorului (W) &#8211; 2200<br \/>\nLungimea cablului (m)-5<br \/>\n\u00cenc\u0103lzitor \/ Rezervor deta\u0219abil (l)<br \/>\n0,5 \/ 1,3 \/ (rezervor deta\u0219abil)<br \/>\nParametri electrici (~\/V\/Hz)<br \/>\n1 \/ 220 \u2013 250 \/ 50<br \/>\nGreutate (fara accesorii) (kg) -5,82<br \/>\nGreutate (cu ambalaj) (kg) -10.553<br \/>\nDimensiuni (L x l x H) (mm)<br \/>\n400 x 265 x 300<\/p>","protected":false},"featured_media":63747,"template":"","meta":{"_acf_changed":false},"product_brand":[],"product_cat":[8547],"product_tag":[],"class_list":{"0":"post-63710","1":"product","2":"type-product","3":"status-publish","4":"has-post-thumbnail","6":"product_cat-aparate-de-curatat-cu-aburi","8":"first","9":"instock","10":"shipping-taxable","11":"purchasable","12":"product-type-simple"},"acf":[],"_links":{"self":[{"href":"https:\/\/tehnomag.md\/ru\/wp-json\/wp\/v2\/product\/63710","targetHints":{"allow":["GET"]}}],"collection":[{"href":"https:\/\/tehnomag.md\/ru\/wp-json\/wp\/v2\/product"}],"about":[{"href":"https:\/\/tehnomag.md\/ru\/wp-json\/wp\/v2\/types\/product"}],"wp:featuredmedia":[{"embeddable":true,"href":"https:\/\/tehnomag.md\/ru\/wp-json\/wp\/v2\/media\/63747"}],"wp:attachment":[{"href":"https:\/\/tehnomag.md\/ru\/wp-json\/wp\/v2\/media?parent=63710"}],"wp:term":[{"taxonomy":"product_brand","embeddable":true,"href":"https:\/\/tehnomag.md\/ru\/wp-json\/wp\/v2\/product_brand?post=63710"},{"taxonomy":"product_cat","embeddable":true,"href":"https:\/\/tehnomag.md\/ru\/wp-json\/wp\/v2\/product_cat?post=63710"},{"taxonomy":"product_tag","embeddable":true,"href":"https:\/\/tehnomag.md\/ru\/wp-json\/wp\/v2\/product_tag?post=63710"}],"curies":[{"name":"wp","href":"https:\/\/api.w.org\/{rel}","templated":true}]}}