{"id":63708,"date":"2025-06-24T09:57:50","date_gmt":"2025-06-24T09:57:50","guid":{"rendered":"https:\/\/tehnomag.md\/?post_type=product&#038;p=63708"},"modified":"2025-07-19T08:14:44","modified_gmt":"2025-07-19T08:14:44","slug":"mop-cu-aburi-karcher-sc-3-upright-easyfix-new-karcher-1-513-530-0","status":"publish","type":"product","link":"https:\/\/tehnomag.md\/ru\/catalog\/produse-pentru-casa\/aparate-de-curatat-cu-aburi\/mop-cu-aburi-karcher-sc-3-upright-easyfix-new-karcher-1-513-530-0\/","title":{"rendered":"Mop cu aburi  KARCHER SC 3 Upright EasyFix New   KARCHER 1.513-530.0"},"content":{"rendered":"<p>Datorit\u0103 sistemului s\u0103u de control al aburului \u00een trei trepte, care este extrem de u\u0219or de utilizat, mopul cu abur SC 3 Upright EasyFix de la K\u00e4rcher este ideal pentru cur\u0103\u021barea tuturor podelelor dure cu un strat protector \u2013 chiar \u0219i a lemnului. Cur\u0103\u021barea temeinic\u0103 \u00eendep\u0103rteaz\u0103 99,99% din bacteriile obi\u0219nuite de uz casnic f\u0103r\u0103 utilizarea de substan\u021be chimice. Mopul cu abur se \u00eenc\u0103lze\u0219te rapid \u0219i, datorit\u0103 rezervorului de ap\u0103 curat\u0103 re\u00eenc\u0103rcat \u0219i deta\u0219abil constant, cu cartu\u015f anticalcar, este gata de utilizare \u00een cel mai scurt timp \u0219i este foarte u\u0219or de utilizat. Afi\u0219ajul LCD de pe mop ofer\u0103 feedback direct cu privire la starea de func\u021bionare prin diferite coduri de culoare. Mopul este cu mult superior metodelor tradi\u021bionale de cur\u0103\u021bare, cum ar fi folosirea unui mop obi\u0219nuit, datorit\u0103 combina\u021biei dintre capul de podea EasyFix cu sistemul de prindere Velcro \u0219i o c\u00e2rp\u0103 din microfibr\u0103 de \u00eenalt\u0103 calitate. Nici m\u0103car nu trebuie s\u0103 intri \u00een contact cu murd\u0103ria atunci c\u00e2nd \u00eenlocuie\u0219ti \u0219erve\u021belele. Pentru cei c\u0103rora le place moliciunea: chiar \u0219i covoarele pot fi f\u0103cute ca noi datorit\u0103 duzei speciale pentru covoare<br \/>\ncaracteristici tehnice<\/p>\n<p>Certificat de testare*<br \/>\nOmoara pana la 99,999% dintre coronavirusuri* si pana la 99,99% dintre bacterii**<br \/>\nProductivitate pe suprafa\u021b\u0103 (\u00eenainte de realimentare) (m\u00b2)-60<br \/>\nPuterea \u00eenc\u0103lzitorului (W) -1600<br \/>\nLungimea cablului (m)-5<br \/>\nTimp de \u00eenc\u0103lzire (min) -0,5<br \/>\nVolumul rezervorului de combustibil (l) -0,5<br \/>\nAlimentare (~\/V\/Hz)<br \/>\n1 \/ 220 \u2013 240 \/ 50 \u2013 60<br \/>\nGreutate fara accesorii (kg) -3,1<br \/>\nGreutate incl. ambalaj (kg) -4.382<br \/>\nDimensiuni (L x l x H) (mm)<br \/>\n314 x 207 x 1185<\/p>","protected":false},"excerpt":{"rendered":"<p>Datorit\u0103 sistemului s\u0103u de control al aburului \u00een trei trepte, care este extrem de u\u0219or de utilizat, mopul cu abur SC 3 Upright EasyFix de la K\u00e4rcher este ideal pentru cur\u0103\u021barea tuturor podelelor dure cu un strat protector \u2013 chiar \u0219i a lemnului. Cur\u0103\u021barea temeinic\u0103 \u00eendep\u0103rteaz\u0103 99,99% din bacteriile obi\u0219nuite de uz casnic f\u0103r\u0103 utilizarea de substan\u021be chimice. Mopul cu abur se \u00eenc\u0103lze\u0219te rapid \u0219i, datorit\u0103 rezervorului de ap\u0103 curat\u0103 re\u00eenc\u0103rcat \u0219i deta\u0219abil constant, cu cartu\u015f anticalcar, este gata de utilizare \u00een cel mai scurt timp \u0219i este foarte u\u0219or de utilizat. Afi\u0219ajul LCD de pe mop ofer\u0103 feedback direct cu privire la starea de func\u021bionare prin diferite coduri de culoare. Mopul este cu mult superior metodelor tradi\u021bionale de cur\u0103\u021bare, cum ar fi folosirea unui mop obi\u0219nuit, datorit\u0103 combina\u021biei dintre capul de podea EasyFix cu sistemul de prindere Velcro \u0219i o c\u00e2rp\u0103 din microfibr\u0103 de \u00eenalt\u0103 calitate. Nici m\u0103car nu trebuie s\u0103 intri \u00een contact cu murd\u0103ria atunci c\u00e2nd \u00eenlocuie\u0219ti \u0219erve\u021belele. Pentru cei c\u0103rora le place moliciunea: chiar \u0219i covoarele pot fi f\u0103cute ca noi datorit\u0103 duzei speciale pentru covoare<br \/>\ncaracteristici tehnice<\/p>\n<p>Certificat de testare*<br \/>\nOmoara pana la 99,999% dintre coronavirusuri* si pana la 99,99% dintre bacterii**<br \/>\nProductivitate pe suprafa\u021b\u0103 (\u00eenainte de realimentare) (m\u00b2)-60<br \/>\nPuterea \u00eenc\u0103lzitorului (W) -1600<br \/>\nLungimea cablului (m)-5<br \/>\nTimp de \u00eenc\u0103lzire (min) -0,5<br \/>\nVolumul rezervorului de combustibil (l) -0,5<br \/>\nAlimentare (~\/V\/Hz)<br \/>\n1 \/ 220 \u2013 240 \/ 50 \u2013 60<br \/>\nGreutate fara accesorii (kg) -3,1<br \/>\nGreutate incl. ambalaj (kg) -4.382<br \/>\nDimensiuni (L x l x H) (mm)<br \/>\n314 x 207 x 1185<\/p>","protected":false},"featured_media":63744,"template":"","meta":{"_acf_changed":false},"product_brand":[],"product_cat":[8547],"product_tag":[],"class_list":{"0":"post-63708","1":"product","2":"type-product","3":"status-publish","4":"has-post-thumbnail","6":"product_cat-aparate-de-curatat-cu-aburi","8":"first","9":"instock","10":"shipping-taxable","11":"purchasable","12":"product-type-simple"},"acf":[],"_links":{"self":[{"href":"https:\/\/tehnomag.md\/ru\/wp-json\/wp\/v2\/product\/63708","targetHints":{"allow":["GET"]}}],"collection":[{"href":"https:\/\/tehnomag.md\/ru\/wp-json\/wp\/v2\/product"}],"about":[{"href":"https:\/\/tehnomag.md\/ru\/wp-json\/wp\/v2\/types\/product"}],"wp:featuredmedia":[{"embeddable":true,"href":"https:\/\/tehnomag.md\/ru\/wp-json\/wp\/v2\/media\/63744"}],"wp:attachment":[{"href":"https:\/\/tehnomag.md\/ru\/wp-json\/wp\/v2\/media?parent=63708"}],"wp:term":[{"taxonomy":"product_brand","embeddable":true,"href":"https:\/\/tehnomag.md\/ru\/wp-json\/wp\/v2\/product_brand?post=63708"},{"taxonomy":"product_cat","embeddable":true,"href":"https:\/\/tehnomag.md\/ru\/wp-json\/wp\/v2\/product_cat?post=63708"},{"taxonomy":"product_tag","embeddable":true,"href":"https:\/\/tehnomag.md\/ru\/wp-json\/wp\/v2\/product_tag?post=63708"}],"curies":[{"name":"wp","href":"https:\/\/api.w.org\/{rel}","templated":true}]}}