{"id":63707,"date":"2025-06-24T09:57:50","date_gmt":"2025-06-24T09:57:50","guid":{"rendered":"https:\/\/tehnomag.md\/?post_type=product&#038;p=63707"},"modified":"2025-07-19T08:14:44","modified_gmt":"2025-07-19T08:14:44","slug":"aparat-de-curatat-cu-abur-sc-3-easyfix-new-karcher-1-513-650-0","status":"publish","type":"product","link":"https:\/\/tehnomag.md\/ru\/catalog\/produse-pentru-casa\/aparate-de-curatat-cu-aburi\/aparat-de-curatat-cu-abur-sc-3-easyfix-new-karcher-1-513-650-0\/","title":{"rendered":"Aparat de cura\u021bat cu abur SC 3 EasyFix New  KARCHER 1.513-650.0"},"content":{"rendered":"<p>Aparatul de curatat cu abur K\u00e4rcher SC 4 EasyFix include suport de stocare cablu integrat, un compartiment de depozitare pentru accesorii, suport de stocare a duzei pentru podele. Duza de podea EasyFix cu suprafa\u021b\u0103 flexibil\u0103, asigur\u0103 rezultate perfecte de curatare. Intensitatea aburului poate fi reglat\u0103 in functie suprafa\u021b\u0103 \u0219i murd\u0103rie, pe dou\u0103 niveluri. Accesoriile versatile lasa partile metalice, gresia, plitele, hotele de evacuare precum \u0219i micile spatii \u0219i cr\u0103p\u0103turi, igienizate. De asemenea si murd\u0103ria \u00eentarita este eliminata rapid. Cu realimentarea continuua a rezervorului de ap\u0103 deta\u0219abil se permite cur\u0103\u021barea non-stop. SC 4 cur\u0103\u021b\u0103 f\u0103r\u0103 chimicale \u0219i este potrivit pentru a fi utilizat in locuinta, cur\u0103\u021barea complet\u0103 cu aparatele cu abur K\u00e4rcher eliminana 99,99% din toate bacteriile comune de pe suprafete dure din casa.<\/p>\n<p>CARACTERISTICI SI BENEFICII<\/p>\n<p>Protec\u021bie impotriva accesului copiilor<br \/>\nSupapa de siguran\u021b\u0103<br \/>\nReglarea debitului de abur, Pe m\u00e2ner<br \/>\nP\u00e2lnie de umplere integrat\u0103.<br \/>\nSistem cu dou\u0103 rezervoare<br \/>\nSet pentru Cura\u0163area podelelor, EasyFix + \u021bevi de prelungire (2 x 0,5m)<br \/>\nAccesorii, duz\u0103 de m\u00e2n\u0103, duz\u0103 de finisare, perie rotund\u0103 (mic\u0103)<br \/>\nLavet\u0103 din microfibr\u0103, 1 Pieces<br \/>\nHus\u0103 de microfibr\u0103 pentru duza de m\u00e2n\u0103, 1 buc.<br \/>\nDepozitare accesorii \u0219i pozitie de sta\u021bionare<br \/>\nFurtun abur cu pistol, 2 m<br \/>\nComutator integrat de pornire\/ oprire<br \/>\n\u0162eava de prelungire (2 x 0,5 m)<\/p>\n<p>Certificat de testare*<br \/>\nUcide p\u00e2n\u0103 la 99,999% din coronavirus * \u0219i 99,99% bacterii **<br \/>\nRandament de cur\u0103\u021bare per rezervor (m\u00b2) 100<br \/>\nCapacitate de \u00eenc\u0103lzire (W) 2000<br \/>\nPresiune max. Abur (bar) 3,5<br \/>\nLungime cablu (m) 4<br \/>\nTimp de \u00eenc\u0103lzire 4<br \/>\nBoiler \/ capacitate rezervor (l) 0,5 \/ 0,8 \/ (rezervor deta\u0219abil)<br \/>\nTipul de curent (Ph\/V\/Hz) 1 \/ 220 \u2013 240 \/ 50 \u2013 60<br \/>\nGreutatea f\u0103r\u0103 accesorii (kg) 4,05<br \/>\nGreutate cu ambalaj (kg) 5,828<br \/>\nDimensiuni (L x l x H) (mm) 380 x 251 x 273<\/p>","protected":false},"excerpt":{"rendered":"<p>Aparatul de curatat cu abur K\u00e4rcher SC 4 EasyFix include suport de stocare cablu integrat, un compartiment de depozitare pentru accesorii, suport de stocare a duzei pentru podele. Duza de podea EasyFix cu suprafa\u021b\u0103 flexibil\u0103, asigur\u0103 rezultate perfecte de curatare. Intensitatea aburului poate fi reglat\u0103 in functie suprafa\u021b\u0103 \u0219i murd\u0103rie, pe dou\u0103 niveluri. Accesoriile versatile lasa partile metalice, gresia, plitele, hotele de evacuare precum \u0219i micile spatii \u0219i cr\u0103p\u0103turi, igienizate. De asemenea si murd\u0103ria \u00eentarita este eliminata rapid. Cu realimentarea continuua a rezervorului de ap\u0103 deta\u0219abil se permite cur\u0103\u021barea non-stop. SC 4 cur\u0103\u021b\u0103 f\u0103r\u0103 chimicale \u0219i este potrivit pentru a fi utilizat in locuinta, cur\u0103\u021barea complet\u0103 cu aparatele cu abur K\u00e4rcher eliminana 99,99% din toate bacteriile comune de pe suprafete dure din casa.<\/p>\n<p>CARACTERISTICI SI BENEFICII<\/p>\n<p>Protec\u021bie impotriva accesului copiilor<br \/>\nSupapa de siguran\u021b\u0103<br \/>\nReglarea debitului de abur, Pe m\u00e2ner<br \/>\nP\u00e2lnie de umplere integrat\u0103.<br \/>\nSistem cu dou\u0103 rezervoare<br \/>\nSet pentru Cura\u0163area podelelor, EasyFix + \u021bevi de prelungire (2 x 0,5m)<br \/>\nAccesorii, duz\u0103 de m\u00e2n\u0103, duz\u0103 de finisare, perie rotund\u0103 (mic\u0103)<br \/>\nLavet\u0103 din microfibr\u0103, 1 Pieces<br \/>\nHus\u0103 de microfibr\u0103 pentru duza de m\u00e2n\u0103, 1 buc.<br \/>\nDepozitare accesorii \u0219i pozitie de sta\u021bionare<br \/>\nFurtun abur cu pistol, 2 m<br \/>\nComutator integrat de pornire\/ oprire<br \/>\n\u0162eava de prelungire (2 x 0,5 m)<\/p>\n<p>Certificat de testare*<br \/>\nUcide p\u00e2n\u0103 la 99,999% din coronavirus * \u0219i 99,99% bacterii **<br \/>\nRandament de cur\u0103\u021bare per rezervor (m\u00b2) 100<br \/>\nCapacitate de \u00eenc\u0103lzire (W) 2000<br \/>\nPresiune max. Abur (bar) 3,5<br \/>\nLungime cablu (m) 4<br \/>\nTimp de \u00eenc\u0103lzire 4<br \/>\nBoiler \/ capacitate rezervor (l) 0,5 \/ 0,8 \/ (rezervor deta\u0219abil)<br \/>\nTipul de curent (Ph\/V\/Hz) 1 \/ 220 \u2013 240 \/ 50 \u2013 60<br \/>\nGreutatea f\u0103r\u0103 accesorii (kg) 4,05<br \/>\nGreutate cu ambalaj (kg) 5,828<br \/>\nDimensiuni (L x l x H) (mm) 380 x 251 x 273<\/p>","protected":false},"featured_media":63742,"template":"","meta":{"_acf_changed":false},"product_brand":[],"product_cat":[8547],"product_tag":[],"class_list":{"0":"post-63707","1":"product","2":"type-product","3":"status-publish","4":"has-post-thumbnail","6":"product_cat-aparate-de-curatat-cu-aburi","8":"first","9":"instock","10":"shipping-taxable","11":"purchasable","12":"product-type-simple"},"acf":[],"_links":{"self":[{"href":"https:\/\/tehnomag.md\/ru\/wp-json\/wp\/v2\/product\/63707","targetHints":{"allow":["GET"]}}],"collection":[{"href":"https:\/\/tehnomag.md\/ru\/wp-json\/wp\/v2\/product"}],"about":[{"href":"https:\/\/tehnomag.md\/ru\/wp-json\/wp\/v2\/types\/product"}],"wp:featuredmedia":[{"embeddable":true,"href":"https:\/\/tehnomag.md\/ru\/wp-json\/wp\/v2\/media\/63742"}],"wp:attachment":[{"href":"https:\/\/tehnomag.md\/ru\/wp-json\/wp\/v2\/media?parent=63707"}],"wp:term":[{"taxonomy":"product_brand","embeddable":true,"href":"https:\/\/tehnomag.md\/ru\/wp-json\/wp\/v2\/product_brand?post=63707"},{"taxonomy":"product_cat","embeddable":true,"href":"https:\/\/tehnomag.md\/ru\/wp-json\/wp\/v2\/product_cat?post=63707"},{"taxonomy":"product_tag","embeddable":true,"href":"https:\/\/tehnomag.md\/ru\/wp-json\/wp\/v2\/product_tag?post=63707"}],"curies":[{"name":"wp","href":"https:\/\/api.w.org\/{rel}","templated":true}]}}