{"id":63706,"date":"2025-06-24T09:57:50","date_gmt":"2025-06-24T09:57:50","guid":{"rendered":"https:\/\/tehnomag.md\/?post_type=product&#038;p=63706"},"modified":"2025-07-19T08:14:44","modified_gmt":"2025-07-19T08:14:44","slug":"aparat-de-curatat-cu-abur-karcher-sc-2-easyfix-new-1-512-600-0","status":"publish","type":"product","link":"https:\/\/tehnomag.md\/ru\/catalog\/produse-pentru-casa\/aparate-de-curatat-cu-aburi\/aparat-de-curatat-cu-abur-karcher-sc-2-easyfix-new-1-512-600-0\/","title":{"rendered":"Aparat de cura\u021bat cu abur KARCHER SC 2 EasyFix New  1.512-600.0"},"content":{"rendered":"<p>Specifica\u021bii<\/p>\n<p>Certificat de testare*<br \/>\nOmoara pana la 99,999% dintre coronavirusuri* si pana la 99,99% dintre bacterii**<br \/>\nProductivitatea suprafe\u021bei (\u00eenainte de realimentare) (m\u00b2) -75<br \/>\nPuterea \u00eenc\u0103lzitorului (W) -1500<br \/>\nMax. presiunea aburului (bar) -3,2<br \/>\nLungimea cablului (m)-4<br \/>\nTimp de \u00eenc\u0103lzire (min) -6,5<br \/>\n\u00cenc\u0103lzitor \/ Rezervor deta\u0219abil (l)-1<br \/>\nAlimentare (~\/V\/Hz)<br \/>\n1 \/ 220 \u2013 240 \/ 50 \u2013 60<br \/>\nGreutate fara accesorii (kg) -2,9<br \/>\nGreutate incl. ambalaj (kg) -4.584<br \/>\nDimensiuni (L x l x H) (mm)<br \/>\n380 x 254 x 260<\/p>\n<p>Echipamente<br \/>\nP\u00e2nz\u0103 universal\u0103 pentru podea EasyFix: 1 buc. Capac din microfibr\u0103 pentru duza de m\u00e2n\u0103: 1 buc. Duz\u0103 punctualDuz\u0103 de m\u00e2n\u0103 Perie rotund\u0103, neagr\u0103: 1 buc. Duz\u0103 pentru podea: EasyFixTuburi de prelungire (2 x 0,5 m) Supap\u0103 de siguran\u021b\u0103Regulator debit de abur: pe m\u00e2ner (dou\u0103- etap\u0103) Furtun de abur cu pistol: 2,2 m Depozitarea accesoriilor pe corp.<\/p>","protected":false},"excerpt":{"rendered":"<p>Specifica\u021bii<\/p>\n<p>Certificat de testare*<br \/>\nOmoara pana la 99,999% dintre coronavirusuri* si pana la 99,99% dintre bacterii**<br \/>\nProductivitatea suprafe\u021bei (\u00eenainte de realimentare) (m\u00b2) -75<br \/>\nPuterea \u00eenc\u0103lzitorului (W) -1500<br \/>\nMax. presiunea aburului (bar) -3,2<br \/>\nLungimea cablului (m)-4<br \/>\nTimp de \u00eenc\u0103lzire (min) -6,5<br \/>\n\u00cenc\u0103lzitor \/ Rezervor deta\u0219abil (l)-1<br \/>\nAlimentare (~\/V\/Hz)<br \/>\n1 \/ 220 \u2013 240 \/ 50 \u2013 60<br \/>\nGreutate fara accesorii (kg) -2,9<br \/>\nGreutate incl. ambalaj (kg) -4.584<br \/>\nDimensiuni (L x l x H) (mm)<br \/>\n380 x 254 x 260<\/p>\n<p>Echipamente<br \/>\nP\u00e2nz\u0103 universal\u0103 pentru podea EasyFix: 1 buc. Capac din microfibr\u0103 pentru duza de m\u00e2n\u0103: 1 buc. Duz\u0103 punctualDuz\u0103 de m\u00e2n\u0103 Perie rotund\u0103, neagr\u0103: 1 buc. Duz\u0103 pentru podea: EasyFixTuburi de prelungire (2 x 0,5 m) Supap\u0103 de siguran\u021b\u0103Regulator debit de abur: pe m\u00e2ner (dou\u0103- etap\u0103) Furtun de abur cu pistol: 2,2 m Depozitarea accesoriilor pe corp.<\/p>","protected":false},"featured_media":63739,"template":"","meta":{"_acf_changed":false},"product_brand":[],"product_cat":[8547],"product_tag":[],"class_list":{"0":"post-63706","1":"product","2":"type-product","3":"status-publish","4":"has-post-thumbnail","6":"product_cat-aparate-de-curatat-cu-aburi","8":"first","9":"instock","10":"shipping-taxable","11":"purchasable","12":"product-type-simple"},"acf":[],"_links":{"self":[{"href":"https:\/\/tehnomag.md\/ru\/wp-json\/wp\/v2\/product\/63706","targetHints":{"allow":["GET"]}}],"collection":[{"href":"https:\/\/tehnomag.md\/ru\/wp-json\/wp\/v2\/product"}],"about":[{"href":"https:\/\/tehnomag.md\/ru\/wp-json\/wp\/v2\/types\/product"}],"wp:featuredmedia":[{"embeddable":true,"href":"https:\/\/tehnomag.md\/ru\/wp-json\/wp\/v2\/media\/63739"}],"wp:attachment":[{"href":"https:\/\/tehnomag.md\/ru\/wp-json\/wp\/v2\/media?parent=63706"}],"wp:term":[{"taxonomy":"product_brand","embeddable":true,"href":"https:\/\/tehnomag.md\/ru\/wp-json\/wp\/v2\/product_brand?post=63706"},{"taxonomy":"product_cat","embeddable":true,"href":"https:\/\/tehnomag.md\/ru\/wp-json\/wp\/v2\/product_cat?post=63706"},{"taxonomy":"product_tag","embeddable":true,"href":"https:\/\/tehnomag.md\/ru\/wp-json\/wp\/v2\/product_tag?post=63706"}],"curies":[{"name":"wp","href":"https:\/\/api.w.org\/{rel}","templated":true}]}}