{"id":63704,"date":"2025-06-24T09:57:49","date_gmt":"2025-06-24T09:57:49","guid":{"rendered":"https:\/\/tehnomag.md\/?post_type=product&#038;p=63704"},"modified":"2025-07-19T08:14:44","modified_gmt":"2025-07-19T08:14:44","slug":"aspirator-cu-abur-karcher-sc-1-1-516-400-0","status":"publish","type":"product","link":"https:\/\/tehnomag.md\/ru\/catalog\/produse-pentru-casa\/aparate-de-curatat-cu-aburi\/aspirator-cu-abur-karcher-sc-1-1-516-400-0\/","title":{"rendered":"Aspirator cu abur  KARCHER SC 1 1.516-400.0"},"content":{"rendered":"<p>Aparatul de curatat cu abur K\u00e4rcher SC 1 este ideal pentru o curatare temeinica care ucide 99,99% din toate bacteriile de uz casnic comune pe suprafete dure din jurul casei. Datorita dimensiunilor sale compacte, la indemana, acest aspirator cu abur portabil este ideal pentru o curatare rapida si completa. Accesoriile versatile si jetul puternic de abur lasa toate suprafetele dure, cum ar fi fitinguri, gresie, plite si hote de evacuare, stralucitor de curate. Indeparteaza murdaria intarita, reziduurile de calcar si unsoare, in cel mai scurt timp. Multumita dimensiunii compacte acesta ocupa spatii reduse de depozitare.<\/p>\n<p>Date tehnice<br \/>\nCertificat de testare*  Ucide p\u00e2n\u0103 la 99,999% din coronavirus * \u0219i 99,99% bacterii **<br \/>\nRandament de cur\u0103\u021bare per rezervor (m\u00b2)  20<br \/>\nCapacitate de \u00eenc\u0103lzire (W)  1200<br \/>\nPresiune max. Abur (bar)  3<br \/>\nLungime cablu (m)  4<br \/>\nTimp de \u00eenc\u0103lzire  3<br \/>\nBoiler \/ capacitate rezervor (l)  0,2<br \/>\nTipul de curent (V\/Hz)  220 \u2013 240 \/ 50 \u2013 60<br \/>\nGreutatea f\u0103r\u0103 accesorii (kg)  1,58<br \/>\nGreutate cu ambalaj (kg)  2,288<br \/>\nDimensiuni (L x l x H) (mm)  321 x 127 x 186<\/p>\n<p>Echipament<br \/>\nProtec\u021bie impotriva accesului copiilor<br \/>\nSupapa de siguran\u021b\u0103<br \/>\nP\u00e2lnie de umplere integrat\u0103.<br \/>\nAccesorii, duza de mana, duza de finisare, duza de putere, perie rotunda (mica), cupa de masurare<br \/>\nHus\u0103 de microfibr\u0103 pentru duza de m\u00e2n\u0103, 1 buc.<\/p>","protected":false},"excerpt":{"rendered":"<p>Aparatul de curatat cu abur K\u00e4rcher SC 1 este ideal pentru o curatare temeinica care ucide 99,99% din toate bacteriile de uz casnic comune pe suprafete dure din jurul casei. Datorita dimensiunilor sale compacte, la indemana, acest aspirator cu abur portabil este ideal pentru o curatare rapida si completa. Accesoriile versatile si jetul puternic de abur lasa toate suprafetele dure, cum ar fi fitinguri, gresie, plite si hote de evacuare, stralucitor de curate. Indeparteaza murdaria intarita, reziduurile de calcar si unsoare, in cel mai scurt timp. Multumita dimensiunii compacte acesta ocupa spatii reduse de depozitare.<\/p>\n<p>Date tehnice<br \/>\nCertificat de testare*  Ucide p\u00e2n\u0103 la 99,999% din coronavirus * \u0219i 99,99% bacterii **<br \/>\nRandament de cur\u0103\u021bare per rezervor (m\u00b2)  20<br \/>\nCapacitate de \u00eenc\u0103lzire (W)  1200<br \/>\nPresiune max. Abur (bar)  3<br \/>\nLungime cablu (m)  4<br \/>\nTimp de \u00eenc\u0103lzire  3<br \/>\nBoiler \/ capacitate rezervor (l)  0,2<br \/>\nTipul de curent (V\/Hz)  220 \u2013 240 \/ 50 \u2013 60<br \/>\nGreutatea f\u0103r\u0103 accesorii (kg)  1,58<br \/>\nGreutate cu ambalaj (kg)  2,288<br \/>\nDimensiuni (L x l x H) (mm)  321 x 127 x 186<\/p>\n<p>Echipament<br \/>\nProtec\u021bie impotriva accesului copiilor<br \/>\nSupapa de siguran\u021b\u0103<br \/>\nP\u00e2lnie de umplere integrat\u0103.<br \/>\nAccesorii, duza de mana, duza de finisare, duza de putere, perie rotunda (mica), cupa de masurare<br \/>\nHus\u0103 de microfibr\u0103 pentru duza de m\u00e2n\u0103, 1 buc.<\/p>","protected":false},"featured_media":63736,"template":"","meta":{"_acf_changed":false},"product_brand":[],"product_cat":[8547],"product_tag":[],"class_list":{"0":"post-63704","1":"product","2":"type-product","3":"status-publish","4":"has-post-thumbnail","6":"product_cat-aparate-de-curatat-cu-aburi","8":"first","9":"instock","10":"shipping-taxable","11":"purchasable","12":"product-type-simple"},"acf":[],"_links":{"self":[{"href":"https:\/\/tehnomag.md\/ru\/wp-json\/wp\/v2\/product\/63704","targetHints":{"allow":["GET"]}}],"collection":[{"href":"https:\/\/tehnomag.md\/ru\/wp-json\/wp\/v2\/product"}],"about":[{"href":"https:\/\/tehnomag.md\/ru\/wp-json\/wp\/v2\/types\/product"}],"wp:featuredmedia":[{"embeddable":true,"href":"https:\/\/tehnomag.md\/ru\/wp-json\/wp\/v2\/media\/63736"}],"wp:attachment":[{"href":"https:\/\/tehnomag.md\/ru\/wp-json\/wp\/v2\/media?parent=63704"}],"wp:term":[{"taxonomy":"product_brand","embeddable":true,"href":"https:\/\/tehnomag.md\/ru\/wp-json\/wp\/v2\/product_brand?post=63704"},{"taxonomy":"product_cat","embeddable":true,"href":"https:\/\/tehnomag.md\/ru\/wp-json\/wp\/v2\/product_cat?post=63704"},{"taxonomy":"product_tag","embeddable":true,"href":"https:\/\/tehnomag.md\/ru\/wp-json\/wp\/v2\/product_tag?post=63704"}],"curies":[{"name":"wp","href":"https:\/\/api.w.org\/{rel}","templated":true}]}}