{"id":63703,"date":"2025-06-24T09:57:49","date_gmt":"2025-06-24T09:57:49","guid":{"rendered":"https:\/\/tehnomag.md\/?post_type=product&#038;p=63703"},"modified":"2025-07-19T08:14:44","modified_gmt":"2025-07-19T08:14:44","slug":"aspirator-cu-abur-karcher-sv-7-karcher-1-439-490-0","status":"publish","type":"product","link":"https:\/\/tehnomag.md\/ru\/catalog\/produse-pentru-casa\/aparate-de-curatat-cu-aburi\/aspirator-cu-abur-karcher-sv-7-karcher-1-439-490-0\/","title":{"rendered":"Aspirator cu abur KARCHER SV 7 KARCHER 1.439-490.0"},"content":{"rendered":"<p>Aspiratorul cu abur SV 7 oferit de K\u00e4rcher combin\u0103 avantajele unui aspirator cu abur \u0219i al unui aspirator uscat. Cu ajutorul acestuia, pute\u021bi, de exemplu, s\u0103 \u00eendep\u0103rta\u021bi simultan resturile v\u0103rsate, s\u0103 cur\u0103\u021ba\u021bi podeaua umed\u0103 \u0219i s\u0103 o usca\u021bi imediat. Un astfel de dispozitiv versatil, cu accesorii adecvate, garanteaz\u0103 o cur\u0103\u021benie impecabil\u0103 \u00een \u00eentreaga ta cas\u0103 &#8211; u\u0219or, convenabil, economise\u0219te timp \u0219i f\u0103r\u0103 a folosi produse de cur\u0103\u021bare.<\/p>\n<p>Specifica\u021bii<br \/>\nMax. putere (W) 2200<br \/>\nVolumul apei (l) 0,45<br \/>\nRezervor de completare (l) 0,5<br \/>\nMax. presiunea aburului (bar) 4<br \/>\nFiltru de ap\u0103 (l) 1.2<br \/>\nVide (mbar\/kPa) 210 \/ 21<br \/>\nLungimea cablului (m) 6<br \/>\nTimp de \u00eenc\u0103lzire (min) 5<br \/>\nDebit de abur (g\/h) 65<br \/>\nSistem de filtrare Sistem de filtrare pe mai multe niveluri<br \/>\nPuterea \u00eenc\u0103lzitorului (W) 1100<br \/>\nPosibilitate de completare f\u0103r\u0103 a opri 1<br \/>\nVolum suplimentar de aspirare (l) 0,6<br \/>\nGreutate f\u0103r\u0103 accesorii (kg) 9.4<br \/>\nGreutate incl. ambalaj (kg) 15.592<br \/>\nDimensiuni (L x L x A) (mm) 515 x 336 x 340<\/p>","protected":false},"excerpt":{"rendered":"<p>Aspiratorul cu abur SV 7 oferit de K\u00e4rcher combin\u0103 avantajele unui aspirator cu abur \u0219i al unui aspirator uscat. Cu ajutorul acestuia, pute\u021bi, de exemplu, s\u0103 \u00eendep\u0103rta\u021bi simultan resturile v\u0103rsate, s\u0103 cur\u0103\u021ba\u021bi podeaua umed\u0103 \u0219i s\u0103 o usca\u021bi imediat. Un astfel de dispozitiv versatil, cu accesorii adecvate, garanteaz\u0103 o cur\u0103\u021benie impecabil\u0103 \u00een \u00eentreaga ta cas\u0103 &#8211; u\u0219or, convenabil, economise\u0219te timp \u0219i f\u0103r\u0103 a folosi produse de cur\u0103\u021bare.<\/p>\n<p>Specifica\u021bii<br \/>\nMax. putere (W) 2200<br \/>\nVolumul apei (l) 0,45<br \/>\nRezervor de completare (l) 0,5<br \/>\nMax. presiunea aburului (bar) 4<br \/>\nFiltru de ap\u0103 (l) 1.2<br \/>\nVide (mbar\/kPa) 210 \/ 21<br \/>\nLungimea cablului (m) 6<br \/>\nTimp de \u00eenc\u0103lzire (min) 5<br \/>\nDebit de abur (g\/h) 65<br \/>\nSistem de filtrare Sistem de filtrare pe mai multe niveluri<br \/>\nPuterea \u00eenc\u0103lzitorului (W) 1100<br \/>\nPosibilitate de completare f\u0103r\u0103 a opri 1<br \/>\nVolum suplimentar de aspirare (l) 0,6<br \/>\nGreutate f\u0103r\u0103 accesorii (kg) 9.4<br \/>\nGreutate incl. ambalaj (kg) 15.592<br \/>\nDimensiuni (L x L x A) (mm) 515 x 336 x 340<\/p>","protected":false},"featured_media":63734,"template":"","meta":{"_acf_changed":false},"product_brand":[],"product_cat":[8547],"product_tag":[],"class_list":{"0":"post-63703","1":"product","2":"type-product","3":"status-publish","4":"has-post-thumbnail","6":"product_cat-aparate-de-curatat-cu-aburi","8":"first","9":"instock","10":"shipping-taxable","11":"purchasable","12":"product-type-simple"},"acf":[],"_links":{"self":[{"href":"https:\/\/tehnomag.md\/ru\/wp-json\/wp\/v2\/product\/63703","targetHints":{"allow":["GET"]}}],"collection":[{"href":"https:\/\/tehnomag.md\/ru\/wp-json\/wp\/v2\/product"}],"about":[{"href":"https:\/\/tehnomag.md\/ru\/wp-json\/wp\/v2\/types\/product"}],"wp:featuredmedia":[{"embeddable":true,"href":"https:\/\/tehnomag.md\/ru\/wp-json\/wp\/v2\/media\/63734"}],"wp:attachment":[{"href":"https:\/\/tehnomag.md\/ru\/wp-json\/wp\/v2\/media?parent=63703"}],"wp:term":[{"taxonomy":"product_brand","embeddable":true,"href":"https:\/\/tehnomag.md\/ru\/wp-json\/wp\/v2\/product_brand?post=63703"},{"taxonomy":"product_cat","embeddable":true,"href":"https:\/\/tehnomag.md\/ru\/wp-json\/wp\/v2\/product_cat?post=63703"},{"taxonomy":"product_tag","embeddable":true,"href":"https:\/\/tehnomag.md\/ru\/wp-json\/wp\/v2\/product_tag?post=63703"}],"curies":[{"name":"wp","href":"https:\/\/api.w.org\/{rel}","templated":true}]}}