{"id":63658,"date":"2025-06-24T09:57:31","date_gmt":"2025-06-24T09:57:31","guid":{"rendered":"https:\/\/tehnomag.md\/?post_type=product&#038;p=63658"},"modified":"2025-07-19T08:14:43","modified_gmt":"2025-07-19T08:14:43","slug":"generator-de-abur-1-512-450-0-karcher-1-512-450-0","status":"publish","type":"product","link":"https:\/\/tehnomag.md\/ru\/catalog\/produse-pentru-casa\/aparate-de-curatat-cu-aburi\/generator-de-abur-1-512-450-0-karcher-1-512-450-0\/","title":{"rendered":"Generator de abur 1.512-450.0 KARCHER 1.512-450.0"},"content":{"rendered":"<p>Aparatul de cur\u0103\u021bat cu abur K\u00e4rcher SC 4 se descurc\u0103 la fel de bine cu cur\u0103\u021barea pardoselilor din gresie, piatr\u0103 \u0219i alte materiale dure rezistente la temperatur\u0103, ceea ce face u\u0219oar\u0103 cur\u0103\u021barea petelor dificile din baie \u0219i buc\u0103t\u0103rie, cur\u0103\u021barea sticlei, oglinzilor \u0219i pl\u0103cilor ceramice. Dispozitivul v\u0103 permite s\u0103 elimina\u021bi aproape complet utilizarea substan\u021belor chimice de uz casnic, ceea ce este deosebit de important dac\u0103 \u00een cas\u0103 exist\u0103 copii mici \u0219i persoane predispuse la alergii. Datorit\u0103 fierului de c\u0103lcat cu abur inclus, setul de c\u0103lcat SC 4 poate fi folosit \u0219i pentru c\u0103lcat. Aburul intensiv garanteaz\u0103 o c\u0103lcare excelent\u0103 cu economii de p\u00e2n\u0103 la 50% din timp.<\/p>\n<p>Specifica\u021bii<\/p>\n<p>Capacitate pe suprafa\u021b\u0103 (m\u00b2) 100<br \/>\nPuterea \u00eenc\u0103lzitorului (W) 2000<br \/>\nMax. presiunea aburului (bar) 3.5<br \/>\nTimp de \u00eenc\u0103lzire (min) 4<br \/>\nCazan \/ Rezervor detasabil (l) 0,5 \/ 0,8<br \/>\nTensiune (V) 220 &#8211; 240<br \/>\nFrecven\u021b\u0103 (Hz) 50 &#8211; 60<br \/>\nGreutate f\u0103r\u0103 accesorii (kg) 4<br \/>\nDimensiuni (lungime x latime x inaltime) (mm) 380 x 251 x 273<\/p>","protected":false},"excerpt":{"rendered":"<p>Aparatul de cur\u0103\u021bat cu abur K\u00e4rcher SC 4 se descurc\u0103 la fel de bine cu cur\u0103\u021barea pardoselilor din gresie, piatr\u0103 \u0219i alte materiale dure rezistente la temperatur\u0103, ceea ce face u\u0219oar\u0103 cur\u0103\u021barea petelor dificile din baie \u0219i buc\u0103t\u0103rie, cur\u0103\u021barea sticlei, oglinzilor \u0219i pl\u0103cilor ceramice. Dispozitivul v\u0103 permite s\u0103 elimina\u021bi aproape complet utilizarea substan\u021belor chimice de uz casnic, ceea ce este deosebit de important dac\u0103 \u00een cas\u0103 exist\u0103 copii mici \u0219i persoane predispuse la alergii. Datorit\u0103 fierului de c\u0103lcat cu abur inclus, setul de c\u0103lcat SC 4 poate fi folosit \u0219i pentru c\u0103lcat. Aburul intensiv garanteaz\u0103 o c\u0103lcare excelent\u0103 cu economii de p\u00e2n\u0103 la 50% din timp.<\/p>\n<p>Specifica\u021bii<\/p>\n<p>Capacitate pe suprafa\u021b\u0103 (m\u00b2) 100<br \/>\nPuterea \u00eenc\u0103lzitorului (W) 2000<br \/>\nMax. presiunea aburului (bar) 3.5<br \/>\nTimp de \u00eenc\u0103lzire (min) 4<br \/>\nCazan \/ Rezervor detasabil (l) 0,5 \/ 0,8<br \/>\nTensiune (V) 220 &#8211; 240<br \/>\nFrecven\u021b\u0103 (Hz) 50 &#8211; 60<br \/>\nGreutate f\u0103r\u0103 accesorii (kg) 4<br \/>\nDimensiuni (lungime x latime x inaltime) (mm) 380 x 251 x 273<\/p>","protected":false},"featured_media":63701,"template":"","meta":{"_acf_changed":false},"product_brand":[],"product_cat":[8547],"product_tag":[],"class_list":{"0":"post-63658","1":"product","2":"type-product","3":"status-publish","4":"has-post-thumbnail","6":"product_cat-aparate-de-curatat-cu-aburi","8":"first","9":"instock","10":"shipping-taxable","11":"purchasable","12":"product-type-simple"},"acf":[],"_links":{"self":[{"href":"https:\/\/tehnomag.md\/ru\/wp-json\/wp\/v2\/product\/63658","targetHints":{"allow":["GET"]}}],"collection":[{"href":"https:\/\/tehnomag.md\/ru\/wp-json\/wp\/v2\/product"}],"about":[{"href":"https:\/\/tehnomag.md\/ru\/wp-json\/wp\/v2\/types\/product"}],"wp:featuredmedia":[{"embeddable":true,"href":"https:\/\/tehnomag.md\/ru\/wp-json\/wp\/v2\/media\/63701"}],"wp:attachment":[{"href":"https:\/\/tehnomag.md\/ru\/wp-json\/wp\/v2\/media?parent=63658"}],"wp:term":[{"taxonomy":"product_brand","embeddable":true,"href":"https:\/\/tehnomag.md\/ru\/wp-json\/wp\/v2\/product_brand?post=63658"},{"taxonomy":"product_cat","embeddable":true,"href":"https:\/\/tehnomag.md\/ru\/wp-json\/wp\/v2\/product_cat?post=63658"},{"taxonomy":"product_tag","embeddable":true,"href":"https:\/\/tehnomag.md\/ru\/wp-json\/wp\/v2\/product_tag?post=63658"}],"curies":[{"name":"wp","href":"https:\/\/api.w.org\/{rel}","templated":true}]}}