{"id":63657,"date":"2025-06-24T09:57:31","date_gmt":"2025-06-24T09:57:31","guid":{"rendered":"https:\/\/tehnomag.md\/?post_type=product&#038;p=63657"},"modified":"2025-07-19T08:14:43","modified_gmt":"2025-07-19T08:14:43","slug":"masa-de-calcat-karcher-ab-1000-2-884-933-0","status":"publish","type":"product","link":"https:\/\/tehnomag.md\/ru\/catalog\/produse-pentru-casa\/mese-de-calcat\/masa-de-calcat-karcher-ab-1000-2-884-933-0\/","title":{"rendered":"Masa de calcat KARCHER AB 1000 (2.884-933.0)"},"content":{"rendered":"<p>Cu func\u021bie de purjare \u0219i sistem activ de aspirare a aburului, instalat \u00een 6 pozi\u021bii de \u00een\u0103l\u021bime. Func\u021bia de suflare creeaz\u0103 o pern\u0103 de aer prin care c\u0103lcarea este rapid\u0103 \u0219i u\u0219oar\u0103. Func\u021bia de aspirare a aburului asigur\u0103 p\u0103trunderea acestuia \u00een \u021bes\u0103tur\u0103, ceea ce asigur\u0103 rezultate de c\u0103lcare impecabile.<\/p>\n<p>CARACTERISTICI \u0218I BENEFICII<\/p>\n<p>Suport de fier<br \/>\nU\u0219urin\u021ba \u0219i confortul utiliz\u0103rii fierului de c\u0103lcat<br \/>\nEliminarea activ\u0103 a aburului<br \/>\nP\u0103trunderea optim\u0103 a aburului prin textile<br \/>\nFixare bun\u0103 a textilelor pe masa de c\u0103lcat, textilele nu alunec\u0103 de pe mas\u0103 \u00een timpul c\u0103lc\u0103rii<br \/>\nEvacuarea aburului usuc\u0103 \u021bes\u0103turile, astfel \u00eenc\u00e2t acestea s\u0103 poat\u0103 fi ag\u0103\u021bate imediat<br \/>\nFunc\u021bia de purjare<br \/>\nPosibilitate de c\u0103lcat \u021bes\u0103turi \u00een mai multe straturi<br \/>\nCu o pern\u0103 de aer, chiar \u0219i textilele groase pot fi c\u0103lcate cu u\u0219urin\u021b\u0103, f\u0103r\u0103 cute<br \/>\nC\u00e2rlig pentru ma\u0219ina de cur\u0103\u021bat cu abur<br \/>\nDepozitarea compact\u0103 a ma\u0219inii de cur\u0103\u021bat cu abur pe masa de c\u0103lcat<br \/>\nAjustarea \u00een\u0103l\u021bimii<br \/>\nLucru ergonomic datorit\u0103 adapt\u0103rii optime la \u00een\u0103l\u021bime<br \/>\nSuport cablu<br \/>\nFurtunul de abur nu interfereaz\u0103 cu procesul de c\u0103lcare<br \/>\nAjustabil pentru dreptaci \u0219i st\u00e2ngaci<\/p>\n<p>Specifica\u021bii<br \/>\nGreutate (kg) 8,52<br \/>\nGreutate incl. ambalaj (kg) 11.944<br \/>\nDimensiuni (L x l x H) (mm)<br \/>\n1480 x 460 x 1020<\/p>","protected":false},"excerpt":{"rendered":"<p>Cu func\u021bie de purjare \u0219i sistem activ de aspirare a aburului, instalat \u00een 6 pozi\u021bii de \u00een\u0103l\u021bime. Func\u021bia de suflare creeaz\u0103 o pern\u0103 de aer prin care c\u0103lcarea este rapid\u0103 \u0219i u\u0219oar\u0103. Func\u021bia de aspirare a aburului asigur\u0103 p\u0103trunderea acestuia \u00een \u021bes\u0103tur\u0103, ceea ce asigur\u0103 rezultate de c\u0103lcare impecabile.<\/p>\n<p>CARACTERISTICI \u0218I BENEFICII<\/p>\n<p>Suport de fier<br \/>\nU\u0219urin\u021ba \u0219i confortul utiliz\u0103rii fierului de c\u0103lcat<br \/>\nEliminarea activ\u0103 a aburului<br \/>\nP\u0103trunderea optim\u0103 a aburului prin textile<br \/>\nFixare bun\u0103 a textilelor pe masa de c\u0103lcat, textilele nu alunec\u0103 de pe mas\u0103 \u00een timpul c\u0103lc\u0103rii<br \/>\nEvacuarea aburului usuc\u0103 \u021bes\u0103turile, astfel \u00eenc\u00e2t acestea s\u0103 poat\u0103 fi ag\u0103\u021bate imediat<br \/>\nFunc\u021bia de purjare<br \/>\nPosibilitate de c\u0103lcat \u021bes\u0103turi \u00een mai multe straturi<br \/>\nCu o pern\u0103 de aer, chiar \u0219i textilele groase pot fi c\u0103lcate cu u\u0219urin\u021b\u0103, f\u0103r\u0103 cute<br \/>\nC\u00e2rlig pentru ma\u0219ina de cur\u0103\u021bat cu abur<br \/>\nDepozitarea compact\u0103 a ma\u0219inii de cur\u0103\u021bat cu abur pe masa de c\u0103lcat<br \/>\nAjustarea \u00een\u0103l\u021bimii<br \/>\nLucru ergonomic datorit\u0103 adapt\u0103rii optime la \u00een\u0103l\u021bime<br \/>\nSuport cablu<br \/>\nFurtunul de abur nu interfereaz\u0103 cu procesul de c\u0103lcare<br \/>\nAjustabil pentru dreptaci \u0219i st\u00e2ngaci<\/p>\n<p>Specifica\u021bii<br \/>\nGreutate (kg) 8,52<br \/>\nGreutate incl. ambalaj (kg) 11.944<br \/>\nDimensiuni (L x l x H) (mm)<br \/>\n1480 x 460 x 1020<\/p>","protected":false},"featured_media":63698,"template":"","meta":{"_acf_changed":false},"product_brand":[],"product_cat":[8543],"product_tag":[],"class_list":{"0":"post-63657","1":"product","2":"type-product","3":"status-publish","4":"has-post-thumbnail","6":"product_cat-mese-de-calcat","8":"first","9":"instock","10":"shipping-taxable","11":"purchasable","12":"product-type-simple"},"acf":[],"_links":{"self":[{"href":"https:\/\/tehnomag.md\/ru\/wp-json\/wp\/v2\/product\/63657","targetHints":{"allow":["GET"]}}],"collection":[{"href":"https:\/\/tehnomag.md\/ru\/wp-json\/wp\/v2\/product"}],"about":[{"href":"https:\/\/tehnomag.md\/ru\/wp-json\/wp\/v2\/types\/product"}],"wp:featuredmedia":[{"embeddable":true,"href":"https:\/\/tehnomag.md\/ru\/wp-json\/wp\/v2\/media\/63698"}],"wp:attachment":[{"href":"https:\/\/tehnomag.md\/ru\/wp-json\/wp\/v2\/media?parent=63657"}],"wp:term":[{"taxonomy":"product_brand","embeddable":true,"href":"https:\/\/tehnomag.md\/ru\/wp-json\/wp\/v2\/product_brand?post=63657"},{"taxonomy":"product_cat","embeddable":true,"href":"https:\/\/tehnomag.md\/ru\/wp-json\/wp\/v2\/product_cat?post=63657"},{"taxonomy":"product_tag","embeddable":true,"href":"https:\/\/tehnomag.md\/ru\/wp-json\/wp\/v2\/product_tag?post=63657"}],"curies":[{"name":"wp","href":"https:\/\/api.w.org\/{rel}","templated":true}]}}