{"id":63653,"date":"2025-06-24T09:57:31","date_gmt":"2025-06-24T09:57:31","guid":{"rendered":"https:\/\/tehnomag.md\/?post_type=product&#038;p=63653"},"modified":"2025-07-19T08:14:43","modified_gmt":"2025-07-19T08:14:43","slug":"convector-tesy-cn-03-200-mis-ip-24","status":"publish","type":"product","link":"https:\/\/tehnomag.md\/ru\/catalog\/instalatii-de-climatizare\/convectoare\/convector-tesy-cn-03-200-mis-ip-24\/","title":{"rendered":"Convector TESY CN 03 200 MIS IP 24"},"content":{"rendered":"<p>Tensiune nominal\u0103 [V \/ Hz] 230 V ~ \/ 50 Hz Element de \u00eenc\u0103lzire tubular\u0103 din o\u021bel inoxidabil cu aripioare de aluminiu pentru \u00eenc\u0103lzitor Termostat electronic Da Anti-\u00eenghe\u021b Da Termostat de siguran\u021b\u0103 Da Indicativ luminos Da IP24 Da Modul de control Wi-Fi Da Dimensiune ambalaj [Vis. Inul Latitude. ] [M] 0,500 x 0,142 x 0,870 [m] Dimensiunile generale ale unit\u0103\u021bii [Vis. Inul Latitude. ] [M] 0,450 x 0,085 x 0,830 [m] Greutate (net) [kg] 5,62 kg Greutate (brut) [kg] 6,80 kg Pentru camere p\u00e2n\u0103 la &#8211; p\u00e2n\u0103 la [m3] 40-60 m3<\/p>","protected":false},"excerpt":{"rendered":"<p>Tensiune nominal\u0103 [V \/ Hz] 230 V ~ \/ 50 Hz Element de \u00eenc\u0103lzire tubular\u0103 din o\u021bel inoxidabil cu aripioare de aluminiu pentru \u00eenc\u0103lzitor Termostat electronic Da Anti-\u00eenghe\u021b Da Termostat de siguran\u021b\u0103 Da Indicativ luminos Da IP24 Da Modul de control Wi-Fi Da Dimensiune ambalaj [Vis. Inul Latitude. ] [M] 0,500 x 0,142 x 0,870 [m] Dimensiunile generale ale unit\u0103\u021bii [Vis. Inul Latitude. ] [M] 0,450 x 0,085 x 0,830 [m] Greutate (net) [kg] 5,62 kg Greutate (brut) [kg] 6,80 kg Pentru camere p\u00e2n\u0103 la &#8211; p\u00e2n\u0103 la [m3] 40-60 m3<\/p>","protected":false},"featured_media":63694,"template":"","meta":{"_acf_changed":false},"product_brand":[],"product_cat":[8541],"product_tag":[],"class_list":{"0":"post-63653","1":"product","2":"type-product","3":"status-publish","4":"has-post-thumbnail","6":"product_cat-convectoare","8":"first","9":"instock","10":"shipping-taxable","11":"purchasable","12":"product-type-simple"},"acf":[],"_links":{"self":[{"href":"https:\/\/tehnomag.md\/ru\/wp-json\/wp\/v2\/product\/63653","targetHints":{"allow":["GET"]}}],"collection":[{"href":"https:\/\/tehnomag.md\/ru\/wp-json\/wp\/v2\/product"}],"about":[{"href":"https:\/\/tehnomag.md\/ru\/wp-json\/wp\/v2\/types\/product"}],"wp:featuredmedia":[{"embeddable":true,"href":"https:\/\/tehnomag.md\/ru\/wp-json\/wp\/v2\/media\/63694"}],"wp:attachment":[{"href":"https:\/\/tehnomag.md\/ru\/wp-json\/wp\/v2\/media?parent=63653"}],"wp:term":[{"taxonomy":"product_brand","embeddable":true,"href":"https:\/\/tehnomag.md\/ru\/wp-json\/wp\/v2\/product_brand?post=63653"},{"taxonomy":"product_cat","embeddable":true,"href":"https:\/\/tehnomag.md\/ru\/wp-json\/wp\/v2\/product_cat?post=63653"},{"taxonomy":"product_tag","embeddable":true,"href":"https:\/\/tehnomag.md\/ru\/wp-json\/wp\/v2\/product_tag?post=63653"}],"curies":[{"name":"wp","href":"https:\/\/api.w.org\/{rel}","templated":true}]}}