{"id":63652,"date":"2025-06-24T09:57:31","date_gmt":"2025-06-24T09:57:31","guid":{"rendered":"https:\/\/tehnomag.md\/?post_type=product&#038;p=63652"},"modified":"2025-07-19T08:14:42","modified_gmt":"2025-07-19T08:14:42","slug":"convector-tesy-cn-03-100-mis-f","status":"publish","type":"product","link":"https:\/\/tehnomag.md\/ru\/catalog\/instalatii-de-climatizare\/convectoare\/convector-tesy-cn-03-100-mis-f\/","title":{"rendered":"Convector TESY CN 03 100 MIS F"},"content":{"rendered":"<p>Tensiune nominal\u0103 [V \/ Hz] 220V ~ 50Hz Putere nominal\u0103 [W] 1000 W Element de \u00eenc\u0103lzire din aluminiu \u00een form\u0103 de X Termostat Da Termostat de siguran\u021b\u0103 Da Protec\u021bie \u00eempotriva stropirilor de ap\u0103 IP24 Dispozitiv antigel Da Instalare pe perete Dimensiuni [\u00cen\u0103l\u021bime. Shire. Lungime] [m] 0,400 x 0,105 x 0,550 m Greutate (net) [kg] 3,80 kg Pentru camerele cu volum de la &#8211; la [m3] 20-30<\/p>","protected":false},"excerpt":{"rendered":"<p>Tensiune nominal\u0103 [V \/ Hz] 220V ~ 50Hz Putere nominal\u0103 [W] 1000 W Element de \u00eenc\u0103lzire din aluminiu \u00een form\u0103 de X Termostat Da Termostat de siguran\u021b\u0103 Da Protec\u021bie \u00eempotriva stropirilor de ap\u0103 IP24 Dispozitiv antigel Da Instalare pe perete Dimensiuni [\u00cen\u0103l\u021bime. Shire. Lungime] [m] 0,400 x 0,105 x 0,550 m Greutate (net) [kg] 3,80 kg Pentru camerele cu volum de la &#8211; la [m3] 20-30<\/p>","protected":false},"featured_media":63693,"template":"","meta":{"_acf_changed":false},"product_brand":[],"product_cat":[8541],"product_tag":[],"class_list":{"0":"post-63652","1":"product","2":"type-product","3":"status-publish","4":"has-post-thumbnail","6":"product_cat-convectoare","8":"first","9":"instock","10":"shipping-taxable","11":"purchasable","12":"product-type-simple"},"acf":[],"_links":{"self":[{"href":"https:\/\/tehnomag.md\/ru\/wp-json\/wp\/v2\/product\/63652","targetHints":{"allow":["GET"]}}],"collection":[{"href":"https:\/\/tehnomag.md\/ru\/wp-json\/wp\/v2\/product"}],"about":[{"href":"https:\/\/tehnomag.md\/ru\/wp-json\/wp\/v2\/types\/product"}],"wp:featuredmedia":[{"embeddable":true,"href":"https:\/\/tehnomag.md\/ru\/wp-json\/wp\/v2\/media\/63693"}],"wp:attachment":[{"href":"https:\/\/tehnomag.md\/ru\/wp-json\/wp\/v2\/media?parent=63652"}],"wp:term":[{"taxonomy":"product_brand","embeddable":true,"href":"https:\/\/tehnomag.md\/ru\/wp-json\/wp\/v2\/product_brand?post=63652"},{"taxonomy":"product_cat","embeddable":true,"href":"https:\/\/tehnomag.md\/ru\/wp-json\/wp\/v2\/product_cat?post=63652"},{"taxonomy":"product_tag","embeddable":true,"href":"https:\/\/tehnomag.md\/ru\/wp-json\/wp\/v2\/product_tag?post=63652"}],"curies":[{"name":"wp","href":"https:\/\/api.w.org\/{rel}","templated":true}]}}