{"id":63649,"date":"2025-06-24T09:57:30","date_gmt":"2025-06-24T09:57:30","guid":{"rendered":"https:\/\/tehnomag.md\/?post_type=product&#038;p=63649"},"modified":"2025-07-19T08:14:42","modified_gmt":"2025-07-19T08:14:42","slug":"conditioner-inverter-artel-art-12hibf-36-inverter","status":"publish","type":"product","link":"https:\/\/tehnomag.md\/ru\/catalog\/instalatii-de-climatizare\/aparate-de-aer-conditionat\/conditioner-inverter-artel-art-12hibf-36-inverter\/","title":{"rendered":"Conditioner Inverter ARTEL ART-12HIBF 36 Inverter"},"content":{"rendered":"<p>Conditioner ARIELLI ARSIN 24R32<br \/>\nClasa energetic\u0103 A ++<br \/>\nClasa de \u00eenc\u0103lzire energetic\u0103 A + (zona central\u0103)<br \/>\nClasa energetic\u0103 A ++ (zona fierbinte)<br \/>\nInverter da<br \/>\nSuprafata: 50m2<br \/>\nDieta: \u00eenc\u0103lzire, r\u0103cire<br \/>\nIntervalul de temperatur\u0103 de operare (\u00b0 C): -15, 50<br \/>\nNivel de zgomot (\u00een interiorul unit\u0103\u021bii): 28-44 dB<br \/>\nNivel de zgomot (unitate extern\u0103): 59 dBA<br \/>\nPutere termic\u0103: 8790 W<br \/>\nPutere rece: 7950 W<br \/>\nDimensiuni (unitate interioar\u0103): 327x220x104 mm<br \/>\nDimensiuni (unitate exterioar\u0103): 702x845x363 mm<\/p>","protected":false},"excerpt":{"rendered":"<p>Conditioner ARIELLI ARSIN 24R32<br \/>\nClasa energetic\u0103 A ++<br \/>\nClasa de \u00eenc\u0103lzire energetic\u0103 A + (zona central\u0103)<br \/>\nClasa energetic\u0103 A ++ (zona fierbinte)<br \/>\nInverter da<br \/>\nSuprafata: 50m2<br \/>\nDieta: \u00eenc\u0103lzire, r\u0103cire<br \/>\nIntervalul de temperatur\u0103 de operare (\u00b0 C): -15, 50<br \/>\nNivel de zgomot (\u00een interiorul unit\u0103\u021bii): 28-44 dB<br \/>\nNivel de zgomot (unitate extern\u0103): 59 dBA<br \/>\nPutere termic\u0103: 8790 W<br \/>\nPutere rece: 7950 W<br \/>\nDimensiuni (unitate interioar\u0103): 327x220x104 mm<br \/>\nDimensiuni (unitate exterioar\u0103): 702x845x363 mm<\/p>","protected":false},"featured_media":63689,"template":"","meta":{"_acf_changed":false},"product_brand":[],"product_cat":[8540],"product_tag":[],"class_list":{"0":"post-63649","1":"product","2":"type-product","3":"status-publish","4":"has-post-thumbnail","6":"product_cat-aparate-de-aer-conditionat","8":"first","9":"instock","10":"shipping-taxable","11":"purchasable","12":"product-type-simple"},"acf":[],"_links":{"self":[{"href":"https:\/\/tehnomag.md\/ru\/wp-json\/wp\/v2\/product\/63649","targetHints":{"allow":["GET"]}}],"collection":[{"href":"https:\/\/tehnomag.md\/ru\/wp-json\/wp\/v2\/product"}],"about":[{"href":"https:\/\/tehnomag.md\/ru\/wp-json\/wp\/v2\/types\/product"}],"wp:featuredmedia":[{"embeddable":true,"href":"https:\/\/tehnomag.md\/ru\/wp-json\/wp\/v2\/media\/63689"}],"wp:attachment":[{"href":"https:\/\/tehnomag.md\/ru\/wp-json\/wp\/v2\/media?parent=63649"}],"wp:term":[{"taxonomy":"product_brand","embeddable":true,"href":"https:\/\/tehnomag.md\/ru\/wp-json\/wp\/v2\/product_brand?post=63649"},{"taxonomy":"product_cat","embeddable":true,"href":"https:\/\/tehnomag.md\/ru\/wp-json\/wp\/v2\/product_cat?post=63649"},{"taxonomy":"product_tag","embeddable":true,"href":"https:\/\/tehnomag.md\/ru\/wp-json\/wp\/v2\/product_tag?post=63649"}],"curies":[{"name":"wp","href":"https:\/\/api.w.org\/{rel}","templated":true}]}}