{"id":63643,"date":"2025-06-24T09:57:30","date_gmt":"2025-06-24T09:57:30","guid":{"rendered":"https:\/\/tehnomag.md\/?post_type=product&#038;p=63643"},"modified":"2025-07-19T08:14:42","modified_gmt":"2025-07-19T08:14:42","slug":"boiler-tesy-gcu-0715-g01-rc","status":"publish","type":"product","link":"https:\/\/tehnomag.md\/ru\/catalog\/instalatii-termice-si-sanitare\/bolier\/boiler-tesy-gcu-0715-g01-rc\/","title":{"rendered":"Boiler TESY GCU 0715 G01 RC"},"content":{"rendered":"<p>MARCA   Tesy<br \/>\nVolum   7 l.<br \/>\nTip \u00eenc\u0103lzitor de ap\u0103   Acumulare<br \/>\nMetoda de \u00eenc\u0103lzire Electric<br \/>\nPutere  1.5 kW<br \/>\nRezervor de strat exterior  Email<br \/>\nTEN uscat   Nu<br \/>\nMetoda de instalare Vertical (sub chiuvet\u0103)<br \/>\nDezaerator  Da<br \/>\nRegulator de temperatur\u0103    Da<br \/>\nDimensiuni LxAx\u00ce    315x278x315<br \/>\nSerie   GCU<br \/>\nTara de origine Bulgaria<br \/>\nGaran\u021bie    Rezervor de 24 luni\/ 12 de luni electric lun\u0103<\/p>","protected":false},"excerpt":{"rendered":"<p>MARCA   Tesy<br \/>\nVolum   7 l.<br \/>\nTip \u00eenc\u0103lzitor de ap\u0103   Acumulare<br \/>\nMetoda de \u00eenc\u0103lzire Electric<br \/>\nPutere  1.5 kW<br \/>\nRezervor de strat exterior  Email<br \/>\nTEN uscat   Nu<br \/>\nMetoda de instalare Vertical (sub chiuvet\u0103)<br \/>\nDezaerator  Da<br \/>\nRegulator de temperatur\u0103    Da<br \/>\nDimensiuni LxAx\u00ce    315x278x315<br \/>\nSerie   GCU<br \/>\nTara de origine Bulgaria<br \/>\nGaran\u021bie    Rezervor de 24 luni\/ 12 de luni electric lun\u0103<\/p>","protected":false},"featured_media":63682,"template":"","meta":{"_acf_changed":false},"product_brand":[],"product_cat":[8533],"product_tag":[],"class_list":{"0":"post-63643","1":"product","2":"type-product","3":"status-publish","4":"has-post-thumbnail","6":"product_cat-bolier","8":"first","9":"instock","10":"shipping-taxable","11":"purchasable","12":"product-type-simple"},"acf":[],"_links":{"self":[{"href":"https:\/\/tehnomag.md\/ru\/wp-json\/wp\/v2\/product\/63643","targetHints":{"allow":["GET"]}}],"collection":[{"href":"https:\/\/tehnomag.md\/ru\/wp-json\/wp\/v2\/product"}],"about":[{"href":"https:\/\/tehnomag.md\/ru\/wp-json\/wp\/v2\/types\/product"}],"wp:featuredmedia":[{"embeddable":true,"href":"https:\/\/tehnomag.md\/ru\/wp-json\/wp\/v2\/media\/63682"}],"wp:attachment":[{"href":"https:\/\/tehnomag.md\/ru\/wp-json\/wp\/v2\/media?parent=63643"}],"wp:term":[{"taxonomy":"product_brand","embeddable":true,"href":"https:\/\/tehnomag.md\/ru\/wp-json\/wp\/v2\/product_brand?post=63643"},{"taxonomy":"product_cat","embeddable":true,"href":"https:\/\/tehnomag.md\/ru\/wp-json\/wp\/v2\/product_cat?post=63643"},{"taxonomy":"product_tag","embeddable":true,"href":"https:\/\/tehnomag.md\/ru\/wp-json\/wp\/v2\/product_tag?post=63643"}],"curies":[{"name":"wp","href":"https:\/\/api.w.org\/{rel}","templated":true}]}}