{"id":63630,"date":"2025-06-24T09:57:29","date_gmt":"2025-06-24T09:57:29","guid":{"rendered":"https:\/\/tehnomag.md\/?post_type=product&#038;p=63630"},"modified":"2025-07-19T08:14:40","modified_gmt":"2025-07-19T08:14:40","slug":"boiler-vih-r-150-5-1","status":"publish","type":"product","link":"https:\/\/tehnomag.md\/ru\/catalog\/instalatii-termice-si-sanitare\/bolier\/boiler-vih-r-150-5-1\/","title":{"rendered":"Boiler VIH R 150\/5.1"},"content":{"rendered":"<p><p>Furnizarea de apa calda pe tot parcursul vie\u021bii a acordului va fi capacitiv aer liber de \u00eenc\u0103lzire a apei design vertical Vaillant uniSTOR VIH R 150\/5.1 \u00een colaborare cu gaz de podea conectat \u0219i de perete Cazane Vaillant atmoVIT , iroVIT , Turbotec , atmoTEC , ecoTEC . Prin acest cazan poate centraliza furnizarea de ap\u0103 cald\u0103 . Acesta este utilizat pe scar\u0103 larg\u0103 pentru \u00eenc\u0103lzirea apei calde de la sistemele de ap\u0103 de utilit\u0103\u021bi , mici alimentate cu energie solara .<\/p><br \/>\n<p>\u00cen fiabilitatea \u0219i durabilitatea cazanului \u00een aer liber nu poate fi negat , ca \u0219i serpentin\u0103 de \u00eenc\u0103lzire \u0219irezervorul interior acoperite cu un email anti &#8211; coroziune special\u0103 \u0219iprotec\u021bie suplimentar\u0103 oferit\u0103 de un anod de magneziu .<\/p><br \/>\n<p>Strat izolator dispus \u00een partea inferioar\u0103 a cazanului de \u00eenc\u0103lzire indirect\u0103 Vaillant uniSTOR VIH R 150 5.1 , este realizat din inofensive , nu con\u021bine fluor , clor \u0219i componente de carbon , materialul pentru a men\u021binetemperatura deap\u0103 pentru un timp destul de lung\u0103 .<\/p><br \/>\n<p>A executat perfect de proiectare \u0219i de calitate a suprafe\u021bei exterioare vopsite a cilindrului podea de tip Vaillant uni STOR VIH R 150 5.1 \u00een armonie cu designul a cazanului , care se conecteaz\u0103 la acesta , se potrivesc perfect \u00een aparatul de \u00eenc\u0103lzire interior .<\/p><br \/>\n<p>Cei prezen\u021bi pe capacitatea de\u00eenc\u0103lzire de ap\u0103 \u00een aer liber Vaillant uniSTOR VIHR 150\/5.1 accesorii : termometru , supap\u0103 de re\u021binere , supap\u0103 de scurgere , picioare reglabile pe \u00een\u0103l\u021bime corespunz\u0103toare instalare , ofer\u0103 avantaje \u00een ceea ce prive\u0219te func\u021bionalitatea \u0219i func\u021bionare a cazanului .<\/p><\/p>","protected":false},"excerpt":{"rendered":"<p><p>Furnizarea de apa calda pe tot parcursul vie\u021bii a acordului va fi capacitiv aer liber de \u00eenc\u0103lzire a apei design vertical Vaillant uniSTOR VIH R 150\/5.1 \u00een colaborare cu gaz de podea conectat \u0219i de perete Cazane Vaillant atmoVIT , iroVIT , Turbotec , atmoTEC , ecoTEC . Prin acest cazan poate centraliza furnizarea de ap\u0103 cald\u0103 . Acesta este utilizat pe scar\u0103 larg\u0103 pentru \u00eenc\u0103lzirea apei calde de la sistemele de ap\u0103 de utilit\u0103\u021bi , mici alimentate cu energie solara .<\/p><br \/>\n<p>\u00cen fiabilitatea \u0219i durabilitatea cazanului \u00een aer liber nu poate fi negat , ca \u0219i serpentin\u0103 de \u00eenc\u0103lzire \u0219irezervorul interior acoperite cu un email anti &#8211; coroziune special\u0103 \u0219iprotec\u021bie suplimentar\u0103 oferit\u0103 de un anod de magneziu .<\/p><br \/>\n<p>Strat izolator dispus \u00een partea inferioar\u0103 a cazanului de \u00eenc\u0103lzire indirect\u0103 Vaillant uniSTOR VIH R 150 5.1 , este realizat din inofensive , nu con\u021bine fluor , clor \u0219i componente de carbon , materialul pentru a men\u021binetemperatura deap\u0103 pentru un timp destul de lung\u0103 .<\/p><br \/>\n<p>A executat perfect de proiectare \u0219i de calitate a suprafe\u021bei exterioare vopsite a cilindrului podea de tip Vaillant uni STOR VIH R 150 5.1 \u00een armonie cu designul a cazanului , care se conecteaz\u0103 la acesta , se potrivesc perfect \u00een aparatul de \u00eenc\u0103lzire interior .<\/p><br \/>\n<p>Cei prezen\u021bi pe capacitatea de\u00eenc\u0103lzire de ap\u0103 \u00een aer liber Vaillant uniSTOR VIHR 150\/5.1 accesorii : termometru , supap\u0103 de re\u021binere , supap\u0103 de scurgere , picioare reglabile pe \u00een\u0103l\u021bime corespunz\u0103toare instalare , ofer\u0103 avantaje \u00een ceea ce prive\u0219te func\u021bionalitatea \u0219i func\u021bionare a cazanului .<\/p><\/p>","protected":false},"featured_media":63660,"template":"","meta":{"_acf_changed":false},"product_brand":[],"product_cat":[8533],"product_tag":[],"class_list":{"0":"post-63630","1":"product","2":"type-product","3":"status-publish","4":"has-post-thumbnail","6":"product_cat-bolier","8":"first","9":"instock","10":"shipping-taxable","11":"purchasable","12":"product-type-simple"},"acf":[],"_links":{"self":[{"href":"https:\/\/tehnomag.md\/ru\/wp-json\/wp\/v2\/product\/63630","targetHints":{"allow":["GET"]}}],"collection":[{"href":"https:\/\/tehnomag.md\/ru\/wp-json\/wp\/v2\/product"}],"about":[{"href":"https:\/\/tehnomag.md\/ru\/wp-json\/wp\/v2\/types\/product"}],"wp:featuredmedia":[{"embeddable":true,"href":"https:\/\/tehnomag.md\/ru\/wp-json\/wp\/v2\/media\/63660"}],"wp:attachment":[{"href":"https:\/\/tehnomag.md\/ru\/wp-json\/wp\/v2\/media?parent=63630"}],"wp:term":[{"taxonomy":"product_brand","embeddable":true,"href":"https:\/\/tehnomag.md\/ru\/wp-json\/wp\/v2\/product_brand?post=63630"},{"taxonomy":"product_cat","embeddable":true,"href":"https:\/\/tehnomag.md\/ru\/wp-json\/wp\/v2\/product_cat?post=63630"},{"taxonomy":"product_tag","embeddable":true,"href":"https:\/\/tehnomag.md\/ru\/wp-json\/wp\/v2\/product_tag?post=63630"}],"curies":[{"name":"wp","href":"https:\/\/api.w.org\/{rel}","templated":true}]}}