{"id":63577,"date":"2025-06-24T09:57:02","date_gmt":"2025-06-24T09:57:02","guid":{"rendered":"https:\/\/tehnomag.md\/?post_type=product&#038;p=63577"},"modified":"2025-07-19T08:14:38","modified_gmt":"2025-07-19T08:14:38","slug":"cazan-protherm-lynx-hk-28","status":"publish","type":"product","link":"https:\/\/tehnomag.md\/ru\/catalog\/instalatii-termice-si-sanitare\/cazane-pe-gaz\/cazan-protherm-lynx-hk-28\/","title":{"rendered":"Cazan PROTHERM LYNX HK 28"},"content":{"rendered":"<p>Putere nominal\u0103 -28 kW<br \/>\nCamera de ardere &#8211; \u00eenchis\u0103<br \/>\nCo\u0219 de fum inclus &#8211; nr<br \/>\nCazan de condensare &#8211; nr<br \/>\nNum\u0103rul de circuite -2<br \/>\nNum\u0103rul de schimb\u0103toare de c\u0103ldur\u0103 -2<br \/>\nCazan \u00eencorporat &#8211; nr<br \/>\nEficien\u021b\u0103 -92,9%<br \/>\nCapacitatea rezervorului de expansiune -7 L<br \/>\nConsum de energie -98 W<br \/>\nDimensiuni -700x480x410 mm<br \/>\nGreutate -33 kg<br \/>\nGaran\u021bie -24 luni.<br \/>\nProduc\u0103tor -Proterm<\/p>","protected":false},"excerpt":{"rendered":"<p>Putere nominal\u0103 -28 kW<br \/>\nCamera de ardere &#8211; \u00eenchis\u0103<br \/>\nCo\u0219 de fum inclus &#8211; nr<br \/>\nCazan de condensare &#8211; nr<br \/>\nNum\u0103rul de circuite -2<br \/>\nNum\u0103rul de schimb\u0103toare de c\u0103ldur\u0103 -2<br \/>\nCazan \u00eencorporat &#8211; nr<br \/>\nEficien\u021b\u0103 -92,9%<br \/>\nCapacitatea rezervorului de expansiune -7 L<br \/>\nConsum de energie -98 W<br \/>\nDimensiuni -700x480x410 mm<br \/>\nGreutate -33 kg<br \/>\nGaran\u021bie -24 luni.<br \/>\nProduc\u0103tor -Proterm<\/p>","protected":false},"featured_media":63607,"template":"","meta":{"_acf_changed":false},"product_brand":[],"product_cat":[8532],"product_tag":[],"class_list":{"0":"post-63577","1":"product","2":"type-product","3":"status-publish","4":"has-post-thumbnail","6":"product_cat-cazane-pe-gaz","8":"first","9":"instock","10":"shipping-taxable","11":"purchasable","12":"product-type-simple"},"acf":[],"_links":{"self":[{"href":"https:\/\/tehnomag.md\/ru\/wp-json\/wp\/v2\/product\/63577","targetHints":{"allow":["GET"]}}],"collection":[{"href":"https:\/\/tehnomag.md\/ru\/wp-json\/wp\/v2\/product"}],"about":[{"href":"https:\/\/tehnomag.md\/ru\/wp-json\/wp\/v2\/types\/product"}],"wp:featuredmedia":[{"embeddable":true,"href":"https:\/\/tehnomag.md\/ru\/wp-json\/wp\/v2\/media\/63607"}],"wp:attachment":[{"href":"https:\/\/tehnomag.md\/ru\/wp-json\/wp\/v2\/media?parent=63577"}],"wp:term":[{"taxonomy":"product_brand","embeddable":true,"href":"https:\/\/tehnomag.md\/ru\/wp-json\/wp\/v2\/product_brand?post=63577"},{"taxonomy":"product_cat","embeddable":true,"href":"https:\/\/tehnomag.md\/ru\/wp-json\/wp\/v2\/product_cat?post=63577"},{"taxonomy":"product_tag","embeddable":true,"href":"https:\/\/tehnomag.md\/ru\/wp-json\/wp\/v2\/product_tag?post=63577"}],"curies":[{"name":"wp","href":"https:\/\/api.w.org\/{rel}","templated":true}]}}