{"id":63573,"date":"2025-06-24T09:57:01","date_gmt":"2025-06-24T09:57:01","guid":{"rendered":"https:\/\/tehnomag.md\/?post_type=product&#038;p=63573"},"modified":"2025-07-19T08:14:38","modified_gmt":"2025-07-19T08:14:38","slug":"cazan-protherm-23mov","status":"publish","type":"product","link":"https:\/\/tehnomag.md\/ru\/catalog\/instalatii-termice-si-sanitare\/cazane-pe-gaz\/cazan-protherm-23mov\/","title":{"rendered":"Cazan  PROTHERM 23MOV"},"content":{"rendered":"<p>Cazan pe gaz Protherm Cheetah 23 MOV, cu putere de la 8,5-23,3 kW, preg\u0103tirea apei calde prin metoda debitului, are dou\u0103 schimb\u0103toare de c\u0103ldur\u0103 primare pentru \u00eenc\u0103lzirea secundar\u0103 pentru ap\u0103 cald\u0103, un sistem de control digital, afi\u0219aj LCD, capacitatea de a conecta un controler de camer\u0103. Capacitatea de a lucra la temperatura exterioar\u0103. Cazanul Protherm Cheetah 23 MOV este fabricat cu o camer\u0103 de ardere deschis\u0103<br \/>\nPrincipalele avantaje ale cazanului Protherm Cheetah 23 MOV:<\/p>\n<p>Cazan cu gaz dublu circuit<br \/>\nDeschide\u021bi camera de ardere<\/p>\n<p>Putere 8,5 &#8211; 23,3 kW<br \/>\nEficien\u021b\u0103 90,3%<\/p>\n<p>Modula\u021bie automat\u0103 a fl\u0103c\u0103rii arz\u0103torului<br \/>\nReglarea independent\u0103 a \u00eenc\u0103rc\u0103rilor \u00een circuitele de \u00eenc\u0103lzire \u0219i ap\u0103 cald\u0103<br \/>\nSchimb\u0103tor de c\u0103ldur\u0103 cu plac\u0103 de o\u021bel ap\u0103<br \/>\nPrepararea apei calde 11,0 l \/ min. (la \u2206t = 30 C)<br \/>\nControlul cazanului cu microprocesor integrat<br \/>\nDiagnosticare automat\u0103 a cazanului<br \/>\nUn display cu cristale lichide care afi\u0219eaz\u0103 temperatura \u0219i presiunea lichidului de r\u0103cire \u00een sistemul de \u00eenc\u0103lzire, o indica\u021bie a defec\u021biunilor, precum \u0219i o indica\u021bie a necesit\u0103\u021bii de \u00eentre\u021binere preventiv\u0103.<br \/>\nModul de control WINTER-VUMMER<br \/>\nModul de control COMFORT<br \/>\nControlul fl\u0103c\u0103rii<br \/>\nProtec\u021bie \u00eempotriva \u00eenghe\u021bului<br \/>\nProtec\u021bie la supra\u00eenc\u0103lzire<br \/>\nSistem anti-blocare pomp\u0103 de circula\u021bie<br \/>\nControlul tirajului de \u0219emineu<br \/>\nSupap\u0103 de alimentare integrat\u0103 pentru umplerea sistemului de \u00eenc\u0103lzire<br \/>\nPomp\u0103 de circula\u021bie integrat\u0103 cu aerisire automat\u0103<br \/>\nPosibilitatea de a lucra pe gaz principal \u0219i lichefiat<\/p>","protected":false},"excerpt":{"rendered":"<p>Cazan pe gaz Protherm Cheetah 23 MOV, cu putere de la 8,5-23,3 kW, preg\u0103tirea apei calde prin metoda debitului, are dou\u0103 schimb\u0103toare de c\u0103ldur\u0103 primare pentru \u00eenc\u0103lzirea secundar\u0103 pentru ap\u0103 cald\u0103, un sistem de control digital, afi\u0219aj LCD, capacitatea de a conecta un controler de camer\u0103. Capacitatea de a lucra la temperatura exterioar\u0103. Cazanul Protherm Cheetah 23 MOV este fabricat cu o camer\u0103 de ardere deschis\u0103<br \/>\nPrincipalele avantaje ale cazanului Protherm Cheetah 23 MOV:<\/p>\n<p>Cazan cu gaz dublu circuit<br \/>\nDeschide\u021bi camera de ardere<\/p>\n<p>Putere 8,5 &#8211; 23,3 kW<br \/>\nEficien\u021b\u0103 90,3%<\/p>\n<p>Modula\u021bie automat\u0103 a fl\u0103c\u0103rii arz\u0103torului<br \/>\nReglarea independent\u0103 a \u00eenc\u0103rc\u0103rilor \u00een circuitele de \u00eenc\u0103lzire \u0219i ap\u0103 cald\u0103<br \/>\nSchimb\u0103tor de c\u0103ldur\u0103 cu plac\u0103 de o\u021bel ap\u0103<br \/>\nPrepararea apei calde 11,0 l \/ min. (la \u2206t = 30 C)<br \/>\nControlul cazanului cu microprocesor integrat<br \/>\nDiagnosticare automat\u0103 a cazanului<br \/>\nUn display cu cristale lichide care afi\u0219eaz\u0103 temperatura \u0219i presiunea lichidului de r\u0103cire \u00een sistemul de \u00eenc\u0103lzire, o indica\u021bie a defec\u021biunilor, precum \u0219i o indica\u021bie a necesit\u0103\u021bii de \u00eentre\u021binere preventiv\u0103.<br \/>\nModul de control WINTER-VUMMER<br \/>\nModul de control COMFORT<br \/>\nControlul fl\u0103c\u0103rii<br \/>\nProtec\u021bie \u00eempotriva \u00eenghe\u021bului<br \/>\nProtec\u021bie la supra\u00eenc\u0103lzire<br \/>\nSistem anti-blocare pomp\u0103 de circula\u021bie<br \/>\nControlul tirajului de \u0219emineu<br \/>\nSupap\u0103 de alimentare integrat\u0103 pentru umplerea sistemului de \u00eenc\u0103lzire<br \/>\nPomp\u0103 de circula\u021bie integrat\u0103 cu aerisire automat\u0103<br \/>\nPosibilitatea de a lucra pe gaz principal \u0219i lichefiat<\/p>","protected":false},"featured_media":63603,"template":"","meta":{"_acf_changed":false},"product_brand":[],"product_cat":[8532],"product_tag":[],"class_list":{"0":"post-63573","1":"product","2":"type-product","3":"status-publish","4":"has-post-thumbnail","6":"product_cat-cazane-pe-gaz","8":"first","9":"instock","10":"shipping-taxable","11":"purchasable","12":"product-type-simple"},"acf":[],"_links":{"self":[{"href":"https:\/\/tehnomag.md\/ru\/wp-json\/wp\/v2\/product\/63573","targetHints":{"allow":["GET"]}}],"collection":[{"href":"https:\/\/tehnomag.md\/ru\/wp-json\/wp\/v2\/product"}],"about":[{"href":"https:\/\/tehnomag.md\/ru\/wp-json\/wp\/v2\/types\/product"}],"wp:featuredmedia":[{"embeddable":true,"href":"https:\/\/tehnomag.md\/ru\/wp-json\/wp\/v2\/media\/63603"}],"wp:attachment":[{"href":"https:\/\/tehnomag.md\/ru\/wp-json\/wp\/v2\/media?parent=63573"}],"wp:term":[{"taxonomy":"product_brand","embeddable":true,"href":"https:\/\/tehnomag.md\/ru\/wp-json\/wp\/v2\/product_brand?post=63573"},{"taxonomy":"product_cat","embeddable":true,"href":"https:\/\/tehnomag.md\/ru\/wp-json\/wp\/v2\/product_cat?post=63573"},{"taxonomy":"product_tag","embeddable":true,"href":"https:\/\/tehnomag.md\/ru\/wp-json\/wp\/v2\/product_tag?post=63573"}],"curies":[{"name":"wp","href":"https:\/\/api.w.org\/{rel}","templated":true}]}}