{"id":14912,"date":"2024-02-27T10:28:31","date_gmt":"2024-02-27T10:28:31","guid":{"rendered":"http:\/\/tehnomag.md\/?page_id=14912"},"modified":"2024-05-28T08:35:31","modified_gmt":"2024-05-28T08:35:31","slug":"informatii-despre-livrare","status":"publish","type":"page","link":"https:\/\/tehnomag.md\/ru\/informatii-despre-livrare\/","title":{"rendered":"\u0418\u043d\u0444\u043e\u0440\u043c\u0430\u0446\u0438\u044f \u043e \u0434\u043e\u0441\u0442\u0430\u0432\u043a\u0435"},"content":{"rendered":"<div data-elementor-type=\"wp-page\" data-elementor-id=\"14912\" class=\"elementor elementor-14912\">\n\t\t\t\t\t\t<section class=\"elementor-section elementor-top-section elementor-element elementor-element-2e5ca71 elementor-section-boxed elementor-section-height-default elementor-section-height-default wd-section-disabled\" data-id=\"2e5ca71\" data-element_type=\"section\">\n\t\t\t\t\t\t<div class=\"elementor-container elementor-column-gap-default\">\n\t\t\t\t\t<div class=\"elementor-column elementor-col-100 elementor-top-column elementor-element elementor-element-266e545\" data-id=\"266e545\" data-element_type=\"column\">\n\t\t\t<div class=\"elementor-widget-wrap elementor-element-populated\">\n\t\t\t\t\t\t<div class=\"elementor-element elementor-element-1a45f28 elementor-widget elementor-widget-wd_title\" data-id=\"1a45f28\" data-element_type=\"widget\" data-widget_type=\"wd_title.default\">\n\t\t\t\t<div class=\"elementor-widget-container\">\n\t\t\t\t\t\t\t<div class=\"title-wrapper set-mb-s reset-last-child wd-title-color-default wd-title-style-default wd-title-size-default text-left\">\n\n\t\t\t\n\t\t\t<div class=\"liner-continer\">\n\t\t\t\t<h4 class=\"woodmart-title-container title wd-fontsize-l\">\u0418\u043d\u0444\u043e\u0440\u043c\u0430\u0446\u0438\u044f \u043e \u0434\u043e\u0441\u0442\u0430\u0432\u043a\u0435<\/h4> \n\t\t\t\t\t\t\t<\/div>\n\n\t\t\t\t\t<\/div>\n\t\t\t\t\t\t<\/div>\n\t\t\t\t<\/div>\n\t\t\t\t<div class=\"elementor-element elementor-element-5e02acf elementor-widget elementor-widget-wd_tabs\" data-id=\"5e02acf\" data-element_type=\"widget\" data-widget_type=\"wd_tabs.default\">\n\t\t\t\t<div class=\"elementor-widget-container\">\n\t\t\t\t\t<style>.elementor-element-5e02acf{display:none !important}<\/style>\t\t\t\t<\/div>\n\t\t\t\t<\/div>\n\t\t\t\t<div class=\"elementor-element elementor-element-451890b elementor-widget elementor-widget-wd_tabs\" data-id=\"451890b\" data-element_type=\"widget\" data-widget_type=\"wd_tabs.default\">\n\t\t\t\t<div class=\"elementor-widget-container\">\n\t\t\t\t\t\t\t<div class=\"wd-tabs tabs-design-default\">\n\t\t\t<div class=\"wd-tabs-header text-left\">\n\t\t\t\t\n\t\t\t\t\n\t\t\t\t<div class=\"wd-nav-wrapper wd-nav-tabs-wrapper\">\n\t\t\t\t\t<ul class=\"wd-nav wd-nav-tabs wd-icon-pos-left wd-style-underline\">\n\t\t\t\t\t\t\t\t\t\t\t\t\t\n\t\t\t\t\t\t\t<li>\n\t\t\t\t\t\t\t\t<a href=\"#\" class=\"wd-nav-link\">\n\t\t\t\t\t\t\t\t\t\n\t\t\t\t\t\t\t\t\t<span class=\"nav-link-text wd-tabs-title\">\n\t\t\t\t\t\t\t\t\t\t\u0414\u043e\u0441\u0442\u0430\u0432\u043a\u0430 \u043f\u043e \u041c\u043e\u043b\u0434\u043e\u0432\u0435\t\t\t\t\t\t\t\t\t<\/span>\n\t\t\t\t\t\t\t\t<\/a>\n\t\t\t\t\t\t\t<\/li>\n\n\t\t\t\t\t\t\t\t\t\t\t\t\t\n\t\t\t\t\t\t\t<li>\n\t\t\t\t\t\t\t\t<a href=\"#\" class=\"wd-nav-link\">\n\t\t\t\t\t\t\t\t\t\n\t\t\t\t\t\t\t\t\t<span class=\"nav-link-text wd-tabs-title\">\n\t\t\t\t\t\t\t\t\t\t\u0414\u043e\u0441\u0442\u0430\u0432\u043a\u0430 \u043f\u043e \u041a\u0438\u0448\u0438\u043d\u0435\u0432\u0443\t\t\t\t\t\t\t\t\t<\/span>\n\t\t\t\t\t\t\t\t<\/a>\n\t\t\t\t\t\t\t<\/li>\n\n\t\t\t\t\t\t\t\t\t\t\t\t\t\n\t\t\t\t\t\t\t<li>\n\t\t\t\t\t\t\t\t<a href=\"#\" class=\"wd-nav-link\">\n\t\t\t\t\t\t\t\t\t\n\t\t\t\t\t\t\t\t\t<span class=\"nav-link-text wd-tabs-title\">\n\t\t\t\t\t\t\t\t\t\t\u0421\u0430\u043c\u043e\u0432\u044b\u0432\u043e\u0437\t\t\t\t\t\t\t\t\t<\/span>\n\t\t\t\t\t\t\t\t<\/a>\n\t\t\t\t\t\t\t<\/li>\n\n\t\t\t\t\t\t\t\t\t\t\t<\/ul>\n\t\t\t\t<\/div>\n\t\t\t<\/div>\n\n\t\t\t<div class=\"wd-tab-content-wrapper\">\n\t\t\t\t\t\t\t\t\t\t\t\t\t\t\n\t\t\t\t\t\n\t\t\t\t\t<div class=\"wd-tab-content wd-active wd-in\">\n\t\t\t\t\t\t\t\t\t\t\t\t\t\t\t\t<link rel=\"stylesheet\" id=\"elementor-post-22320-css\" href=\"https:\/\/tehnomag.md\/wp-content\/uploads\/elementor\/css\/post-22320.css?ver=1769530858\" type=\"text\/css\" media=\"all\">\n\t\t\t\t\t<div data-elementor-type=\"wp-post\" data-elementor-id=\"22320\" class=\"elementor elementor-22320\">\n\t\t\t\t\t\t<section class=\"elementor-section elementor-top-section elementor-element elementor-element-fc0d9d5 elementor-section-boxed elementor-section-height-default elementor-section-height-default wd-section-disabled\" data-id=\"fc0d9d5\" data-element_type=\"section\">\n\t\t\t\t\t\t<div class=\"elementor-container elementor-column-gap-default\">\n\t\t\t\t\t<div class=\"elementor-column elementor-col-100 elementor-top-column elementor-element elementor-element-a74b593\" data-id=\"a74b593\" data-element_type=\"column\">\n\t\t\t<div class=\"elementor-widget-wrap elementor-element-populated\">\n\t\t\t\t\t\t<div class=\"elementor-element elementor-element-db6bc10 color-scheme-inherit text-left elementor-widget elementor-widget-text-editor\" data-id=\"db6bc10\" data-element_type=\"widget\" data-widget_type=\"text-editor.default\">\n\t\t\t\t<div class=\"elementor-widget-container\">\n\t\t\t\t\t\t\t\t\t<div class=\"h4\">\u0423\u0441\u043b\u043e\u0432\u0438\u044f \u0434\u043e\u0441\u0442\u0430\u0432\u043a\u0438 \u043f\u043e\u00a0\u041c\u043e\u043b\u0434\u043e\u0432\u0435:<\/div><ul class=\"list1\"><li>\u0414\u043e\u0441\u0442\u0430\u0432\u043a\u0430 \u043f\u043e\u00a0\u041c\u043e\u043b\u0434\u043e\u0432\u0435 \u043e\u0441\u0443\u0449\u0435\u0441\u0442\u0432\u043b\u044f\u0435\u0442\u0441\u044f \u0441\u043b\u0443\u0436\u0431\u043e\u0439 \u0434\u043e\u0441\u0442\u0430\u0432\u043a\u0438 \u00ab\u041d\u043e\u0432\u0430\u044f \u043f\u043e\u0447\u0442\u0430\u00bb.<\/li><li>\u0421\u0440\u043e\u043a \u0434\u043e\u0441\u0442\u0430\u0432\u043a\u0438 \u043e\u0431\u044b\u0447\u043d\u043e \u0441\u043e\u0441\u0442\u0430\u0432\u043b\u044f\u0435\u0442 2-3 \u0440\u0430\u0431\u043e\u0447\u0438\u0445 \u0434\u043d\u044f. \u041d\u0430\u0448\u0438 \u043c\u0435\u043d\u0435\u0434\u0436\u0435\u0440\u044b \u0441\u043e\u0433\u043b\u0430\u0441\u0443\u044e\u0442 \u0441\u00a0\u0412\u0430\u043c\u0438 \u0434\u0430\u0442\u0443 \u0434\u043e\u0441\u0442\u0430\u0432\u043a\u0438 \u043f\u0435\u0440\u0435\u0434 \u043e\u0442\u043f\u0440\u0430\u0432\u043a\u043e\u0439 \u0442\u043e\u0432\u0430\u0440\u0430.<\/li><li>\u041a\u0440\u0443\u043f\u043d\u043e\u0433\u0430\u0431\u0430\u0440\u0438\u0442\u043d\u044b\u0435 \u0437\u0430\u043a\u0430\u0437\u044b \u0434\u043e\u0441\u0442\u0430\u0432\u043b\u044f\u044e\u0442\u0441\u044f \u0434\u043e\u00a0\u043f\u043e\u0434\u044a\u0435\u0437\u0434\u0430 \u043a\u043b\u0438\u0435\u043d\u0442\u0430 \u0438\u043b\u0438 \u0432\u043e\u0440\u043e\u0442 \u0447\u0430\u0441\u0442\u043d\u043e\u0433\u043e \u0434\u043e\u043c\u0430.<\/li><\/ul><div class=\"h5\">\u0421\u0442\u043e\u0438\u043c\u043e\u0441\u0442\u044c \u0434\u043e\u0441\u0442\u0430\u0432\u043e\u043a \u043a\u0443\u0440\u044c\u0435\u0440\u0441\u043a\u043e\u0439 \u0441\u043b\u0443\u0436\u0431\u043e\u0439 \u041d\u043e\u0432\u0430\u044f \u043f\u043e\u0447\u0442\u0430<\/div><table class=\"tableBase w-100 w-lg-50\"><tbody><tr><th>\u0412\u0435\u0441<\/th><th>\u0421\u0442\u043e\u0438\u043c\u043e\u0441\u0442\u044c<\/th><\/tr><tr><td>\u0434\u043e 5 \u043a\u0433<\/td><td>100 \u043b\u0435\u0439<\/td><\/tr><tr><td>\u0434\u043e 30 \u043a\u0433<\/td><td>150 \u043b\u0435\u0439<\/td><\/tr><tr><td>\u0434\u043e 75 \u043a\u0433<\/td><td>200 \u043b\u0435\u0439<\/td><\/tr><tr><td>\u0434\u043e 100 \u043a\u0433<\/td><td>250 \u043b\u0435\u0439<\/td><\/tr><tr><td>\u0434\u043e 200 \u043a\u0433<\/td><td>300 \u043b\u0435\u0439<\/td><\/tr><tr><td>\u0434\u043e 300 \u043a\u0433<\/td><td>500 \u043b\u0435\u0439<\/td><\/tr><tr><td colspan=\"2\" align=\"center\"><b>\u0418\u0441\u043a\u043b\u044e\u0447\u0435\u043d\u0438\u044f<\/b><\/td><\/tr><tr><td>\u041e\u0434\u043d\u043e\u0441\u043f\u0430\u043b\u044c\u043d\u044b\u0439 \u043c\u0430\u0442\u0440\u0430\u0441<\/td><td>250 \u043b\u0435\u0439<\/td><\/tr><tr><td>\u0414\u0432\u0443\u0441\u043f\u0430\u043b\u044c\u043d\u044b\u0439 \u043c\u0430\u0442\u0440\u0430\u0441<\/td><td>300 \u043b\u0435\u0439<\/td><\/tr><tr><td>\u0425\u043e\u043b\u043e\u0434\u0438\u043b\u044c\u043d\u0438\u043a Side-by-Side<\/td><td>500 \u043b\u0435\u0439<\/td><\/tr><\/tbody><\/table><div class=\"b_attention mt-20px\"><p>\u041e\u0431\u0440\u0430\u0449\u0430\u0435\u043c \u0432\u043d\u0438\u043c\u0430\u043d\u0438\u0435 \u043d\u0430\u00a0\u0442\u043e, \u0447\u0442\u043e \u043f\u0440\u0438 \u043f\u043e\u043b\u0443\u0447\u0435\u043d\u0438\u0438 \u0442\u043e\u0432\u0430\u0440 \u0434\u043e\u043b\u0436\u0435\u043d \u0431\u044b\u0442\u044c \u043f\u0440\u043e\u0432\u0435\u0440\u0435\u043d \u043d\u0430\u00a0\u043a\u043e\u043c\u043f\u043b\u0435\u043a\u0442\u043d\u043e\u0441\u0442\u044c \u0438\u00a0\u043e\u0442\u0441\u0443\u0442\u0441\u0442\u0432\u0438\u0435 \u0432\u043d\u0435\u0448\u043d\u0438\u0445 \u043f\u043e\u0432\u0440\u0435\u0436\u0434\u0435\u043d\u0438\u0439 \u0441\u0430\u043c\u0438\u043c \u043f\u043e\u043a\u0443\u043f\u0430\u0442\u0435\u043b\u0435\u043c. \u0421\u0442\u0430\u0432\u044f \u043f\u043e\u0434\u043f\u0438\u0441\u044c \u043d\u0430\u00a0\u0431\u043b\u0430\u043d\u043a\u0435 \u044d\u043a\u0441\u043f\u0440\u0435\u0441\u0441-\u043d\u0430\u043a\u043b\u0430\u0434\u043d\u043e\u0439, \u0432\u044b\u00a0\u043f\u043e\u0434\u0442\u0432\u0435\u0440\u0436\u0434\u0430\u0435\u0442\u0435, \u0447\u0442\u043e \u043d\u0435\u00a0\u0438\u043c\u0435\u0435\u0442\u0435 \u043f\u0440\u0435\u0442\u0435\u043d\u0437\u0438\u0439 \u043a\u00a0\u043f\u0440\u043e\u0434\u0430\u0432\u0446\u0443 \u0438\u00a0\u043f\u0435\u0440\u0435\u0432\u043e\u0437\u0447\u0438\u043a\u0443.<\/p><p>\u0415\u0441\u043b\u0438 \u0442\u043e\u0432\u0430\u0440 \u0434\u043e\u0441\u0442\u0430\u0432\u043b\u0435\u043d \u0438\u00a0\u0441\u043e\u043e\u0442\u0432\u0435\u0442\u0441\u0442\u0432\u0443\u0435\u0442 \u0432\u0441\u0435\u043c \u0433\u0430\u0440\u0430\u043d\u0442\u0438\u0439\u043d\u044b\u043c \u043e\u0431\u044f\u0437\u0430\u0442\u0435\u043b\u044c\u0441\u0442\u0432\u0430\u043c, \u043d\u043e\u00a0\u0432\u044b\u00a0\u043f\u043e\u00a0\u043a\u0430\u043a\u0438\u043c-\u0442\u043e \u043f\u0440\u0438\u0447\u0438\u043d\u0430\u043c \u043f\u0435\u0440\u0435\u0434\u0443\u043c\u0430\u043b\u0438 \u0435\u0433\u043e \u043f\u043e\u043a\u0443\u043f\u0430\u0442\u044c, \u0432\u0430\u043c \u043f\u0440\u0438\u0434\u0435\u0442\u0441\u044f \u043e\u043f\u043b\u0430\u0442\u0438\u0442\u044c \u0434\u043e\u0440\u043e\u0436\u043d\u044b\u0435 \u0440\u0430\u0441\u0445\u043e\u0434\u044b \u043a\u0443\u0440\u044c\u0435\u0440\u0430 \u0438\u00a0\u0441\u0442\u043e\u0438\u043c\u043e\u0441\u0442\u044c \u0434\u043e\u0441\u0442\u0430\u0432\u043a\u0438. \u041f\u043e\u044d\u0442\u043e\u043c\u0443 \u043f\u0440\u0435\u0436\u0434\u0435, \u0447\u0435\u043c \u043e\u0442\u043f\u0440\u0430\u0432\u043b\u044f\u0442\u044c \u0437\u0430\u043a\u0430\u0437, \u0443\u0431\u0435\u0434\u0438\u0442\u0435\u0441\u044c, \u0447\u0442\u043e \u0432\u044b\u0431\u0440\u0430\u043b\u0438 \u0438\u043c\u0435\u043d\u043d\u043e \u0442\u0443\u00a0\u043c\u043e\u0434\u0435\u043b\u044c, \u043a\u043e\u0442\u043e\u0440\u0443\u044e \u0434\u0435\u0439\u0441\u0442\u0432\u0438\u0442\u0435\u043b\u044c\u043d\u043e \u0445\u043e\u0442\u0438\u0442\u0435 \u043a\u0443\u043f\u0438\u0442\u044c.<\/p><\/div>\t\t\t\t\t\t\t\t<\/div>\n\t\t\t\t<\/div>\n\t\t\t\t\t<\/div>\n\t\t<\/div>\n\t\t\t\t\t<\/div>\n\t\t<\/section>\n\t\t\t\t<\/div>\n\t\t\t\t\t\t\t\t\t\t\t\t\t<\/div>\n\n\t\t\t\t\t\t\t\t\t\t\t\t\t\t\n\t\t\t\t\t\n\t\t\t\t\t<div class=\"wd-tab-content\">\n\t\t\t\t\t\t\t\t\t\t\t\t\t\t\t\t<link rel=\"stylesheet\" id=\"elementor-post-22314-css\" href=\"https:\/\/tehnomag.md\/wp-content\/uploads\/elementor\/css\/post-22314.css?ver=1769530858\" type=\"text\/css\" media=\"all\">\n\t\t\t\t\t<div data-elementor-type=\"wp-post\" data-elementor-id=\"22314\" class=\"elementor elementor-22314\">\n\t\t\t\t\t\t<section class=\"elementor-section elementor-top-section elementor-element elementor-element-7e6a121 elementor-section-boxed elementor-section-height-default elementor-section-height-default wd-section-disabled\" data-id=\"7e6a121\" data-element_type=\"section\">\n\t\t\t\t\t\t<div class=\"elementor-container elementor-column-gap-default\">\n\t\t\t\t\t<div class=\"elementor-column elementor-col-100 elementor-top-column elementor-element elementor-element-98bf85b\" data-id=\"98bf85b\" data-element_type=\"column\">\n\t\t\t<div class=\"elementor-widget-wrap elementor-element-populated\">\n\t\t\t\t\t\t<div class=\"elementor-element elementor-element-55fd7d9 color-scheme-inherit text-left elementor-widget elementor-widget-text-editor\" data-id=\"55fd7d9\" data-element_type=\"widget\" data-widget_type=\"text-editor.default\">\n\t\t\t\t<div class=\"elementor-widget-container\">\n\t\t\t\t\t\t\t\t\t<div class=\"h4\">\u0423\u0441\u043b\u043e\u0432\u0438\u044f \u0434\u043e\u0441\u0442\u0430\u0432\u043a\u0438 \u043f\u043e&nbsp;\u041a\u0438\u0448\u0438\u043d\u0435\u0432\u0443:<\/div><ul class=\"list1\">\n<li>\u0414\u043e\u0441\u0442\u0430\u0432\u043a\u0430 \u0441&nbsp;\u043f\u043e\u043d\u0435\u0434\u0435\u043b\u044c\u043d\u0438\u043a\u0430 \u043f\u043e&nbsp;\u043f\u044f\u0442\u043d\u0438\u0446\u0443 \u043e\u0441\u0443\u0449\u0435\u0441\u0442\u0432\u043b\u044f\u0435\u0442\u0441\u044f \u0441&nbsp;10:00 \u0434\u043e&nbsp;22:00&nbsp;\u0432 3&nbsp;\u0432\u0440\u0435\u043c\u0435\u043d\u043d\u044b\u0445 \u0438\u043d\u0442\u0435\u0440\u0432\u0430\u043b\u0430 (10:00&nbsp;\u2014 14:00, 14:00&nbsp;\u2014 18:00, 18:00&nbsp;\u2014 22:00).<br>\u0412&nbsp;\u0441\u0443\u0431\u0431\u043e\u0442\u0443 \u0434\u043e\u0441\u0442\u0430\u0432\u043a\u0430 \u043e\u0441\u0443\u0449\u0435\u0441\u0442\u0432\u043b\u044f\u0435\u0442\u0441\u044f \u0441&nbsp;10:00 \u0434\u043e&nbsp;18:00 \u0431\u0435\u0437 \u0432\u0440\u0435\u043c\u0435\u043d\u043d\u044b\u0445 \u0438\u043d\u0442\u0435\u0440\u0432\u0430\u043b\u043e\u0432<\/li>\n<li>\u0414\u043e\u0441\u0442\u0430\u0432\u043a\u0430 \u043e\u0441\u0443\u0449\u0435\u0441\u0442\u0432\u043b\u044f\u0435\u0442\u0441\u044f \u0442\u043e\u043b\u044c\u043a\u043e \u0434\u043b\u044f \u0442\u043e\u0432\u0430\u0440\u043e\u0432, \u0432\u0445\u043e\u0434\u044f\u0449\u0438\u0445 \u0432&nbsp;\u0441\u043e\u0441\u0442\u0430\u0432 \u0437\u0430\u043a\u0430\u0437\u0430.<br>\u0422\u0440\u0430\u043d\u0441\u043f\u043e\u0440\u0442\u0438\u0440\u043e\u0432\u043a\u0430 \u043d\u0435\u0441\u043a\u043e\u043b\u044c\u043a\u0438\u0445 \u0442\u043e\u0432\u0430\u0440\u043e\u0432 \u0441&nbsp;\u0446\u0435\u043b\u044c\u044e \u0432\u044b\u0431\u043e\u0440\u0430 \u043e\u0434\u043d\u043e\u0433\u043e \u0438\u0437&nbsp;\u043d\u0438\u0445 \u043d\u0430&nbsp;\u043c\u0435\u0441\u0442\u0435 \u0434\u043e\u0441\u0442\u0430\u0432\u043a\u0438 \u043d\u0435&nbsp;\u043f\u0440\u043e\u0438\u0437\u0432\u043e\u0434\u0438\u0442\u0441\u044f.<\/li>\n<li>\u041a\u0443\u0440\u044c\u0435\u0440 \u0441\u043e\u0437\u0432\u043e\u043d\u0438\u0442\u0441\u044f \u0441&nbsp;\u0432\u0430\u043c\u0438 \u0437\u0430&nbsp;30&nbsp;\u043c\u0438\u043d\u0443\u0442 \u0434\u043e&nbsp;\u0434\u043e\u0441\u0442\u0430\u0432\u043a\u0438.<\/li>\n<li>\u0412&nbsp;\u043e\u0431\u044f\u0437\u0430\u043d\u043d\u043e\u0441\u0442\u0438 \u0441\u043b\u0443\u0436\u0431\u044b \u0434\u043e\u0441\u0442\u0430\u0432\u043a\u0438 \u043d\u0435&nbsp;\u0432\u0445\u043e\u0434\u0438\u0442 \u043f\u0435\u0440\u0435\u043c\u0435\u0449\u0435\u043d\u0438\u0435 \u0438\u0437\u0434\u0435\u043b\u0438\u044f \u043f\u043e&nbsp;\u043a\u0432\u0430\u0440\u0442\u0438\u0440\u0435, \u043c\u043e\u043d\u0442\u0430\u0436 \u0438&nbsp;\u043f\u043e\u0434\u043a\u043b\u044e\u0447\u0435\u043d\u0438\u0435, \u0434\u0435\u043c\u043e\u043d\u0441\u0442\u0440\u0430\u0446\u0438\u044f \u043f\u043e\u0442\u0440\u0435\u0431\u0438\u0442\u0435\u043b\u044c\u0441\u043a\u0438\u0445 \u0445\u0430\u0440\u0430\u043a\u0442\u0435\u0440\u0438\u0441\u0442\u0438\u043a \u0438&nbsp;\u043e\u0431\u0443\u0447\u0435\u043d\u0438\u0435 \u043f\u043e\u043a\u0443\u043f\u0430\u0442\u0435\u043b\u044f.<\/li>\n<\/ul>\n<div class=\"b_attention\">\n<p>\u041e\u0431\u0440\u0430\u0449\u0430\u0435\u043c \u0432\u043d\u0438\u043c\u0430\u043d\u0438\u0435 \u043d\u0430&nbsp;\u0442\u043e, \u0447\u0442\u043e \u043f\u0440\u0438 \u043f\u043e\u043b\u0443\u0447\u0435\u043d\u0438\u0438 \u0442\u043e\u0432\u0430\u0440 \u0434\u043e\u043b\u0436\u0435\u043d \u0431\u044b\u0442\u044c \u043f\u0440\u043e\u0432\u0435\u0440\u0435\u043d \u043d\u0430&nbsp;\u043a\u043e\u043c\u043f\u043b\u0435\u043a\u0442\u043d\u043e\u0441\u0442\u044c \u0438&nbsp;\u043e\u0442\u0441\u0443\u0442\u0441\u0442\u0432\u0438\u0435 \u0432\u043d\u0435\u0448\u043d\u0438\u0445 \u043f\u043e\u0432\u0440\u0435\u0436\u0434\u0435\u043d\u0438\u0439 \u0441\u0430\u043c\u0438\u043c \u043f\u043e\u043a\u0443\u043f\u0430\u0442\u0435\u043b\u0435\u043c. \u0421\u0442\u0430\u0432\u044f \u043f\u043e\u0434\u043f\u0438\u0441\u044c \u0432&nbsp;\u0433\u0430\u0440\u0430\u043d\u0442\u0438\u0439\u043d\u043e\u043c \u0442\u0430\u043b\u043e\u043d\u0435, \u0432\u044b&nbsp;\u043f\u043e\u0434\u0442\u0432\u0435\u0440\u0436\u0434\u0430\u0435\u0442\u0435, \u0447\u0442\u043e \u043d\u0435&nbsp;\u0438\u043c\u0435\u0435\u0442\u0435 \u043f\u0440\u0435\u0442\u0435\u043d\u0437\u0438\u0439 \u043a&nbsp;\u0442\u043e\u0432\u0430\u0440\u0443 \u0438&nbsp;\u043f\u0440\u043e\u0434\u0430\u0432\u0446\u0443.<\/p>\n<p>\u0415\u0441\u043b\u0438 \u0442\u043e\u0432\u0430\u0440 \u0434\u043e\u0441\u0442\u0430\u0432\u043b\u0435\u043d \u0438&nbsp;\u0441\u043e\u043e\u0442\u0432\u0435\u0442\u0441\u0442\u0432\u0443\u0435\u0442 \u0432\u0441\u0435\u043c \u0433\u0430\u0440\u0430\u043d\u0442\u0438\u0439\u043d\u044b\u043c \u043e\u0431\u044f\u0437\u0430\u0442\u0435\u043b\u044c\u0441\u0442\u0432\u0430\u043c, \u043d\u043e&nbsp;\u0432\u044b&nbsp;\u043f\u043e&nbsp;\u043a\u0430\u043a\u0438\u043c-\u0442\u043e \u043f\u0440\u0438\u0447\u0438\u043d\u0430\u043c \u043f\u0435\u0440\u0435\u0434\u0443\u043c\u0430\u043b\u0438 \u0435\u0433\u043e \u043f\u043e\u043a\u0443\u043f\u0430\u0442\u044c, \u0432\u0430\u043c \u043f\u0440\u0438\u0434\u0435\u0442\u0441\u044f \u043e\u043f\u043b\u0430\u0442\u0438\u0442\u044c \u0434\u043e\u0440\u043e\u0436\u043d\u044b\u0435 \u0440\u0430\u0441\u0445\u043e\u0434\u044b \u043a\u0443\u0440\u044c\u0435\u0440\u0430 \u0438&nbsp;\u0441\u0442\u043e\u0438\u043c\u043e\u0441\u0442\u044c \u0434\u043e\u0441\u0442\u0430\u0432\u043a\u0438. \u041f\u043e\u044d\u0442\u043e\u043c\u0443 \u043f\u0440\u0435\u0436\u0434\u0435, \u0447\u0435\u043c \u043e\u0442\u043f\u0440\u0430\u0432\u043b\u044f\u0442\u044c \u0437\u0430\u043a\u0430\u0437, \u0443\u0431\u0435\u0434\u0438\u0442\u0435\u0441\u044c, \u0447\u0442\u043e \u0432\u044b\u0431\u0440\u0430\u043b\u0438 \u0438\u043c\u0435\u043d\u043d\u043e \u0442\u0443&nbsp;\u043c\u043e\u0434\u0435\u043b\u044c, \u043a\u043e\u0442\u043e\u0440\u0443\u044e \u0434\u0435\u0439\u0441\u0442\u0432\u0438\u0442\u0435\u043b\u044c\u043d\u043e \u0445\u043e\u0442\u0438\u0442\u0435 \u043a\u0443\u043f\u0438\u0442\u044c.<\/p>\n<\/div>\n<p><strong>\u041f\u043e\u0434\u044a\u0435\u043c \u043a\u0440\u0443\u043f\u043d\u043e\u0433\u0430\u0431\u0430\u0440\u0438\u0442\u043d\u044b\u0445 \u0442\u043e\u0432\u0430\u0440\u043e\u0432 \u043d\u0430&nbsp;\u044d\u0442\u0430\u0436 \u0438\u043b\u0438 \u0432\u043d\u043e\u0441 \u0432&nbsp;\u0434\u043e\u043c:<\/strong><\/p>\n<ul class=\"list1\">\n<li>\u041a\u0440\u0443\u043f\u043d\u043e\u0433\u0430\u0431\u0430\u0440\u0438\u0442\u043d\u0430\u044f \u0442\u0435\u0445\u043d\u0438\u043a\u0430 \u0438&nbsp;\u043c\u0435\u0431\u0435\u043b\u044c \u0434\u043e\u0441\u0442\u0430\u0432\u043b\u044f\u0435\u0442\u0441\u044f \u0434\u043e&nbsp;\u043f\u043e\u0434\u044a\u0435\u0437\u0434\u0430 \u043a\u043b\u0438\u0435\u043d\u0442\u0430 \u0438\u043b\u0438 \u0432\u043e\u0440\u043e\u0442 \u0447\u0430\u0441\u0442\u043d\u043e\u0433\u043e \u0434\u043e\u043c\u0430.<\/li>\n<\/ul>\t\t\t\t\t\t\t\t<\/div>\n\t\t\t\t<\/div>\n\t\t\t\t\t<\/div>\n\t\t<\/div>\n\t\t\t\t\t<\/div>\n\t\t<\/section>\n\t\t\t\t<\/div>\n\t\t\t\t\t\t\t\t\t\t\t\t\t<\/div>\n\n\t\t\t\t\t\t\t\t\t\t\t\t\t\t\n\t\t\t\t\t\n\t\t\t\t\t<div class=\"wd-tab-content\">\n\t\t\t\t\t\t\t\t\t\t\t\t\t\t\t\t<link rel=\"stylesheet\" id=\"elementor-post-22323-css\" href=\"https:\/\/tehnomag.md\/wp-content\/uploads\/elementor\/css\/post-22323.css?ver=1769530858\" type=\"text\/css\" media=\"all\">\n\t\t\t\t\t<div data-elementor-type=\"wp-post\" data-elementor-id=\"22323\" class=\"elementor elementor-22323\">\n\t\t\t\t\t\t<section class=\"elementor-section elementor-top-section elementor-element elementor-element-4228aa1 elementor-section-boxed elementor-section-height-default elementor-section-height-default wd-section-disabled\" data-id=\"4228aa1\" data-element_type=\"section\">\n\t\t\t\t\t\t<div class=\"elementor-container elementor-column-gap-default\">\n\t\t\t\t\t<div class=\"elementor-column elementor-col-100 elementor-top-column elementor-element elementor-element-3923288\" data-id=\"3923288\" data-element_type=\"column\">\n\t\t\t<div class=\"elementor-widget-wrap elementor-element-populated\">\n\t\t\t\t\t\t<div class=\"elementor-element elementor-element-0c24d0e color-scheme-inherit text-left elementor-widget elementor-widget-text-editor\" data-id=\"0c24d0e\" data-element_type=\"widget\" data-widget_type=\"text-editor.default\">\n\t\t\t\t<div class=\"elementor-widget-container\">\n\t\t\t\t\t\t\t\t\t<p>\u041f\u0435\u0440\u0441\u043e\u043d\u0430\u043b\u044c\u043d\u044b\u0435 \u0443\u0441\u043b\u043e\u0432\u0438\u044f \u0441\u0430\u043c\u043e\u0432\u044b\u0432\u043e\u0437\u0430<br \/>\u041f\u043e\u0441\u044b\u043b\u043a\u0438 \u0432 \u043f\u0443\u043d\u043a\u0442\u0435 \u0441\u0430\u043c\u043e\u0432\u044b\u0432\u043e\u0437\u0430 \u0432\u044b\u0434\u0430\u044e\u0442\u0441\u044f \u0442\u043e\u043b\u044c\u043a\u043e \u043f\u0440\u0438 \u043f\u0440\u0435\u0434\u0432\u0430\u0440\u0438\u0442\u0435\u043b\u044c\u043d\u043e\u043c \u0437\u0430\u043a\u0430\u0437\u0435 \u043e\u043d\u043b\u0430\u0439\u043d \u0438\u043b\u0438 \u043f\u043e \u0442\u0435\u043b\u0435\u0444\u043e\u043d\u0443!<br \/>\u041f\u0430\u043a\u0435\u0442 \u043f\u0440\u0435\u0434\u043e\u0441\u0442\u0430\u0432\u043b\u044f\u0435\u0442\u0441\u044f \u0442\u043e\u043b\u044c\u043a\u043e \u043a\u043b\u0438\u0435\u043d\u0442\u0443, \u043e\u0444\u043e\u0440\u043c\u0438\u0432\u0448\u0435\u043c\u0443 \u043f\u0440\u0435\u0434\u0432\u0430\u0440\u0438\u0442\u0435\u043b\u044c\u043d\u044b\u0439 \u0437\u0430\u043a\u0430\u0437.<br \/>\u0423\u0431\u0435\u0434\u0438\u0442\u0435\u043b\u044c\u043d\u043e \u043f\u0440\u043e\u0441\u0438\u043c \u0412\u0430\u0441 \u0434\u043e\u0436\u0434\u0430\u0442\u044c\u0441\u044f \u0421\u041c\u0421-\u0443\u0432\u0435\u0434\u043e\u043c\u043b\u0435\u043d\u0438\u044f, \u043a\u043e\u0433\u0434\u0430 \u0412\u0430\u0448\u0430 \u043f\u043e\u0441\u044b\u043b\u043a\u0430 \u0431\u0443\u0434\u0435\u0442 \u043f\u043e\u0434\u0433\u043e\u0442\u043e\u0432\u043b\u0435\u043d\u0430 \u200b\u200b\u043a\u043b\u0430\u0434\u043e\u0432\u0449\u0438\u043a\u043e\u043c.<\/p><p>\u041c\u0430\u043a\u0441\u0438\u043c\u0430\u043b\u044c\u043d\u044b\u0439 \u0441\u0440\u043e\u043a \u0445\u0440\u0430\u043d\u0435\u043d\u0438\u044f \u0437\u0430\u043a\u0430\u0437\u043e\u0432 \u0432 \u043f\u0443\u043d\u043a\u0442\u0435 \u0441\u0430\u043c\u043e\u0432\u044b\u0432\u043e\u0437\u0430 \u2013 5 \u0434\u043d\u0435\u0439. \u041f\u043e \u0438\u0441\u0442\u0435\u0447\u0435\u043d\u0438\u0438 5 \u0434\u043d\u0435\u0439 \u0445\u0440\u0430\u043d\u0435\u043d\u0438\u044f \u0437\u0430\u043a\u0430\u0437 \u0431\u0443\u0434\u0435\u0442 \u0430\u043d\u043d\u0443\u043b\u0438\u0440\u043e\u0432\u0430\u043d.<br \/>\u041f\u0440\u043e\u0432\u0435\u0440\u043a\u0430 \u043f\u043e\u0441\u044b\u043b\u043a\u0438, \u0440\u0430\u0441\u043f\u0430\u043a\u043e\u0432\u043a\u0430 \u043e\u0440\u0438\u0433\u0438\u043d\u0430\u043b\u044c\u043d\u043e\u0439 \u0443\u043f\u0430\u043a\u043e\u0432\u043a\u0438, \u0430\u043a\u0441\u0435\u0441\u0441\u0443\u0430\u0440\u043e\u0432 \u043f\u0440\u043e\u0438\u0437\u0432\u043e\u0434\u0438\u0442\u0441\u044f \u0442\u043e\u043b\u044c\u043a\u043e \u043f\u043e\u0441\u043b\u0435 \u043f\u043e\u043b\u043d\u043e\u0439 \u043e\u043f\u043b\u0430\u0442\u044b \u0442\u043e\u0432\u0430\u0440\u0430.<\/p><p>\u041f\u0440\u043e\u0433\u0440\u0430\u043c\u043c\u0430 \u0440\u0430\u0431\u043e\u0442\u044b<br \/>\u041f\u043e\u043d\u0435\u0434\u0435\u043b\u044c\u043d\u0438\u043a-\u043f\u044f\u0442\u043d\u0438\u0446\u0430: 9:00 &#8211; 19:00<\/p><p>\u0410\u0434\u0440\u0435\u0441<br \/>\u0418\u043b\u0438. \u041a\u0438\u0448\u0438\u043d\u0435\u0432, \u0421\u0442\u0440\u0430\u0434\u0430. \u041e\u0442\u043e\u0432\u0430\u0441\u043a\u0430 10<\/p>\t\t\t\t\t\t\t\t<\/div>\n\t\t\t\t<\/div>\n\t\t\t\t<div class=\"elementor-element elementor-element-a03a33e elementor-widget elementor-widget-html\" data-id=\"a03a33e\" data-element_type=\"widget\" data-widget_type=\"html.default\">\n\t\t\t\t<div class=\"elementor-widget-container\">\n\t\t\t\t\t<iframe src=\"https:\/\/www.google.com\/maps\/embed?pb=!1m17!1m12!1m3!1d2719.973356363034!2d28.871717999999998!3d47.021128!2m3!1f0!2f0!3f0!3m2!1i1024!2i768!4f13.1!3m2!1m1!2zNDfCsDAxJzE2LjEiTiAyOMKwNTInMTguMiJF!5e0!3m2!1sro!2s!4v1706708663874!5m2!1sro!2s\" width=\"600\" height=\"600\" style=\"border:0;\" allowfullscreen=\"\" loading=\"lazy\" referrerpolicy=\"no-referrer-when-downgrade\"><\/iframe>\t\t\t\t<\/div>\n\t\t\t\t<\/div>\n\t\t\t\t\t<\/div>\n\t\t<\/div>\n\t\t\t\t\t<\/div>\n\t\t<\/section>\n\t\t\t\t<\/div>\n\t\t\t\t\t\t\t\t\t\t\t\t\t<\/div>\n\n\t\t\t\t\t\t\t<\/div>\n\t\t<\/div>\n\t\t\t\t\t\t<\/div>\n\t\t\t\t<\/div>\n\t\t\t\t\t<\/div>\n\t\t<\/div>\n\t\t\t\t\t<\/div>\n\t\t<\/section>\n\t\t\t\t<\/div>","protected":false},"excerpt":{"rendered":"<p>Informa\u021bii despre livrare Livrarea \u00een toat\u0103 Republica Moldova Livrare \u00een chi\u0219in\u0103u Ridicare personal\u0103 Condi\u021biile de livrare \u00een Moldova: Livrarea pe<\/p>","protected":false},"author":198,"featured_media":0,"parent":0,"menu_order":0,"comment_status":"closed","ping_status":"closed","template":"","meta":{"_acf_changed":false,"footnotes":""},"class_list":["post-14912","page","type-page","status-publish","hentry"],"acf":[],"_links":{"self":[{"href":"https:\/\/tehnomag.md\/ru\/wp-json\/wp\/v2\/pages\/14912","targetHints":{"allow":["GET"]}}],"collection":[{"href":"https:\/\/tehnomag.md\/ru\/wp-json\/wp\/v2\/pages"}],"about":[{"href":"https:\/\/tehnomag.md\/ru\/wp-json\/wp\/v2\/types\/page"}],"author":[{"embeddable":true,"href":"https:\/\/tehnomag.md\/ru\/wp-json\/wp\/v2\/users\/198"}],"replies":[{"embeddable":true,"href":"https:\/\/tehnomag.md\/ru\/wp-json\/wp\/v2\/comments?post=14912"}],"version-history":[{"count":0,"href":"https:\/\/tehnomag.md\/ru\/wp-json\/wp\/v2\/pages\/14912\/revisions"}],"wp:attachment":[{"href":"https:\/\/tehnomag.md\/ru\/wp-json\/wp\/v2\/media?parent=14912"}],"curies":[{"name":"wp","href":"https:\/\/api.w.org\/{rel}","templated":true}]}}