{"id":14907,"date":"2024-02-27T10:25:52","date_gmt":"2024-02-27T10:25:52","guid":{"rendered":"http:\/\/tehnomag.md\/?page_id=14907"},"modified":"2024-02-27T10:27:23","modified_gmt":"2024-02-27T10:27:23","slug":"informatie-pentru-consumatori","status":"publish","type":"page","link":"https:\/\/tehnomag.md\/ru\/informatie-pentru-consumatori\/","title":{"rendered":"\u0418\u043d\u0444\u043e\u0440\u043c\u0430\u0446\u0438\u044f \u0434\u043b\u044f \u043f\u043e\u0442\u0440\u0435\u0431\u0438\u0442\u0435\u043b\u0435\u0439"},"content":{"rendered":"<div data-elementor-type=\"wp-page\" data-elementor-id=\"14907\" class=\"elementor elementor-14907\">\n\t\t\t\t\t\t<section class=\"elementor-section elementor-top-section elementor-element elementor-element-e1d8b15 elementor-section-boxed elementor-section-height-default elementor-section-height-default wd-section-disabled\" data-id=\"e1d8b15\" data-element_type=\"section\">\n\t\t\t\t\t\t<div class=\"elementor-container elementor-column-gap-default\">\n\t\t\t\t\t<div class=\"elementor-column elementor-col-100 elementor-top-column elementor-element elementor-element-408823c\" data-id=\"408823c\" data-element_type=\"column\">\n\t\t\t<div class=\"elementor-widget-wrap elementor-element-populated\">\n\t\t\t\t\t\t<div class=\"elementor-element elementor-element-74a57c2 elementor-widget elementor-widget-wd_title\" data-id=\"74a57c2\" data-element_type=\"widget\" data-widget_type=\"wd_title.default\">\n\t\t\t\t<div class=\"elementor-widget-container\">\n\t\t\t\t\t\t\t<div class=\"title-wrapper set-mb-s reset-last-child wd-title-color-default wd-title-style-default wd-title-size-default text-left\">\n\n\t\t\t\n\t\t\t<div class=\"liner-continer\">\n\t\t\t\t<h4 class=\"woodmart-title-container title wd-fontsize-l\">\u0418\u043d\u0444\u043e\u0440\u043c\u0430\u0446\u0438\u044f \u0434\u043b\u044f \u043f\u043e\u0442\u0440\u0435\u0431\u0438\u0442\u0435\u043b\u0435\u0439<br \/>\n<\/h4> \n\t\t\t\t\t\t\t<\/div>\n\n\t\t\t\t\t\t\t<div class=\"title-after_title set-cont-mb-s reset-last-child wd-fontsize-xs\">\n\t\t\t\t\t<p>Autoritatea abilitat\u0103 cu func\u0163ii de protec\u0163ie a consumatorilor:<\/p>Agen\u0163ia pentru Protec\u021bia Consumatorilor \u0219i Supravegherea Pie\u021bei<p><b>Adresa:\u00a0<\/b>mun.Chi\u0219in\u0103u, str. Vasile Alecsandri 78<br \/><b>Telefon:<\/b>\u00a0(022) 51-51-51; 0-800-28-028<br \/><b>Email:\u00a0<\/b>consumator@apc.gov.md<br \/><b>Web:\u00a0<\/b><a class=\"lnk lnk-black\" href=\"http:\/\/www.consumator.gov.md\/rom\" target=\"_blank\" rel=\"nofollow noopener\"><span class=\"lnk-inner\"><span class=\"lnk-txt\">consumator.gov.md<\/span><\/span><\/a><\/p><p>Examinarea reclama\u021biei se efectueaz\u0103 la prezentarea bonului de cas\u0103, sau a unui alt document care confirm\u0103 faptul cump\u0103r\u0103rii produsului sau prest\u0103rii serviciului.<\/p>\t\t\t\t<\/div>\n\t\t\t\t\t<\/div>\n\t\t\t\t\t\t<\/div>\n\t\t\t\t<\/div>\n\t\t\t\t\t<\/div>\n\t\t<\/div>\n\t\t\t\t\t<\/div>\n\t\t<\/section>\n\t\t\t\t<\/div>","protected":false},"excerpt":{"rendered":"<p>Informa\u0163ie pentru Consumatori Autoritatea abilitat\u0103 cu func\u0163ii de protec\u0163ie a consumatorilor: Agen\u0163ia pentru Protec\u021bia Consumatorilor \u0219i Supravegherea Pie\u021bei Adresa:\u00a0mun.Chi\u0219in\u0103u, str.<\/p>","protected":false},"author":198,"featured_media":0,"parent":0,"menu_order":0,"comment_status":"closed","ping_status":"closed","template":"","meta":{"_acf_changed":false,"footnotes":""},"class_list":["post-14907","page","type-page","status-publish","hentry"],"acf":[],"_links":{"self":[{"href":"https:\/\/tehnomag.md\/ru\/wp-json\/wp\/v2\/pages\/14907","targetHints":{"allow":["GET"]}}],"collection":[{"href":"https:\/\/tehnomag.md\/ru\/wp-json\/wp\/v2\/pages"}],"about":[{"href":"https:\/\/tehnomag.md\/ru\/wp-json\/wp\/v2\/types\/page"}],"author":[{"embeddable":true,"href":"https:\/\/tehnomag.md\/ru\/wp-json\/wp\/v2\/users\/198"}],"replies":[{"embeddable":true,"href":"https:\/\/tehnomag.md\/ru\/wp-json\/wp\/v2\/comments?post=14907"}],"version-history":[{"count":0,"href":"https:\/\/tehnomag.md\/ru\/wp-json\/wp\/v2\/pages\/14907\/revisions"}],"wp:attachment":[{"href":"https:\/\/tehnomag.md\/ru\/wp-json\/wp\/v2\/media?parent=14907"}],"curies":[{"name":"wp","href":"https:\/\/api.w.org\/{rel}","templated":true}]}}