{"id":14686,"date":"2024-02-26T15:03:53","date_gmt":"2024-02-26T15:03:53","guid":{"rendered":"http:\/\/tehnomag.md\/?page_id=14686"},"modified":"2024-03-01T10:48:58","modified_gmt":"2024-03-01T10:48:58","slug":"termeni-si-conditii","status":"publish","type":"page","link":"https:\/\/tehnomag.md\/ru\/termeni-si-conditii\/","title":{"rendered":"\u0423\u0441\u043b\u043e\u0432\u0438\u044f \u0438 \u043f\u043e\u043b\u043e\u0436\u0435\u043d\u0438\u044f"},"content":{"rendered":"<div data-elementor-type=\"wp-page\" data-elementor-id=\"14686\" class=\"elementor elementor-14686\">\n\t\t\t\t\t\t<section class=\"elementor-section elementor-top-section elementor-element elementor-element-320a8cb elementor-section-boxed elementor-section-height-default elementor-section-height-default wd-section-disabled\" data-id=\"320a8cb\" data-element_type=\"section\">\n\t\t\t\t\t\t<div class=\"elementor-container elementor-column-gap-default\">\n\t\t\t\t\t<div class=\"elementor-column elementor-col-100 elementor-top-column elementor-element elementor-element-2e4332f\" data-id=\"2e4332f\" data-element_type=\"column\">\n\t\t\t<div class=\"elementor-widget-wrap elementor-element-populated\">\n\t\t\t\t\t\t<div class=\"elementor-element elementor-element-9aaec42 elementor-widget elementor-widget-wd_title\" data-id=\"9aaec42\" data-element_type=\"widget\" data-widget_type=\"wd_title.default\">\n\t\t\t\t<div class=\"elementor-widget-container\">\n\t\t\t\t\t\t\t<div class=\"title-wrapper set-mb-s reset-last-child wd-title-color-default wd-title-style-default wd-title-size-default text-left\">\n\n\t\t\t\n\t\t\t<div class=\"liner-continer\">\n\t\t\t\t<h4 class=\"woodmart-title-container title wd-fontsize-l\">\u0423\u0441\u043b\u043e\u0432\u0438\u044f \u0438 \u043f\u043e\u043b\u043e\u0436\u0435\u043d\u0438\u044f<\/h4> \n\t\t\t\t\t\t\t<\/div>\n\n\t\t\t\t\t<\/div>\n\t\t\t\t\t\t<\/div>\n\t\t\t\t<\/div>\n\t\t\t\t<div class=\"elementor-element elementor-element-b360c35 color-scheme-inherit text-left elementor-widget elementor-widget-text-editor\" data-id=\"b360c35\" data-element_type=\"widget\" data-widget_type=\"text-editor.default\">\n\t\t\t\t<div class=\"elementor-widget-container\">\n\t\t\t\t\t\t\t\t\t<p>Prezen\u021bii Termeni \u0219i Condi\u021bii de utilizare a magazinului online www.tehnomag.md sunt aplicabile comenzilor pentru achizi\u021bionarea produselor\/serviciilor oferite de compania Alvisteh SRL prin intermediul site-ului.<\/p><p>Pentru folosirea \u00een bune condi\u021bii a site-ului, v\u0103 recomand\u0103m familiarizarea cu aten\u021bie a Termenilor \u0219i Condi\u021bii-lor prezentate. Ne rezerv\u0103m dreptul de a face modific\u0103ri ale acestor prevederi, f\u0103r\u0103 o notificare prealabil\u0103.<\/p><ol><li><strong>DISPOZI\u021aII GENERALE<\/strong><\/li><\/ol><p>Acest site este de\u021binut de Alvisteh SRL. La \u00eenregistrarea comenzii in magazinul online, Cump\u0103r\u0103torul\u00a0 accepta Termeni si Condi\u021biile de v\u00e2nzare a bunurilor\/produselor \u0219i\/sau prestare a serviciilor\u00a0 care sunt baza\u021bi pe legisla\u021bia RM (in continuare \u2013 Termeni \u0219i Condi\u021bii) prezentate mai jos.<\/p><p>Utilizarea website-ului presupune acceptarea Termeni si Condi\u021bii propuse de c\u0103tre Alvisteh SRL, \u00een conformitate cu Legea nr.284\/2004 privind Comer\u021bul Electronic. Rela\u021biile dintre client si v\u00e2nz\u0103tor sunt stabilite \u00een baza Legii nr.105\/2003 cu privire la Protec\u021bia drepturilor consumatorului, si a altor acte normative adoptate \u00een conformitate cu aceasta.<\/p><p>V\u00e2nz\u0103torul \u00ee\u0219i rezerva dreptul de a modifica Termenii si Condi\u021biile date, iar Cump\u0103r\u0103torul este obligat sa monitorizeze modific\u0103rile.<\/p><ol start=\"2\"><li><strong> PROTEC\u021aIA DATELOR CU CARACTER PERSONAL\u00a0<\/strong><\/li><\/ol><p>Prin utilizarea site-ului www.tehnomag.md , sunte\u021bi de acord \u00een mod automat cu colectarea \u0219i prelucrarea datelor cu caracter personal, care sunt necesare pentru procesarea\/confirmarea\/executarea comenzilor.<\/p><p>Datele personale se prelucreaz\u0103 doar pentru scopuri legitime, precum acela de a furniza produsele pe care le comanzi, promo\u021bii, google analytics, cookies \u0219i notific\u0103ri\\newsletter.<\/p><p>Toat\u0103 informa\u021bia ce con\u021bine date cu caracter personal este stocat\u0103 \u0219i utilizat\u0103 doar pentru perioada necesar\u0103 atingerii scopurilor pentru care a fost colectat\u0103 \u0219i \u00een conformitate cu prevederile stabilite de Legea nr. 133\/2011 privind protec\u021bia datelor cu caracter personal.<\/p><p>Noi folosim m\u0103suri de securitate comerciale pentru a preveni accesul neautorizat, men\u021binerea exactit\u0103\u021bii date-lor \u0219i pentru asigurarea utiliz\u0103rii corecte a informa\u021biei de pe site. Transmiterea datelor pe internet sau prin re\u021bea wireless nu poate fi protejata \u00een totalitate. Prin urmare, la fel ca alte companii, noi nu putem garanta securitatea informa\u021biei pe care o ofer\u0103 Cump\u0103r\u0103torului, astfel, el va face acest lucru pe propria r\u0103spundere.<\/p><ol start=\"3\"><li><strong> \u00ceNREGISTRAREA \u0218I ACHITAREA COMENZII<\/strong><\/li><\/ol><p>Achitarea comenzilor este posibil\u0103 cu cardul de plat\u0103 \u2013 la primirea comenzii ve\u021bi primi bonul fiscal ce va confirma plata.<\/p><p>Plata online se face \u00een condi\u021bii de siguran\u021ba maxima folosind ca instrument de plat\u0103 cardul de plat\u0103, care permite efectuarea de tranzac\u021bii online. Dup\u0103 efectuarea pl\u0103\u021bii ve\u021bi primi o confirmare de plata pe adresa dvs. de email.<\/p><p>Procesatorul de plata folose\u0219te un sistem securizat, bazat pe ultima versiunea a standardului de securitate 3D-Secure ceea ce \u00eenseamn\u0103 o nou\u0103 abordare global\u0103 a autentific\u0103rii cump\u0103r\u0103torilor \u00een tranzac\u021bii sigure online. Aceasta m\u0103sura de siguran\u021ba presupune redirec\u021bionarea utilizatorului \u00een momentul efectu\u0103rii pla\u021bii pe o pagina securizata <strong>maib<\/strong> unde autentificarea fiec\u0103rui de\u021bin\u0103tor de card se face prin atribuirea unui cod de unic\u0103 folosin\u021be pentru fiecare tranzac\u021bie online.<br \/><span style=\"font-size: 14px;\">Rambursarea mijloacelor b\u0103ne\u0219ti se efectueaz\u0103 doar pe cardul de plat\u0103 care a fost folosit pentru achizi\u021bie.<\/span><\/p><p>Pentru a efectua o plat\u0103, va trebui s\u0103 introduce\u021bi detaliile cardului dvs. bancar. Transferul acestor informa\u021bii se face \u00een conformitate cu toate m\u0103surile de securitate necesare. Informa\u021biile sunt transmise \u00een form\u0103 criptat\u0103 \u0219i sunt stocate numai pe un server specializat al sistemului de pl\u0103\u021bi.<\/p><p>Pentru efectuarea pl\u0103\u021bii vor fi solicitate urm\u0103toarele date:<\/p><ul><li style=\"list-style-type: none;\"><ul><li>Num\u0103rul cardului (16 cifre)<\/li><li>Data expir\u0103rii (luna \u0219i anul)<\/li><li>Codul CVC sau CVV (3 cifre)<\/li><li>Numele \u0219i prenumele de pe cardul de plat\u0103<\/li><\/ul><\/li><\/ul><p>\u00cen cazul \u00een care valuta cardului difer\u0103 de valuta tranzac\u021biei (MDL), atunci la convertirea sumei re\u021binute din contul de card se vor aplica condi\u021biile b\u0103ncii emitente.<\/p><ol start=\"4\"><li><strong> LIVRAREA PRODUSELOR \/ M\u0102RFURILOR \/ SERVICIILOR<\/strong><\/li><\/ol><p>Dup\u0103 \u00eenregistrarea comenzii, cump\u0103r\u0103torului i se ofer\u0103 informa\u021bia privind data preconizat\u0103 de transmitere a comenzii de c\u0103tre curieri \/ serviciul de livrare.<\/p><p>Livrarea \u00een raza mun. Chi\u0219in\u0103u se efectueaz\u0103 \u00een timp de 24 ore de la confirmarea a comenzii de c\u0103tre operatorii no\u0219tri. Livrarea se efectueaz\u0103 de la ora 10.00 \u00a0p\u00e2n\u0103 la ora 22.00 \u00a0\u0219i este\u00a0<strong>gratuit\u0103<\/strong>\u00a0pentru comenzi de minim \u00a01000 MDL, pentru comenzi cu valoare mai mic\u0103 se achit\u0103 livrarea 50 MDL (care va fi inclus\u0103 \u00een suma total\u0103 a tranzac\u021biei\/comenzii).<\/p><p>Livrarea pe teritoriul R.Moldova se efectueaz\u0103 \u00een timp de 96 ore, de la confirmarea comenzii de c\u0103tre operatorii no\u0219tri. Livrarea se efectueaz\u0103 de la ora 10 p\u00e2n\u0103 la ora 20 \u00a0\u0219i este\u00a0<strong>gratuit\u0103<\/strong>\u00a0pentru comenzi de minim 15000 MDL, pentru comenzi cu valoare mai mic\u0103 se achit\u0103 livrarea 500 MDL (care va fi inclus\u0103 \u00een suma total\u0103 a tranzac\u021biei\/comenzii).<\/p><p>\u00cen zilele de duminic\u0103 sau s\u0103rb\u0103toare na\u021bional\u0103 nu se efectueaz\u0103 livr\u0103ri.<\/p><p>Termenul de livrare se poate extinde \u00een anumite situa\u021bii izolate (de exemplu: condi\u021bii meteo nefavorabile, perioadele s\u0103rb\u0103torilor legale, probleme tehnice neprev\u0103zute etc). V\u0103 vom notifica \u00een cazul \u00een care \u00eent\u00e2mpin\u0103m una dintre situa\u021biile izolate \u00een prealabil.<\/p><p>Pute\u021bi alege orice adresa pentru livrare \u2013 acas\u0103, \u00een oficiu sau oricare alt\u0103 adres\u0103, f\u0103r\u0103 achit\u0103ri suplimentare. Noi accept\u0103m o singur\u0103 adres\u0103 de livrare pentru fiecare comand\u0103. \u00cen cazul \u00een care ave\u021bi nevoie pentru a livra comanda pe diferite adrese, v\u0103 rug\u0103m s\u0103 \u00eenregistra\u021bi comenzi diferite pentru fiecare adres\u0103.<\/p><p>La primirea produselor, v\u0103 rug\u0103m \u00een prezen\u021ba curierului s\u0103 verifica\u021bi integritatea ambalajului, prezen\u021ba bonului fiscal. Orice preten\u021bie ulterioar\u0103 cu privire la aceste aspecte nu vor fi acceptate.<\/p><ol start=\"5\"><li><strong> DREPTUL LA RETUR <\/strong><\/li><\/ol><p><strong>Conform no\u021biunii din Legea nr. 105-XV din 13 martie 2013 privind protec\u021bia consumatorilor <\/strong><strong>Cump\u0103r\u0103torul are dreptul de a returna produs\/marfa procurat\u0103 din anumite motive \u00een timp de 14 zile de la ziua achit\u0103rii. Mijloacele b\u0103ne\u0219ti sunt returnate pe cardul de pe care s-a efectuat cump\u0103r\u0103tura.<\/strong><\/p><p><strong>Articolele de <\/strong><strong>Mobila,<\/strong> Bunuri de uz casnic complexe din punct de vedere tehnic pentru care sunt stabilite perioade de garan\u021bie (ma\u0219ini \u0219i dispozitive electrice, echipamente radio-electronice, echipamente de calcul \u0219i copiere de uz casnic, echipamente fotografice \u0219i de filmare, echipamente telefonice (fixe \u0219i mobile) \u0219i fax, instrumente muzicale electrice, echipamente de gaz de uz casnic \u0219i dispozitive).,<strong> nu pot fi schimbate sau returnate, <\/strong>\u00een conformitate cu\u00a0 Anexa nr.2 a Hot\u0103r\u00e2rii Guvernului \u21161465 din\u00a008.12.2003 (MO248-253\/19.12.2003), \u00een redac\u021bia\u00a0Hot\u0103r\u00e2rii Guvernului \u21161188 din\u00a002.11.2007 (\u041c\u041e175\/09.11.2007)<strong>.<\/strong><\/p><p><strong>Contactele companiei in caz de retur: <\/strong><strong>+373 60522899<\/strong><\/p><p><strong>Termenul de procesare a cererii de retur: <\/strong><strong>14 zile<\/strong><\/p><p><strong>Condi\u021biile de retur: <\/strong><strong>Cump\u0103r\u0103torul nu este o persoan\u0103 juridic\u0103; Exist\u0103 o chitan\u021b\u0103 de numerar sau alt document care atest\u0103 faptul cump\u0103r\u0103rii; Produsul nu a fost folosit, s-a p\u0103strat aspectul original; Produsul vine cu ambalajul original complet, nedeteriorat; S-a p\u0103strat setul complet de bunuri: accesorii, consumabile, documenta\u021bia de \u00eenso\u021bire \u0219i software, iar ambalajul acestora nu a fost deteriorat; Produsul nu a fost activat.<\/strong><\/p><ol start=\"6\"><li><strong> POLITICA DE CONFIDEN\u021aIALITATE<\/strong><\/li><\/ol><p>\u00cen conformitate cu prevederile Legii Nr.133\/2011 privind protec\u021bia datelor cu caracter personal, furnizorul de servicii prelucreaz\u0103 date cu caracter personal. Datele cu caracter personal sunt prelucrate cu buna-credin\u021b\u0103 \u0219i se face \u00een temeiul \u0219i \u00een conformitate cu prevederile legale. Prelucrarea datelor cu caracter personal se realizeaz\u0103 prin mijloace mixte (automate \u0219i manuale), cu respectarea cerin\u021belor legale \u0219i \u00een condi\u021bii care s\u0103 asigure securitatea, confiden\u021bialitatea \u0219i respectarea drepturilor persoanelor vizate.<\/p><p>Furnizorul colecteaz\u0103 \u0219i prelucreaz\u0103 doar datele personale furnizate de consumatori la efectuarea comenzii: nume, prenume, num\u0103r de telefon, adresa, adresa po\u0219tal\u0103.<\/p><p>Datele personale sunt utilizate exclusiv \u00een scopul administr\u0103rii site-ului, pentru a permite accesul la informa\u021bii special, pentru livrarea comenzilor sau pentru a contacta consumatorul \u00een vederea execut\u0103rii livr\u0103rii. Prin prezenta informare, utilizatorii \u0219i consumatorii iau cuno\u0219tin\u021b\u0103 despre faptul c\u0103 li se vor prelucra \u0219i utiliza datele cu caracter personal (nume, prenume, num\u0103r de telefon, adresa, adresa po\u0219tal\u0103). Furnizorul de servicii prelucreaz\u0103 datele cu caracter personal ale utilizatorilor \u0219i consumatorilor care sunt furnizate prin navigarea, folosirea \u0219i \u00eenregistrarea pe site-ul <strong>www.tehnomag.md<\/strong><\/p><p>Orice informa\u021bie furnizat\u0103 de c\u0103tre utilizatorii \u0219i consumatorii site-ului <strong>www.tehnomag.md<\/strong>, va fi considerat\u0103 \u0219i va reprezenta consim\u021b\u0103m\u00e2ntul expres ca datele personale s\u0103 fie folosite de Furnizor.<\/p><p>Furnizorul nu va dezv\u0103lui unei ter\u021be p\u0103r\u021bi niciuna dintre datele de\u021binute, f\u0103r\u0103 acordul persoanelor vizate \u0219i nu va comercializa, schimba, divulga aceste date cu alte persoane, cu excep\u021biile prev\u0103zute de legisla\u021bia \u00een vigoare (la solicitarea institu\u021biilor publice ale statului, organele de drept, instan\u021belor de judecat\u0103, de asemenea autorizate s\u0103 prelucreze date cu caracter personal).<\/p><p>Datele cu caracter personal pot fi prelucrate \u0219i utilizate de c\u0103tre Furnizor \u0219i \u00een scopuri statistice \u0219i de promovare ulterioar\u0103.<\/p><p>Furnizorul de servicii \u00eendepline\u0219te cerin\u021bele de securitate a datelor cu caracter personal \u0219i asigur\u0103 protec\u021bia datelor consumatorilor \u0219i le protejeaz\u0103 pentru a nu fi pierdute, distruse, distorsionate\/falsificate sau divulgate ter\u021belor persoane.<\/p><p>Angaja\u021bii furnizorului de servicii sunt obliga\u021bi s\u0103 respecte confiden\u021bialitatea datelor personale ale consumatorilor. Prelucrarea datelor cu caracter personal va fi realizat\u0103 de persoana \u00eemputernicit\u0103 a Furnizorului.<\/p><p>Furnizorul utilizeaz\u0103 metode \u0219i tehnologii de securitate conform prevederilor legale \u00een vigoare.<\/p><p>Furnizorul nu colecteaz\u0103 informa\u021bii referitoare la tranzac\u021bii, cum ar fi nr. la card, data expir\u0103rii, \u021bara de origine.<\/p><p>Pentru mai multe detalii \u0219i informa\u021bii orice persoan\u0103 interesat\u0103 se poate adresa printr-un email la <strong>info@tehnomag.md<\/strong> sau prin telefon la num\u0103rul <strong>+373 60522899<\/strong><\/p><ol start=\"7\"><li><strong>D<\/strong><strong>ATELE DE CONTACT<\/strong><\/li><\/ol><p>Denumirea juridica a companiei: <strong>Alvisteh SRL<\/strong><\/p><p>IDNO: <strong>1015600029626<\/strong><\/p><p>Adresa juridica<strong>: str. Gh.Ghimpu 23\/1<\/strong><\/p><p>Adresa fizica: <strong>str. Otovasca 10<\/strong><br \/>Telefon de contact:<strong> +373 69258196<\/strong><\/p><p>Email de contact: <strong>alvisteh15@mail.com<\/strong><\/p>\t\t\t\t\t\t\t\t<\/div>\n\t\t\t\t<\/div>\n\t\t\t\t\t<\/div>\n\t\t<\/div>\n\t\t\t\t\t<\/div>\n\t\t<\/section>\n\t\t\t\t<\/div>","protected":false},"excerpt":{"rendered":"<p>Termeni \u0219i condi\u021bii Prezen\u021bii Termeni \u0219i Condi\u021bii de utilizare a magazinului online www.tehnomag.md sunt aplicabile comenzilor pentru achizi\u021bionarea produselor\/serviciilor oferite<\/p>","protected":false},"author":198,"featured_media":0,"parent":0,"menu_order":0,"comment_status":"closed","ping_status":"closed","template":"","meta":{"_acf_changed":false,"footnotes":""},"class_list":["post-14686","page","type-page","status-publish","hentry"],"acf":[],"_links":{"self":[{"href":"https:\/\/tehnomag.md\/ru\/wp-json\/wp\/v2\/pages\/14686","targetHints":{"allow":["GET"]}}],"collection":[{"href":"https:\/\/tehnomag.md\/ru\/wp-json\/wp\/v2\/pages"}],"about":[{"href":"https:\/\/tehnomag.md\/ru\/wp-json\/wp\/v2\/types\/page"}],"author":[{"embeddable":true,"href":"https:\/\/tehnomag.md\/ru\/wp-json\/wp\/v2\/users\/198"}],"replies":[{"embeddable":true,"href":"https:\/\/tehnomag.md\/ru\/wp-json\/wp\/v2\/comments?post=14686"}],"version-history":[{"count":0,"href":"https:\/\/tehnomag.md\/ru\/wp-json\/wp\/v2\/pages\/14686\/revisions"}],"wp:attachment":[{"href":"https:\/\/tehnomag.md\/ru\/wp-json\/wp\/v2\/media?parent=14686"}],"curies":[{"name":"wp","href":"https:\/\/api.w.org\/{rel}","templated":true}]}}