{"id":66258,"date":"2025-06-24T10:13:06","date_gmt":"2025-06-24T10:13:06","guid":{"rendered":"https:\/\/tehnomag.md\/?post_type=product&#038;p=66258"},"modified":"2025-07-19T08:16:55","modified_gmt":"2025-07-19T08:16:55","slug":"frigider-candy-cce4t618ew","status":"publish","type":"product","link":"http:\/\/tehnomag.md\/ru\/catalog\/electrocasnice\/electrocasnice-mari\/frigidere\/frigidere-cu-congelator-jos\/frigider-candy-cce4t618ew\/","title":{"rendered":"Frigider CANDY CCE4T618EW"},"content":{"rendered":"<p>Tip frigider cu gongelator jos<br \/>\nAranjament congelator &#8211; cu congelator inferior<br \/>\nVolumul util total, l -341<br \/>\nVolumul camerei frigider, l &#8211; 222<br \/>\nCapacitate congelator, l -119<br \/>\nTip compresor &#8211; standard<br \/>\nNum\u0103rul de compresoare &#8211; 1<br \/>\nAgent frigorific -R600a<br \/>\nSistem de dezghetare<br \/>\nDezghe\u021barea frigiderului. camere -No Frost<br \/>\nDezghe\u021barea congelatoarelor. camere -No Frost<br \/>\nConsumul de energie pe an, kWh &#8211; 256<br \/>\nClima. clasa &#8211; N\/ST<br \/>\nRafturi frigidere<br \/>\nNum\u0103rul de rafturi \u00een camera frigorific\u0103 &#8211; 4<br \/>\nMaterial rafturi &#8211; Sticla<br \/>\nRaft pe u\u0219a holului. camere &#8211; 5<br \/>\nMaterial rafturi de pe usa &#8211; Plastic<br \/>\n\u041c\u043e\u0440\u043e\u0437\u0438\u043b\u044c\u043d\u0438\u043a<br \/>\nNumar de sertare\/rafturi in inghet. camera &#8211; 3<br \/>\nMaterial cutii &#8211; Plastic<br \/>\nU\u015f\u0103<br \/>\nDirec\u021bia de deschidere a u\u0219ii &#8211; de la st\u00e2nga la dreapta<br \/>\nSchimba\u021bi direc\u021bia de deschidere a u\u0219ii &#8211; Da<br \/>\nParametri generali<br \/>\nGreutate, kg -63<br \/>\nGarantie, luni &#8211; 24<br \/>\nTara Romania<br \/>\nDimensiuni (\u00een\u0103l\u021bime x l\u0103\u021bime x ad\u00e2ncime)<br \/>\n\u00cen\u0103l\u021bime, cm &#8211; 185<br \/>\nLatime, cm &#8211; 59,5<br \/>\nAd\u00e2ncime, cm &#8211; 65,8<br \/>\nCongelare<br \/>\nCapacitate de congelare, kg\/zi &#8211; 5,4<br \/>\nControl &#8211; Electronic<\/p>","protected":false},"excerpt":{"rendered":"<p>Tip frigider cu gongelator jos<br \/>\nAranjament congelator &#8211; cu congelator inferior<br \/>\nVolumul util total, l -341<br \/>\nVolumul camerei frigider, l &#8211; 222<br \/>\nCapacitate congelator, l -119<br \/>\nTip compresor &#8211; standard<br \/>\nNum\u0103rul de compresoare &#8211; 1<br \/>\nAgent frigorific -R600a<br \/>\nSistem de dezghetare<br \/>\nDezghe\u021barea frigiderului. camere -No Frost<br \/>\nDezghe\u021barea congelatoarelor. camere -No Frost<br \/>\nConsumul de energie pe an, kWh &#8211; 256<br \/>\nClima. clasa &#8211; N\/ST<br \/>\nRafturi frigidere<br \/>\nNum\u0103rul de rafturi \u00een camera frigorific\u0103 &#8211; 4<br \/>\nMaterial rafturi &#8211; Sticla<br \/>\nRaft pe u\u0219a holului. camere &#8211; 5<br \/>\nMaterial rafturi de pe usa &#8211; Plastic<br \/>\n\u041c\u043e\u0440\u043e\u0437\u0438\u043b\u044c\u043d\u0438\u043a<br \/>\nNumar de sertare\/rafturi in inghet. camera &#8211; 3<br \/>\nMaterial cutii &#8211; Plastic<br \/>\nU\u015f\u0103<br \/>\nDirec\u021bia de deschidere a u\u0219ii &#8211; de la st\u00e2nga la dreapta<br \/>\nSchimba\u021bi direc\u021bia de deschidere a u\u0219ii &#8211; Da<br \/>\nParametri generali<br \/>\nGreutate, kg -63<br \/>\nGarantie, luni &#8211; 24<br \/>\nTara Romania<br \/>\nDimensiuni (\u00een\u0103l\u021bime x l\u0103\u021bime x ad\u00e2ncime)<br \/>\n\u00cen\u0103l\u021bime, cm &#8211; 185<br \/>\nLatime, cm &#8211; 59,5<br \/>\nAd\u00e2ncime, cm &#8211; 65,8<br \/>\nCongelare<br \/>\nCapacitate de congelare, kg\/zi &#8211; 5,4<br \/>\nControl &#8211; Electronic<\/p>","protected":false},"featured_media":66292,"template":"","meta":{"_acf_changed":false},"product_brand":[],"product_cat":[8714],"product_tag":[],"class_list":{"0":"post-66258","1":"product","2":"type-product","3":"status-publish","4":"has-post-thumbnail","6":"product_cat-frigidere-cu-congelator-jos","8":"first","9":"instock","10":"shipping-taxable","11":"purchasable","12":"product-type-simple"},"acf":[],"_links":{"self":[{"href":"http:\/\/tehnomag.md\/ru\/wp-json\/wp\/v2\/product\/66258","targetHints":{"allow":["GET"]}}],"collection":[{"href":"http:\/\/tehnomag.md\/ru\/wp-json\/wp\/v2\/product"}],"about":[{"href":"http:\/\/tehnomag.md\/ru\/wp-json\/wp\/v2\/types\/product"}],"wp:featuredmedia":[{"embeddable":true,"href":"http:\/\/tehnomag.md\/ru\/wp-json\/wp\/v2\/media\/66292"}],"wp:attachment":[{"href":"http:\/\/tehnomag.md\/ru\/wp-json\/wp\/v2\/media?parent=66258"}],"wp:term":[{"taxonomy":"product_brand","embeddable":true,"href":"http:\/\/tehnomag.md\/ru\/wp-json\/wp\/v2\/product_brand?post=66258"},{"taxonomy":"product_cat","embeddable":true,"href":"http:\/\/tehnomag.md\/ru\/wp-json\/wp\/v2\/product_cat?post=66258"},{"taxonomy":"product_tag","embeddable":true,"href":"http:\/\/tehnomag.md\/ru\/wp-json\/wp\/v2\/product_tag?post=66258"}],"curies":[{"name":"wp","href":"https:\/\/api.w.org\/{rel}","templated":true}]}}