{"id":66014,"date":"2025-06-24T10:11:31","date_gmt":"2025-06-24T10:11:31","guid":{"rendered":"https:\/\/tehnomag.md\/?post_type=product&#038;p=66014"},"modified":"2025-07-19T08:16:43","modified_gmt":"2025-07-19T08:16:43","slug":"plita-cu-inductie-midea-sky2113","status":"publish","type":"product","link":"http:\/\/tehnomag.md\/ru\/catalog\/electrocasnice\/electrocasnice-mari\/aragaze\/plita-cu-inductie\/plita-cu-inductie-midea-sky2113\/","title":{"rendered":"Plita cu inductie MIDEA SKY2113"},"content":{"rendered":"<p>Brand MIDEA<br \/>\nModel  SKY2113<br \/>\nGaran\u021bia consumatorului, luni  24<br \/>\nTip instalare &#8211; De mas\u0103<br \/>\nTip plit\u0103 cu induc\u0163ie<br \/>\nSuprafa\u021ba de lucru Sticl\u0103 c\u0103lit\u0103<br \/>\nNumarul de arz\u0103toare 1<br \/>\nAspectul panoului de control Frontal<br \/>\nModul de gestionare buton<br \/>\nL\u0103\u021bime 27 cm<br \/>\nAd\u00eencime 36 cm<br \/>\n\u00cen\u0103l\u021bime 6 cm<\/p>","protected":false},"excerpt":{"rendered":"<p>Brand MIDEA<br \/>\nModel  SKY2113<br \/>\nGaran\u021bia consumatorului, luni  24<br \/>\nTip instalare &#8211; De mas\u0103<br \/>\nTip plit\u0103 cu induc\u0163ie<br \/>\nSuprafa\u021ba de lucru Sticl\u0103 c\u0103lit\u0103<br \/>\nNumarul de arz\u0103toare 1<br \/>\nAspectul panoului de control Frontal<br \/>\nModul de gestionare buton<br \/>\nL\u0103\u021bime 27 cm<br \/>\nAd\u00eencime 36 cm<br \/>\n\u00cen\u0103l\u021bime 6 cm<\/p>","protected":false},"featured_media":66050,"template":"","meta":{"_acf_changed":false},"product_brand":[],"product_cat":[8705],"product_tag":[],"class_list":{"0":"post-66014","1":"product","2":"type-product","3":"status-publish","4":"has-post-thumbnail","6":"product_cat-plita-cu-inductie","8":"first","9":"instock","10":"shipping-taxable","11":"purchasable","12":"product-type-simple"},"acf":[],"_links":{"self":[{"href":"http:\/\/tehnomag.md\/ru\/wp-json\/wp\/v2\/product\/66014","targetHints":{"allow":["GET"]}}],"collection":[{"href":"http:\/\/tehnomag.md\/ru\/wp-json\/wp\/v2\/product"}],"about":[{"href":"http:\/\/tehnomag.md\/ru\/wp-json\/wp\/v2\/types\/product"}],"wp:featuredmedia":[{"embeddable":true,"href":"http:\/\/tehnomag.md\/ru\/wp-json\/wp\/v2\/media\/66050"}],"wp:attachment":[{"href":"http:\/\/tehnomag.md\/ru\/wp-json\/wp\/v2\/media?parent=66014"}],"wp:term":[{"taxonomy":"product_brand","embeddable":true,"href":"http:\/\/tehnomag.md\/ru\/wp-json\/wp\/v2\/product_brand?post=66014"},{"taxonomy":"product_cat","embeddable":true,"href":"http:\/\/tehnomag.md\/ru\/wp-json\/wp\/v2\/product_cat?post=66014"},{"taxonomy":"product_tag","embeddable":true,"href":"http:\/\/tehnomag.md\/ru\/wp-json\/wp\/v2\/product_tag?post=66014"}],"curies":[{"name":"wp","href":"https:\/\/api.w.org\/{rel}","templated":true}]}}