{"id":65633,"date":"2025-06-24T10:09:13","date_gmt":"2025-06-24T10:09:13","guid":{"rendered":"https:\/\/tehnomag.md\/?post_type=product&#038;p=65633"},"modified":"2025-07-19T08:16:22","modified_gmt":"2025-07-19T08:16:22","slug":"aparat-de-spalat-cu-presiune-k-6-special-karcher-1-168-508-0","status":"publish","type":"product","link":"http:\/\/tehnomag.md\/ru\/catalog\/produse-auto\/spalatorii-auto\/aparate-de-spalat-cu-presiune\/aparat-de-spalat-cu-presiune-k-6-special-karcher-1-168-508-0\/","title":{"rendered":"Aparat de spalat cu presiune K 6 special KARCHER 1.168-508.0"},"content":{"rendered":"<p>Apa este furnizat\u0103 de la duza de pulverizare a pistolului de sp\u0103lare sub o presiune maxim\u0103 de p\u00e2n\u0103 la 160 bar. \u00cen func\u021bie de duza selectat\u0103, poate fi utilizat un jet de ap\u0103 la presiune \u00eenalt\u0103 sau joas\u0103. Aparatul folose\u0219te sistemul Quick Connect, iar pistolul de pulverizare la \u00eendem\u00e2n\u0103 cu tub Vario Power este folosit pentru a pulveriza ap\u0103 \u0219i detergent. Chiuveta este echipat\u0103 cu un furtun de \u00eenalt\u0103 presiune de 10 metri \u0219i un cablu de alimentare de 5 metri pentru conectarea la prize de 230 V. Pentru u\u0219urin\u021ba transportului la locul de munc\u0103, chiuveta a fost echipat\u0103 cu ro\u021bi de transport \u0219i un m\u00e2ner confortabil.<\/p>\n<p>Date tehnice<br \/>\nTipul de curent. (V\/Hz)  230 \/ 50<br \/>\nPresiune (bar)  min. &#8211; 20 , max. &#8211; 160<br \/>\nConsum (l\/h) Max. 600<br \/>\nTemperatura de admisie (\u00b0C)  Max. 60<br \/>\nPutere (kW)  3<br \/>\nGreutate ambalaj (kg)  18.9<br \/>\nDimensiuni (L x l x H) (mm)  404 x 461 x 968<br \/>\nEchipament<br \/>\nLance Vario Power Jet<br \/>\nLance cu jet rotativ<br \/>\nFurtun de presiune: 10 m<br \/>\nSistem Quick Connect pe aparat<br \/>\nAplicare detergent: Plug&#8217;N&#8217;Clean<br \/>\nMotor r\u0103cit cu ap\u0103<br \/>\nFiltru fin de ap\u0103 integrat<br \/>\nAdaptor racord furtun de gradin\u0103 A3\/4&#8243;<\/p>","protected":false},"excerpt":{"rendered":"<p>Apa este furnizat\u0103 de la duza de pulverizare a pistolului de sp\u0103lare sub o presiune maxim\u0103 de p\u00e2n\u0103 la 160 bar. \u00cen func\u021bie de duza selectat\u0103, poate fi utilizat un jet de ap\u0103 la presiune \u00eenalt\u0103 sau joas\u0103. Aparatul folose\u0219te sistemul Quick Connect, iar pistolul de pulverizare la \u00eendem\u00e2n\u0103 cu tub Vario Power este folosit pentru a pulveriza ap\u0103 \u0219i detergent. Chiuveta este echipat\u0103 cu un furtun de \u00eenalt\u0103 presiune de 10 metri \u0219i un cablu de alimentare de 5 metri pentru conectarea la prize de 230 V. Pentru u\u0219urin\u021ba transportului la locul de munc\u0103, chiuveta a fost echipat\u0103 cu ro\u021bi de transport \u0219i un m\u00e2ner confortabil.<\/p>\n<p>Date tehnice<br \/>\nTipul de curent. (V\/Hz)  230 \/ 50<br \/>\nPresiune (bar)  min. &#8211; 20 , max. &#8211; 160<br \/>\nConsum (l\/h) Max. 600<br \/>\nTemperatura de admisie (\u00b0C)  Max. 60<br \/>\nPutere (kW)  3<br \/>\nGreutate ambalaj (kg)  18.9<br \/>\nDimensiuni (L x l x H) (mm)  404 x 461 x 968<br \/>\nEchipament<br \/>\nLance Vario Power Jet<br \/>\nLance cu jet rotativ<br \/>\nFurtun de presiune: 10 m<br \/>\nSistem Quick Connect pe aparat<br \/>\nAplicare detergent: Plug&#8217;N&#8217;Clean<br \/>\nMotor r\u0103cit cu ap\u0103<br \/>\nFiltru fin de ap\u0103 integrat<br \/>\nAdaptor racord furtun de gradin\u0103 A3\/4&#8243;<\/p>","protected":false},"featured_media":65674,"template":"","meta":{"_acf_changed":false},"product_brand":[],"product_cat":[8663],"product_tag":[],"class_list":{"0":"post-65633","1":"product","2":"type-product","3":"status-publish","4":"has-post-thumbnail","6":"product_cat-aparate-de-spalat-cu-presiune","8":"first","9":"instock","10":"shipping-taxable","11":"purchasable","12":"product-type-simple"},"acf":[],"_links":{"self":[{"href":"http:\/\/tehnomag.md\/ru\/wp-json\/wp\/v2\/product\/65633","targetHints":{"allow":["GET"]}}],"collection":[{"href":"http:\/\/tehnomag.md\/ru\/wp-json\/wp\/v2\/product"}],"about":[{"href":"http:\/\/tehnomag.md\/ru\/wp-json\/wp\/v2\/types\/product"}],"wp:featuredmedia":[{"embeddable":true,"href":"http:\/\/tehnomag.md\/ru\/wp-json\/wp\/v2\/media\/65674"}],"wp:attachment":[{"href":"http:\/\/tehnomag.md\/ru\/wp-json\/wp\/v2\/media?parent=65633"}],"wp:term":[{"taxonomy":"product_brand","embeddable":true,"href":"http:\/\/tehnomag.md\/ru\/wp-json\/wp\/v2\/product_brand?post=65633"},{"taxonomy":"product_cat","embeddable":true,"href":"http:\/\/tehnomag.md\/ru\/wp-json\/wp\/v2\/product_cat?post=65633"},{"taxonomy":"product_tag","embeddable":true,"href":"http:\/\/tehnomag.md\/ru\/wp-json\/wp\/v2\/product_tag?post=65633"}],"curies":[{"name":"wp","href":"https:\/\/api.w.org\/{rel}","templated":true}]}}