{"id":65601,"date":"2025-06-24T10:08:53","date_gmt":"2025-06-24T10:08:53","guid":{"rendered":"https:\/\/tehnomag.md\/?post_type=product&#038;p=65601"},"modified":"2025-07-19T08:16:22","modified_gmt":"2025-07-19T08:16:22","slug":"aparat-de-spalat-cu-presiune-k-2-power-control-car-karcher-1-673-608-0","status":"publish","type":"product","link":"http:\/\/tehnomag.md\/ru\/catalog\/produse-auto\/spalatorii-auto\/aparate-de-spalat-cu-presiune\/aparat-de-spalat-cu-presiune-k-2-power-control-car-karcher-1-673-608-0\/","title":{"rendered":"Aparat de spalat cu presiune K 2 Power Control Car KARCHER 1.673-608.0"},"content":{"rendered":"<p>Cu asistent mobil \u00een smartphone-ul t\u0103u: K\u00e4rcher K 2 Power Control Car cur\u0103\u021b\u0103tor de \u00eenalt\u0103 presiune pentru cur\u0103\u021barea bicicletelor, mobilierului de gr\u0103din\u0103, uneltelor de gr\u0103din\u0103 etc.<\/p>\n<p>Specifica\u021bii<br \/>\nParametrii de alimentare (V\/Hz) 220 &#8211; 240 \/ 50 &#8211; 60<br \/>\nPresiune (bar\/MPa) 20 &#8211; max. 110 \/ 2 &#8211; max. unsprezece<br \/>\nCapacitate (l\/h) max. 360<br \/>\nProductivitate suprafa\u021b\u0103 (m\u00b2\/h) 20<br \/>\nTemperatura apei de intrare (\u00b0C) max. 40<br \/>\nConsumul de energie (kW) 1.4<br \/>\nLungimea cablului (m) 5<br \/>\nGreutate (fara accesorii) (kg) 3.992<br \/>\nGreutate incl. ambalaj (kg) 6.6<br \/>\nDimensiuni (L x L x A) (mm) 246 x 280 x 586<\/p>\n<p>Echipamente<br \/>\nKit curatare auto: perie de spalat, duza de spuma, sampon auto 0,5 l<br \/>\nPistol de \u00eenalt\u0103 presiune: GunG 120 Q<br \/>\nLance cu jet Vario Power<br \/>\nLance de pulverizare Vario Power<br \/>\nCutter noroi<br \/>\nFurtun de \u00eenalt\u0103 presiune: 5m<br \/>\nSistem de conectare rapid\u0103 pe dispozitiv<br \/>\nAlimentare cu detergent prin: aspira\u021bie<br \/>\nM\u00e2ner telescopic<br \/>\nFiltru de ap\u0103 fin\u0103 \u00eencorporat<br \/>\nAdaptor pentru conectarea la un furtun de gr\u0103din\u0103 de 3\/4&#8243;.<\/p>","protected":false},"excerpt":{"rendered":"<p>Cu asistent mobil \u00een smartphone-ul t\u0103u: K\u00e4rcher K 2 Power Control Car cur\u0103\u021b\u0103tor de \u00eenalt\u0103 presiune pentru cur\u0103\u021barea bicicletelor, mobilierului de gr\u0103din\u0103, uneltelor de gr\u0103din\u0103 etc.<\/p>\n<p>Specifica\u021bii<br \/>\nParametrii de alimentare (V\/Hz) 220 &#8211; 240 \/ 50 &#8211; 60<br \/>\nPresiune (bar\/MPa) 20 &#8211; max. 110 \/ 2 &#8211; max. unsprezece<br \/>\nCapacitate (l\/h) max. 360<br \/>\nProductivitate suprafa\u021b\u0103 (m\u00b2\/h) 20<br \/>\nTemperatura apei de intrare (\u00b0C) max. 40<br \/>\nConsumul de energie (kW) 1.4<br \/>\nLungimea cablului (m) 5<br \/>\nGreutate (fara accesorii) (kg) 3.992<br \/>\nGreutate incl. ambalaj (kg) 6.6<br \/>\nDimensiuni (L x L x A) (mm) 246 x 280 x 586<\/p>\n<p>Echipamente<br \/>\nKit curatare auto: perie de spalat, duza de spuma, sampon auto 0,5 l<br \/>\nPistol de \u00eenalt\u0103 presiune: GunG 120 Q<br \/>\nLance cu jet Vario Power<br \/>\nLance de pulverizare Vario Power<br \/>\nCutter noroi<br \/>\nFurtun de \u00eenalt\u0103 presiune: 5m<br \/>\nSistem de conectare rapid\u0103 pe dispozitiv<br \/>\nAlimentare cu detergent prin: aspira\u021bie<br \/>\nM\u00e2ner telescopic<br \/>\nFiltru de ap\u0103 fin\u0103 \u00eencorporat<br \/>\nAdaptor pentru conectarea la un furtun de gr\u0103din\u0103 de 3\/4&#8243;.<\/p>","protected":false},"featured_media":65670,"template":"","meta":{"_acf_changed":false},"product_brand":[],"product_cat":[8663],"product_tag":[],"class_list":{"0":"post-65601","1":"product","2":"type-product","3":"status-publish","4":"has-post-thumbnail","6":"product_cat-aparate-de-spalat-cu-presiune","8":"first","9":"instock","10":"shipping-taxable","11":"purchasable","12":"product-type-simple"},"acf":[],"_links":{"self":[{"href":"http:\/\/tehnomag.md\/ru\/wp-json\/wp\/v2\/product\/65601","targetHints":{"allow":["GET"]}}],"collection":[{"href":"http:\/\/tehnomag.md\/ru\/wp-json\/wp\/v2\/product"}],"about":[{"href":"http:\/\/tehnomag.md\/ru\/wp-json\/wp\/v2\/types\/product"}],"wp:featuredmedia":[{"embeddable":true,"href":"http:\/\/tehnomag.md\/ru\/wp-json\/wp\/v2\/media\/65670"}],"wp:attachment":[{"href":"http:\/\/tehnomag.md\/ru\/wp-json\/wp\/v2\/media?parent=65601"}],"wp:term":[{"taxonomy":"product_brand","embeddable":true,"href":"http:\/\/tehnomag.md\/ru\/wp-json\/wp\/v2\/product_brand?post=65601"},{"taxonomy":"product_cat","embeddable":true,"href":"http:\/\/tehnomag.md\/ru\/wp-json\/wp\/v2\/product_cat?post=65601"},{"taxonomy":"product_tag","embeddable":true,"href":"http:\/\/tehnomag.md\/ru\/wp-json\/wp\/v2\/product_tag?post=65601"}],"curies":[{"name":"wp","href":"https:\/\/api.w.org\/{rel}","templated":true}]}}