{"id":65600,"date":"2025-06-24T10:08:53","date_gmt":"2025-06-24T10:08:53","guid":{"rendered":"https:\/\/tehnomag.md\/?post_type=product&#038;p=65600"},"modified":"2025-07-19T08:16:22","modified_gmt":"2025-07-19T08:16:22","slug":"aparat-de-spalat-cu-presiune-k-2-modular-range-karcher-1-673-520-0","status":"publish","type":"product","link":"http:\/\/tehnomag.md\/ru\/catalog\/produse-auto\/spalatorii-auto\/aparate-de-spalat-cu-presiune\/aparat-de-spalat-cu-presiune-k-2-modular-range-karcher-1-673-520-0\/","title":{"rendered":"Aparat de spalat cu presiune K 2 (Modular Range) KARCHER 1.673-520.0"},"content":{"rendered":"<p>Specifica\u021bii Ma\u0219in\u0103 de sp\u0103lat cu \u00eenalt\u0103 presiune Karcher K 2 (1.673-520.0)<br \/>\nMax. presiune &#8211; 110 bar<br \/>\nProductivitate &#8211; 360 l\/ora<br \/>\nPrincipiul de func\u021bionare al ma\u0219inii de sp\u0103lat este electric.<br \/>\nConsum de energie &#8211; 1,4 kW<br \/>\nTensiune de re\u021bea: 220\/230 V<br \/>\nMax. temperatura apei de intrare -40 \u00b0C<br \/>\nLungimea furtunului de \u00eenalt\u0103 presiune &#8211; 4 m<br \/>\nLungime cablu de alimentare: 5 m<br \/>\nAdancime-18,9 cm<br \/>\nLatime-25,2 cm<br \/>\nInaltime-44,5 cm<br \/>\nGreutate &#8211; 3,5 kg<\/p>","protected":false},"excerpt":{"rendered":"<p>Specifica\u021bii Ma\u0219in\u0103 de sp\u0103lat cu \u00eenalt\u0103 presiune Karcher K 2 (1.673-520.0)<br \/>\nMax. presiune &#8211; 110 bar<br \/>\nProductivitate &#8211; 360 l\/ora<br \/>\nPrincipiul de func\u021bionare al ma\u0219inii de sp\u0103lat este electric.<br \/>\nConsum de energie &#8211; 1,4 kW<br \/>\nTensiune de re\u021bea: 220\/230 V<br \/>\nMax. temperatura apei de intrare -40 \u00b0C<br \/>\nLungimea furtunului de \u00eenalt\u0103 presiune &#8211; 4 m<br \/>\nLungime cablu de alimentare: 5 m<br \/>\nAdancime-18,9 cm<br \/>\nLatime-25,2 cm<br \/>\nInaltime-44,5 cm<br \/>\nGreutate &#8211; 3,5 kg<\/p>","protected":false},"featured_media":65669,"template":"","meta":{"_acf_changed":false},"product_brand":[],"product_cat":[8663],"product_tag":[],"class_list":{"0":"post-65600","1":"product","2":"type-product","3":"status-publish","4":"has-post-thumbnail","6":"product_cat-aparate-de-spalat-cu-presiune","8":"first","9":"instock","10":"shipping-taxable","11":"purchasable","12":"product-type-simple"},"acf":[],"_links":{"self":[{"href":"http:\/\/tehnomag.md\/ru\/wp-json\/wp\/v2\/product\/65600","targetHints":{"allow":["GET"]}}],"collection":[{"href":"http:\/\/tehnomag.md\/ru\/wp-json\/wp\/v2\/product"}],"about":[{"href":"http:\/\/tehnomag.md\/ru\/wp-json\/wp\/v2\/types\/product"}],"wp:featuredmedia":[{"embeddable":true,"href":"http:\/\/tehnomag.md\/ru\/wp-json\/wp\/v2\/media\/65669"}],"wp:attachment":[{"href":"http:\/\/tehnomag.md\/ru\/wp-json\/wp\/v2\/media?parent=65600"}],"wp:term":[{"taxonomy":"product_brand","embeddable":true,"href":"http:\/\/tehnomag.md\/ru\/wp-json\/wp\/v2\/product_brand?post=65600"},{"taxonomy":"product_cat","embeddable":true,"href":"http:\/\/tehnomag.md\/ru\/wp-json\/wp\/v2\/product_cat?post=65600"},{"taxonomy":"product_tag","embeddable":true,"href":"http:\/\/tehnomag.md\/ru\/wp-json\/wp\/v2\/product_tag?post=65600"}],"curies":[{"name":"wp","href":"https:\/\/api.w.org\/{rel}","templated":true}]}}