{"id":65599,"date":"2025-06-24T10:08:53","date_gmt":"2025-06-24T10:08:53","guid":{"rendered":"https:\/\/tehnomag.md\/?post_type=product&#038;p=65599"},"modified":"2025-07-19T08:16:22","modified_gmt":"2025-07-19T08:16:22","slug":"aparat-de-spalat-cu-presiune-k-5-wcm-karcher-1-324-400-0","status":"publish","type":"product","link":"http:\/\/tehnomag.md\/ru\/catalog\/produse-auto\/spalatorii-auto\/aparate-de-spalat-cu-presiune\/aparat-de-spalat-cu-presiune-k-5-wcm-karcher-1-324-400-0\/","title":{"rendered":"Aparat de spalat cu presiune K 5 WCM KARCHER 1.324-400.0"},"content":{"rendered":"<p>Performan\u021ba puternic\u0103 se \u00eembin\u0103 cu durata de via\u021b\u0103 lung\u0103: K 5 WCM Premium, cu motorul s\u0103u puternic, r\u0103cit cu ap\u0103, \u00eendep\u0103rteaz\u0103 murd\u0103ria \u00eentr-o clip\u0103. Aleile, terasele \u0219i vehiculele pot fi cur\u0103\u021bate la nevoie cu ajutorul l\u0103ncii de pulverizare. Presiunea poate fi ajustat\u0103 cu u\u0219urin\u021b\u0103 pe lancea Vario Power (VPS) prin simpla rotire &#8211; pentru o cur\u0103\u021bare adaptat\u0103 la suprafe\u021be, fiind deosebit de precis\u0103. Alte caracteristici oferite de dispozitivul de cur\u0103\u021bare a murd\u0103riei sunt jetul rotativ, tamburul de furtun integrat pentru depozitarea practic\u0103 direct la aparat, precum \u0219i un filtru de ap\u0103 \u00eencorporat care protejeaz\u0103 \u00een mod fiabil pompa \u00eempotriva particulelor de murd\u0103rie.<br \/>\nDate tehnice<br \/>\nTipul de curent. (V\/Hz) 230 \/ 50<br \/>\nPresiune (bar\/MPa)  20 &#8211; Max. 145 \/ 2 &#8211; Max. 14,5<br \/>\nDebit transportat (l\/h) Max. 500<br \/>\nCapacitate pe suprafa\u021b\u0103 (m\u00b2\/h)  40<br \/>\nTemperatura de admisie (\u00b0C) Max. 40<br \/>\nPutere (kW) 2,1<br \/>\nGreutate f\u0103r\u0103 accesorii. (kg)   13<br \/>\nGreutate cu ambalaj. (kg)   17,3<br \/>\nDimensiuni (L x l x H). (mm)    369 x 389 x 901<\/p>\n<p>Echipament<br \/>\nLance Vario Power Jet<br \/>\nLance cu jet rotativ<br \/>\nTambur furtun de inalta presiune -integrat<br \/>\nFurtun de presiune: 8 m<br \/>\nAplicarea detergentului: Furtun de aspirare<br \/>\nMotor r\u0103cit cu ap\u0103<br \/>\nFiltru fin de ap\u0103 integrat<br \/>\nAdaptor racord furtun de gradin\u0103 A3\/4&#8243;<\/p>","protected":false},"excerpt":{"rendered":"<p>Performan\u021ba puternic\u0103 se \u00eembin\u0103 cu durata de via\u021b\u0103 lung\u0103: K 5 WCM Premium, cu motorul s\u0103u puternic, r\u0103cit cu ap\u0103, \u00eendep\u0103rteaz\u0103 murd\u0103ria \u00eentr-o clip\u0103. Aleile, terasele \u0219i vehiculele pot fi cur\u0103\u021bate la nevoie cu ajutorul l\u0103ncii de pulverizare. Presiunea poate fi ajustat\u0103 cu u\u0219urin\u021b\u0103 pe lancea Vario Power (VPS) prin simpla rotire &#8211; pentru o cur\u0103\u021bare adaptat\u0103 la suprafe\u021be, fiind deosebit de precis\u0103. Alte caracteristici oferite de dispozitivul de cur\u0103\u021bare a murd\u0103riei sunt jetul rotativ, tamburul de furtun integrat pentru depozitarea practic\u0103 direct la aparat, precum \u0219i un filtru de ap\u0103 \u00eencorporat care protejeaz\u0103 \u00een mod fiabil pompa \u00eempotriva particulelor de murd\u0103rie.<br \/>\nDate tehnice<br \/>\nTipul de curent. (V\/Hz) 230 \/ 50<br \/>\nPresiune (bar\/MPa)  20 &#8211; Max. 145 \/ 2 &#8211; Max. 14,5<br \/>\nDebit transportat (l\/h) Max. 500<br \/>\nCapacitate pe suprafa\u021b\u0103 (m\u00b2\/h)  40<br \/>\nTemperatura de admisie (\u00b0C) Max. 40<br \/>\nPutere (kW) 2,1<br \/>\nGreutate f\u0103r\u0103 accesorii. (kg)   13<br \/>\nGreutate cu ambalaj. (kg)   17,3<br \/>\nDimensiuni (L x l x H). (mm)    369 x 389 x 901<\/p>\n<p>Echipament<br \/>\nLance Vario Power Jet<br \/>\nLance cu jet rotativ<br \/>\nTambur furtun de inalta presiune -integrat<br \/>\nFurtun de presiune: 8 m<br \/>\nAplicarea detergentului: Furtun de aspirare<br \/>\nMotor r\u0103cit cu ap\u0103<br \/>\nFiltru fin de ap\u0103 integrat<br \/>\nAdaptor racord furtun de gradin\u0103 A3\/4&#8243;<\/p>","protected":false},"featured_media":65664,"template":"","meta":{"_acf_changed":false},"product_brand":[],"product_cat":[8663],"product_tag":[],"class_list":{"0":"post-65599","1":"product","2":"type-product","3":"status-publish","4":"has-post-thumbnail","6":"product_cat-aparate-de-spalat-cu-presiune","8":"first","9":"instock","10":"shipping-taxable","11":"purchasable","12":"product-type-simple"},"acf":[],"_links":{"self":[{"href":"http:\/\/tehnomag.md\/ru\/wp-json\/wp\/v2\/product\/65599","targetHints":{"allow":["GET"]}}],"collection":[{"href":"http:\/\/tehnomag.md\/ru\/wp-json\/wp\/v2\/product"}],"about":[{"href":"http:\/\/tehnomag.md\/ru\/wp-json\/wp\/v2\/types\/product"}],"wp:featuredmedia":[{"embeddable":true,"href":"http:\/\/tehnomag.md\/ru\/wp-json\/wp\/v2\/media\/65664"}],"wp:attachment":[{"href":"http:\/\/tehnomag.md\/ru\/wp-json\/wp\/v2\/media?parent=65599"}],"wp:term":[{"taxonomy":"product_brand","embeddable":true,"href":"http:\/\/tehnomag.md\/ru\/wp-json\/wp\/v2\/product_brand?post=65599"},{"taxonomy":"product_cat","embeddable":true,"href":"http:\/\/tehnomag.md\/ru\/wp-json\/wp\/v2\/product_cat?post=65599"},{"taxonomy":"product_tag","embeddable":true,"href":"http:\/\/tehnomag.md\/ru\/wp-json\/wp\/v2\/product_tag?post=65599"}],"curies":[{"name":"wp","href":"https:\/\/api.w.org\/{rel}","templated":true}]}}