{"id":65598,"date":"2025-06-24T10:08:53","date_gmt":"2025-06-24T10:08:53","guid":{"rendered":"https:\/\/tehnomag.md\/?post_type=product&#038;p=65598"},"modified":"2025-07-19T08:16:22","modified_gmt":"2025-07-19T08:16:22","slug":"aparat-de-spalat-cu-presiune-k-3-karcher-1-676-350-0","status":"publish","type":"product","link":"http:\/\/tehnomag.md\/ru\/catalog\/produse-auto\/spalatorii-auto\/aparate-de-spalat-cu-presiune\/aparat-de-spalat-cu-presiune-k-3-karcher-1-676-350-0\/","title":{"rendered":"Aparat de spalat cu presiune K 3 KARCHER 1.676-350.0"},"content":{"rendered":"<p>Specifica\u021bii Ma\u0219in\u0103 de sp\u0103lat cu \u00eenalt\u0103 presiune Karcher K 3 (1.676-350.0)<br \/>\nTip motor: electric<br \/>\nPresiune maxima 118 bar<br \/>\nCapacitate 380 l\/h<br \/>\nMax. temp. intrarea apei 40 \u00b0C<br \/>\nRe\u021bea de alimentare<br \/>\nConsum de energie 1600 W<br \/>\nRoti pentru transport da<br \/>\nDimensiuni 805x285x241 mm<br \/>\nEchipament: pistol de \u00eenalt\u0103 presiune, furtun, dou\u0103 duze incluse<br \/>\n12 luni garantie<br \/>\nProducator Karcher<\/p>","protected":false},"excerpt":{"rendered":"<p>Specifica\u021bii Ma\u0219in\u0103 de sp\u0103lat cu \u00eenalt\u0103 presiune Karcher K 3 (1.676-350.0)<br \/>\nTip motor: electric<br \/>\nPresiune maxima 118 bar<br \/>\nCapacitate 380 l\/h<br \/>\nMax. temp. intrarea apei 40 \u00b0C<br \/>\nRe\u021bea de alimentare<br \/>\nConsum de energie 1600 W<br \/>\nRoti pentru transport da<br \/>\nDimensiuni 805x285x241 mm<br \/>\nEchipament: pistol de \u00eenalt\u0103 presiune, furtun, dou\u0103 duze incluse<br \/>\n12 luni garantie<br \/>\nProducator Karcher<\/p>","protected":false},"featured_media":65663,"template":"","meta":{"_acf_changed":false},"product_brand":[],"product_cat":[8663],"product_tag":[],"class_list":{"0":"post-65598","1":"product","2":"type-product","3":"status-publish","4":"has-post-thumbnail","6":"product_cat-aparate-de-spalat-cu-presiune","8":"first","9":"instock","10":"shipping-taxable","11":"purchasable","12":"product-type-simple"},"acf":[],"_links":{"self":[{"href":"http:\/\/tehnomag.md\/ru\/wp-json\/wp\/v2\/product\/65598","targetHints":{"allow":["GET"]}}],"collection":[{"href":"http:\/\/tehnomag.md\/ru\/wp-json\/wp\/v2\/product"}],"about":[{"href":"http:\/\/tehnomag.md\/ru\/wp-json\/wp\/v2\/types\/product"}],"wp:featuredmedia":[{"embeddable":true,"href":"http:\/\/tehnomag.md\/ru\/wp-json\/wp\/v2\/media\/65663"}],"wp:attachment":[{"href":"http:\/\/tehnomag.md\/ru\/wp-json\/wp\/v2\/media?parent=65598"}],"wp:term":[{"taxonomy":"product_brand","embeddable":true,"href":"http:\/\/tehnomag.md\/ru\/wp-json\/wp\/v2\/product_brand?post=65598"},{"taxonomy":"product_cat","embeddable":true,"href":"http:\/\/tehnomag.md\/ru\/wp-json\/wp\/v2\/product_cat?post=65598"},{"taxonomy":"product_tag","embeddable":true,"href":"http:\/\/tehnomag.md\/ru\/wp-json\/wp\/v2\/product_tag?post=65598"}],"curies":[{"name":"wp","href":"https:\/\/api.w.org\/{rel}","templated":true}]}}