{"id":65597,"date":"2025-06-24T10:08:53","date_gmt":"2025-06-24T10:08:53","guid":{"rendered":"https:\/\/tehnomag.md\/?post_type=product&#038;p=65597"},"modified":"2025-07-19T08:16:22","modified_gmt":"2025-07-19T08:16:22","slug":"aparat-de-spalat-cu-presiune-k-7-wcm-modular-karcher-1-317-400-0","status":"publish","type":"product","link":"http:\/\/tehnomag.md\/ru\/catalog\/produse-auto\/spalatorii-auto\/aparate-de-spalat-cu-presiune\/aparat-de-spalat-cu-presiune-k-7-wcm-modular-karcher-1-317-400-0\/","title":{"rendered":"Aparat de spalat cu presiune K 7 WCM Modular KARCHER 1.317-400.0"},"content":{"rendered":"<p>Principalele caracteristici.<\/p>\n<p>Tip Ma\u0219in\u0103 de sp\u0103lat cu \u00eenalt\u0103 presiune<br \/>\nTip mini-spalare: Re\u021bea electric\u0103<br \/>\nConsum de energie 3000 W<br \/>\nCapacitate 600 l\/ora<br \/>\nPresiune minima 20 bar<br \/>\nPresiune maxima 180 bar<br \/>\nParticularit\u0103\u021bi<br \/>\nMax. temperatura apei de intrare 60 \u00b0C<br \/>\nLungime furtun 10 m<br \/>\nPriza de apa Instalatii sanitare<br \/>\nDuze<br \/>\nAccesorii: Pistol, Vario Power Jet, duz\u0103 cu jet rotativ, furtun de presiune,<br \/>\n furtun de aspira\u021bie pentru detergent, adaptor pentru furtun A3\/4&#8243;<br \/>\nDimensiuni si Greutate<br \/>\nAd\u00e2ncime 35,5 cm<br \/>\nInaltime 94,6 cm<br \/>\nGreutate 17,2 kg<br \/>\nLatime 36,9 cm<\/p>","protected":false},"excerpt":{"rendered":"<p>Principalele caracteristici.<\/p>\n<p>Tip Ma\u0219in\u0103 de sp\u0103lat cu \u00eenalt\u0103 presiune<br \/>\nTip mini-spalare: Re\u021bea electric\u0103<br \/>\nConsum de energie 3000 W<br \/>\nCapacitate 600 l\/ora<br \/>\nPresiune minima 20 bar<br \/>\nPresiune maxima 180 bar<br \/>\nParticularit\u0103\u021bi<br \/>\nMax. temperatura apei de intrare 60 \u00b0C<br \/>\nLungime furtun 10 m<br \/>\nPriza de apa Instalatii sanitare<br \/>\nDuze<br \/>\nAccesorii: Pistol, Vario Power Jet, duz\u0103 cu jet rotativ, furtun de presiune,<br \/>\n furtun de aspira\u021bie pentru detergent, adaptor pentru furtun A3\/4&#8243;<br \/>\nDimensiuni si Greutate<br \/>\nAd\u00e2ncime 35,5 cm<br \/>\nInaltime 94,6 cm<br \/>\nGreutate 17,2 kg<br \/>\nLatime 36,9 cm<\/p>","protected":false},"featured_media":65662,"template":"","meta":{"_acf_changed":false},"product_brand":[],"product_cat":[8663],"product_tag":[],"class_list":{"0":"post-65597","1":"product","2":"type-product","3":"status-publish","4":"has-post-thumbnail","6":"product_cat-aparate-de-spalat-cu-presiune","8":"first","9":"instock","10":"shipping-taxable","11":"purchasable","12":"product-type-simple"},"acf":[],"_links":{"self":[{"href":"http:\/\/tehnomag.md\/ru\/wp-json\/wp\/v2\/product\/65597","targetHints":{"allow":["GET"]}}],"collection":[{"href":"http:\/\/tehnomag.md\/ru\/wp-json\/wp\/v2\/product"}],"about":[{"href":"http:\/\/tehnomag.md\/ru\/wp-json\/wp\/v2\/types\/product"}],"wp:featuredmedia":[{"embeddable":true,"href":"http:\/\/tehnomag.md\/ru\/wp-json\/wp\/v2\/media\/65662"}],"wp:attachment":[{"href":"http:\/\/tehnomag.md\/ru\/wp-json\/wp\/v2\/media?parent=65597"}],"wp:term":[{"taxonomy":"product_brand","embeddable":true,"href":"http:\/\/tehnomag.md\/ru\/wp-json\/wp\/v2\/product_brand?post=65597"},{"taxonomy":"product_cat","embeddable":true,"href":"http:\/\/tehnomag.md\/ru\/wp-json\/wp\/v2\/product_cat?post=65597"},{"taxonomy":"product_tag","embeddable":true,"href":"http:\/\/tehnomag.md\/ru\/wp-json\/wp\/v2\/product_tag?post=65597"}],"curies":[{"name":"wp","href":"https:\/\/api.w.org\/{rel}","templated":true}]}}