{"id":65596,"date":"2025-06-24T10:08:53","date_gmt":"2025-06-24T10:08:53","guid":{"rendered":"https:\/\/tehnomag.md\/?post_type=product&#038;p=65596"},"modified":"2025-07-19T08:16:22","modified_gmt":"2025-07-19T08:16:22","slug":"aparat-de-spalat-cu-presiune-k-3-power-control-new-karcher-1-676-100-0","status":"publish","type":"product","link":"http:\/\/tehnomag.md\/ru\/catalog\/produse-auto\/spalatorii-auto\/aparate-de-spalat-cu-presiune\/aparat-de-spalat-cu-presiune-k-3-power-control-new-karcher-1-676-100-0\/","title":{"rendered":"Aparat de spalat cu presiune K 3 Power Control New  KARCHER 1.676-100.0"},"content":{"rendered":"<p>Principalele caracteristici.<\/p>\n<p>Tip Ma\u0219in\u0103 de sp\u0103lat cu \u00eenalt\u0103 presiune<br \/>\nTip mini-spalare: Reteaua electrica<br \/>\nCapacitate 380 l\/ora<br \/>\nPresiune minima 20 bar<br \/>\nPresiune maxima 120 bar<br \/>\nConsum de energie 1600 W<br \/>\nParticularit\u0103\u021bi<br \/>\nMax. temperatura apei de intrare 40 \u00b0C<br \/>\nLungime furtun 5 m<br \/>\nDimensiuni si Greutate<br \/>\nAdancime 28 cm<br \/>\nLatime 30,7 cm<br \/>\nInaltime 67,7 cm<br \/>\nGreutate 4 kg.<\/p>","protected":false},"excerpt":{"rendered":"<p>Principalele caracteristici.<\/p>\n<p>Tip Ma\u0219in\u0103 de sp\u0103lat cu \u00eenalt\u0103 presiune<br \/>\nTip mini-spalare: Reteaua electrica<br \/>\nCapacitate 380 l\/ora<br \/>\nPresiune minima 20 bar<br \/>\nPresiune maxima 120 bar<br \/>\nConsum de energie 1600 W<br \/>\nParticularit\u0103\u021bi<br \/>\nMax. temperatura apei de intrare 40 \u00b0C<br \/>\nLungime furtun 5 m<br \/>\nDimensiuni si Greutate<br \/>\nAdancime 28 cm<br \/>\nLatime 30,7 cm<br \/>\nInaltime 67,7 cm<br \/>\nGreutate 4 kg.<\/p>","protected":false},"featured_media":65661,"template":"","meta":{"_acf_changed":false},"product_brand":[],"product_cat":[8663],"product_tag":[],"class_list":{"0":"post-65596","1":"product","2":"type-product","3":"status-publish","4":"has-post-thumbnail","6":"product_cat-aparate-de-spalat-cu-presiune","8":"first","9":"instock","10":"shipping-taxable","11":"purchasable","12":"product-type-simple"},"acf":[],"_links":{"self":[{"href":"http:\/\/tehnomag.md\/ru\/wp-json\/wp\/v2\/product\/65596","targetHints":{"allow":["GET"]}}],"collection":[{"href":"http:\/\/tehnomag.md\/ru\/wp-json\/wp\/v2\/product"}],"about":[{"href":"http:\/\/tehnomag.md\/ru\/wp-json\/wp\/v2\/types\/product"}],"wp:featuredmedia":[{"embeddable":true,"href":"http:\/\/tehnomag.md\/ru\/wp-json\/wp\/v2\/media\/65661"}],"wp:attachment":[{"href":"http:\/\/tehnomag.md\/ru\/wp-json\/wp\/v2\/media?parent=65596"}],"wp:term":[{"taxonomy":"product_brand","embeddable":true,"href":"http:\/\/tehnomag.md\/ru\/wp-json\/wp\/v2\/product_brand?post=65596"},{"taxonomy":"product_cat","embeddable":true,"href":"http:\/\/tehnomag.md\/ru\/wp-json\/wp\/v2\/product_cat?post=65596"},{"taxonomy":"product_tag","embeddable":true,"href":"http:\/\/tehnomag.md\/ru\/wp-json\/wp\/v2\/product_tag?post=65596"}],"curies":[{"name":"wp","href":"https:\/\/api.w.org\/{rel}","templated":true}]}}