{"id":65595,"date":"2025-06-24T10:08:53","date_gmt":"2025-06-24T10:08:53","guid":{"rendered":"https:\/\/tehnomag.md\/?post_type=product&#038;p=65595"},"modified":"2025-07-19T08:16:22","modified_gmt":"2025-07-19T08:16:22","slug":"aparat-de-spalat-cu-presiune-k-2-power-control-new-karcher-1-673-600-0","status":"publish","type":"product","link":"http:\/\/tehnomag.md\/ru\/catalog\/produse-auto\/spalatorii-auto\/aparate-de-spalat-cu-presiune\/aparat-de-spalat-cu-presiune-k-2-power-control-new-karcher-1-673-600-0\/","title":{"rendered":"Aparat de spalat cu presiune K 2 Power Control New KARCHER 1.673-600.0"},"content":{"rendered":"<p>Deveni\u021bi un expert \u00een cur\u0103\u021bare cu aplica\u021bia K\u00e4rcher Home &#038; Garden: \u00een combina\u021bie cu ma\u0219ina de sp\u0103lat cu presiune K\u00e4rcher K 2 Power Control ve\u021bi ob\u021bine rezultate de cur\u0103\u021bare mai bune. Aplica\u021bia are un consilier de aplica\u021bii util care sprijin\u0103 utilizatorul cu sfaturi practice \u0219i sfaturi pentru fiecare sarcin\u0103 de cur\u0103\u021bare. Ma\u0219ina de sp\u0103lat cu presiune este echipat\u0103 cu un pistol de \u00eenalt\u0103 presiune \u0219i 2 l\u0103nci de pulverizare cu un adaptor Quick Connect. Nivelul de presiune poate fi setat direct pe pulverizatorul Click Vario Power &#8211; pentru control maxim \u00een timpul oric\u0103rei sarcini de cur\u0103\u021bare. Aparatul dispune de asemenea de un maner telescopic reglabil pe inaltime pentru transport si depozitare usor, un furtun de aspiratie pentru aplicarea usoara a detergentilor, suporturi practice pentru accesorii, un pistol si cablu de inalta presiune si un furtun de inalta presiune de 5 metri.<\/p>\n<p>Principalele caracteristici<br \/>\nTensiune 220 &#8211; 240 V<br \/>\nMaterial pompa Plastic<br \/>\nRecipient pentru detergent Da<br \/>\nMax. temp. intrarea apei 40 \u00b0C<br \/>\nFiltru fin Da<br \/>\nCapacitate 360 l\/h<br \/>\nPresiune maxima 110 bar<br \/>\nPutere 1400 W<br \/>\nControlul puterii model K 2 (1.673-600.0)<br \/>\nTip-electric<\/p>","protected":false},"excerpt":{"rendered":"<p>Deveni\u021bi un expert \u00een cur\u0103\u021bare cu aplica\u021bia K\u00e4rcher Home &#038; Garden: \u00een combina\u021bie cu ma\u0219ina de sp\u0103lat cu presiune K\u00e4rcher K 2 Power Control ve\u021bi ob\u021bine rezultate de cur\u0103\u021bare mai bune. Aplica\u021bia are un consilier de aplica\u021bii util care sprijin\u0103 utilizatorul cu sfaturi practice \u0219i sfaturi pentru fiecare sarcin\u0103 de cur\u0103\u021bare. Ma\u0219ina de sp\u0103lat cu presiune este echipat\u0103 cu un pistol de \u00eenalt\u0103 presiune \u0219i 2 l\u0103nci de pulverizare cu un adaptor Quick Connect. Nivelul de presiune poate fi setat direct pe pulverizatorul Click Vario Power &#8211; pentru control maxim \u00een timpul oric\u0103rei sarcini de cur\u0103\u021bare. Aparatul dispune de asemenea de un maner telescopic reglabil pe inaltime pentru transport si depozitare usor, un furtun de aspiratie pentru aplicarea usoara a detergentilor, suporturi practice pentru accesorii, un pistol si cablu de inalta presiune si un furtun de inalta presiune de 5 metri.<\/p>\n<p>Principalele caracteristici<br \/>\nTensiune 220 &#8211; 240 V<br \/>\nMaterial pompa Plastic<br \/>\nRecipient pentru detergent Da<br \/>\nMax. temp. intrarea apei 40 \u00b0C<br \/>\nFiltru fin Da<br \/>\nCapacitate 360 l\/h<br \/>\nPresiune maxima 110 bar<br \/>\nPutere 1400 W<br \/>\nControlul puterii model K 2 (1.673-600.0)<br \/>\nTip-electric<\/p>","protected":false},"featured_media":65659,"template":"","meta":{"_acf_changed":false},"product_brand":[],"product_cat":[8663],"product_tag":[],"class_list":{"0":"post-65595","1":"product","2":"type-product","3":"status-publish","4":"has-post-thumbnail","6":"product_cat-aparate-de-spalat-cu-presiune","8":"first","9":"instock","10":"shipping-taxable","11":"purchasable","12":"product-type-simple"},"acf":[],"_links":{"self":[{"href":"http:\/\/tehnomag.md\/ru\/wp-json\/wp\/v2\/product\/65595","targetHints":{"allow":["GET"]}}],"collection":[{"href":"http:\/\/tehnomag.md\/ru\/wp-json\/wp\/v2\/product"}],"about":[{"href":"http:\/\/tehnomag.md\/ru\/wp-json\/wp\/v2\/types\/product"}],"wp:featuredmedia":[{"embeddable":true,"href":"http:\/\/tehnomag.md\/ru\/wp-json\/wp\/v2\/media\/65659"}],"wp:attachment":[{"href":"http:\/\/tehnomag.md\/ru\/wp-json\/wp\/v2\/media?parent=65595"}],"wp:term":[{"taxonomy":"product_brand","embeddable":true,"href":"http:\/\/tehnomag.md\/ru\/wp-json\/wp\/v2\/product_brand?post=65595"},{"taxonomy":"product_cat","embeddable":true,"href":"http:\/\/tehnomag.md\/ru\/wp-json\/wp\/v2\/product_cat?post=65595"},{"taxonomy":"product_tag","embeddable":true,"href":"http:\/\/tehnomag.md\/ru\/wp-json\/wp\/v2\/product_tag?post=65595"}],"curies":[{"name":"wp","href":"https:\/\/api.w.org\/{rel}","templated":true}]}}