{"id":65594,"date":"2025-06-24T10:08:52","date_gmt":"2025-06-24T10:08:52","guid":{"rendered":"https:\/\/tehnomag.md\/?post_type=product&#038;p=65594"},"modified":"2025-07-19T08:16:21","modified_gmt":"2025-07-19T08:16:21","slug":"aparat-curatat-terase-pcl-4-new-karcher-1-644-000-0","status":"publish","type":"product","link":"http:\/\/tehnomag.md\/ru\/catalog\/produse-auto\/spalatorii-auto\/aparate-de-spalat-cu-presiune\/aparat-curatat-terase-pcl-4-new-karcher-1-644-000-0\/","title":{"rendered":"Aparat curatat terase PCL 4 New KARCHER 1.644-000.0"},"content":{"rendered":"<p>PCL 4 Dispozitivul electric de cur\u0103\u021bat permite \u00eendep\u0103rtarea u\u0219oar\u0103, temeinic\u0103 \u0219i excep\u021bional\u0103 a murd\u0103riei de pe diferite suprafe\u021be exterioare. Conecta\u021bi pur \u0219i simplu dispozitivul de cur\u0103\u021bat la furtunul de gr\u0103din\u0103 \u0219i \u00eencepe\u021bi cur\u0103\u021barea. Combina\u021bia a dou\u0103 perii rotative \u00eenlocuibile \u0219i capacitatea de a regla debitul de ap\u0103, asigur\u0103 c\u0103 murd\u0103ria poate fi \u00eendep\u0103rtat\u0103 \u00een mod fiabil. Acest lucru \u00eenseamn\u0103 c\u0103 terasele pot fi cur\u0103\u021bate temeinic \u0219i f\u0103r\u0103 a folosi mai mult\u0103 ap\u0103 dec\u00e2t este necesar pentru sarcina de cur\u0103\u021bare. L\u0103\u021bimea \u0219i pozi\u021bia rolelor sunt proiectate pentru a se asigura c\u0103 dou\u0103 pl\u0103ci pot fi cur\u0103\u021bate p\u00e2n\u0103 la margine \u00eentr-o singur\u0103 trecere, ceea ce economise\u0219te timp. Datorit\u0103 periilor u\u0219or de schimbat, acest produs poate fi folosit nu numai pentru suprafe\u021be din lemn \u0219i WPC, ci \u0219i pentru cur\u0103\u021barea minu\u021bioas\u0103 \u0219i delicat\u0103 a tuturor suprafe\u021belor de piatr\u0103 din jurul casei.<\/p>\n<p>Presiunea maxima (bar) 10<br \/>\nInterval presiune Presiune joasa<br \/>\nConsumul de ap\u0103 la 4 bari (l\/h) Max. 180<br \/>\nCapacitate de preluare (kW) 0,6<br \/>\nViteza periilor (rpm) 600 &#8211; 800<\/p>","protected":false},"excerpt":{"rendered":"<p>PCL 4 Dispozitivul electric de cur\u0103\u021bat permite \u00eendep\u0103rtarea u\u0219oar\u0103, temeinic\u0103 \u0219i excep\u021bional\u0103 a murd\u0103riei de pe diferite suprafe\u021be exterioare. Conecta\u021bi pur \u0219i simplu dispozitivul de cur\u0103\u021bat la furtunul de gr\u0103din\u0103 \u0219i \u00eencepe\u021bi cur\u0103\u021barea. Combina\u021bia a dou\u0103 perii rotative \u00eenlocuibile \u0219i capacitatea de a regla debitul de ap\u0103, asigur\u0103 c\u0103 murd\u0103ria poate fi \u00eendep\u0103rtat\u0103 \u00een mod fiabil. Acest lucru \u00eenseamn\u0103 c\u0103 terasele pot fi cur\u0103\u021bate temeinic \u0219i f\u0103r\u0103 a folosi mai mult\u0103 ap\u0103 dec\u00e2t este necesar pentru sarcina de cur\u0103\u021bare. L\u0103\u021bimea \u0219i pozi\u021bia rolelor sunt proiectate pentru a se asigura c\u0103 dou\u0103 pl\u0103ci pot fi cur\u0103\u021bate p\u00e2n\u0103 la margine \u00eentr-o singur\u0103 trecere, ceea ce economise\u0219te timp. Datorit\u0103 periilor u\u0219or de schimbat, acest produs poate fi folosit nu numai pentru suprafe\u021be din lemn \u0219i WPC, ci \u0219i pentru cur\u0103\u021barea minu\u021bioas\u0103 \u0219i delicat\u0103 a tuturor suprafe\u021belor de piatr\u0103 din jurul casei.<\/p>\n<p>Presiunea maxima (bar) 10<br \/>\nInterval presiune Presiune joasa<br \/>\nConsumul de ap\u0103 la 4 bari (l\/h) Max. 180<br \/>\nCapacitate de preluare (kW) 0,6<br \/>\nViteza periilor (rpm) 600 &#8211; 800<\/p>","protected":false},"featured_media":65656,"template":"","meta":{"_acf_changed":false},"product_brand":[],"product_cat":[8663],"product_tag":[],"class_list":{"0":"post-65594","1":"product","2":"type-product","3":"status-publish","4":"has-post-thumbnail","6":"product_cat-aparate-de-spalat-cu-presiune","8":"first","9":"instock","10":"shipping-taxable","11":"purchasable","12":"product-type-simple"},"acf":[],"_links":{"self":[{"href":"http:\/\/tehnomag.md\/ru\/wp-json\/wp\/v2\/product\/65594","targetHints":{"allow":["GET"]}}],"collection":[{"href":"http:\/\/tehnomag.md\/ru\/wp-json\/wp\/v2\/product"}],"about":[{"href":"http:\/\/tehnomag.md\/ru\/wp-json\/wp\/v2\/types\/product"}],"wp:featuredmedia":[{"embeddable":true,"href":"http:\/\/tehnomag.md\/ru\/wp-json\/wp\/v2\/media\/65656"}],"wp:attachment":[{"href":"http:\/\/tehnomag.md\/ru\/wp-json\/wp\/v2\/media?parent=65594"}],"wp:term":[{"taxonomy":"product_brand","embeddable":true,"href":"http:\/\/tehnomag.md\/ru\/wp-json\/wp\/v2\/product_brand?post=65594"},{"taxonomy":"product_cat","embeddable":true,"href":"http:\/\/tehnomag.md\/ru\/wp-json\/wp\/v2\/product_cat?post=65594"},{"taxonomy":"product_tag","embeddable":true,"href":"http:\/\/tehnomag.md\/ru\/wp-json\/wp\/v2\/product_tag?post=65594"}],"curies":[{"name":"wp","href":"https:\/\/api.w.org\/{rel}","templated":true}]}}