{"id":65593,"date":"2025-06-24T10:08:52","date_gmt":"2025-06-24T10:08:52","guid":{"rendered":"https:\/\/tehnomag.md\/?post_type=product&#038;p=65593"},"modified":"2025-07-19T08:16:21","modified_gmt":"2025-07-19T08:16:21","slug":"aparat-de-spalat-cu-presiune-k-5-basic-karcher-1-180-580-0","status":"publish","type":"product","link":"http:\/\/tehnomag.md\/ru\/catalog\/produse-auto\/spalatorii-auto\/aparate-de-spalat-cu-presiune\/aparat-de-spalat-cu-presiune-k-5-basic-karcher-1-180-580-0\/","title":{"rendered":"Aparat de spalat cu presiune K 5 Basic KARCHER 1.180-580.0"},"content":{"rendered":"<p>Ma\u0219ina de sp\u0103lat de \u00eenalt\u0103 presiune K 5 Basic este modelul de baz\u0103 al clasei de aparate de \u00eenalt\u0103 presiune Karcher K 5, cu un motor puternic \u0219i durabil, r\u0103cit cu ap\u0103. Dispozitivele K 5 sunt caracterizate printr-o productivitate ridicat\u0103 (500 l \/ h) \u0219i sunt concepute pentru a elimina poluarea de intensitate medie, inclusiv cele persistente, la fel de bine cur\u0103\u021b\u0103 bicicletele \u0219i ma\u0219inile, precum \u0219i pere\u021bii de piatr\u0103.<\/p>\n<p>Presiune de func\u021bionare 20-145 bar<br \/>\nMax. temperatura apei de intrare 40 \u00b0 C<br \/>\nMax. productivitatea este de 500 l \/ or\u0103<br \/>\nLungimea furtunului 8 m<br \/>\nSursa de alimentare<br \/>\nUn fel de curent electric ~ 1\/230\/50 f \/ V \/ Hz<br \/>\nMax. putere electric\u0103 2100 W<br \/>\nGreutate f\u0103r\u0103 accesorii 11,5 kg<br \/>\nGreutate de transport 13,2 kg<br \/>\nDimensiuni, LxLxH 325x341x867 mm<\/p>","protected":false},"excerpt":{"rendered":"<p>Ma\u0219ina de sp\u0103lat de \u00eenalt\u0103 presiune K 5 Basic este modelul de baz\u0103 al clasei de aparate de \u00eenalt\u0103 presiune Karcher K 5, cu un motor puternic \u0219i durabil, r\u0103cit cu ap\u0103. Dispozitivele K 5 sunt caracterizate printr-o productivitate ridicat\u0103 (500 l \/ h) \u0219i sunt concepute pentru a elimina poluarea de intensitate medie, inclusiv cele persistente, la fel de bine cur\u0103\u021b\u0103 bicicletele \u0219i ma\u0219inile, precum \u0219i pere\u021bii de piatr\u0103.<\/p>\n<p>Presiune de func\u021bionare 20-145 bar<br \/>\nMax. temperatura apei de intrare 40 \u00b0 C<br \/>\nMax. productivitatea este de 500 l \/ or\u0103<br \/>\nLungimea furtunului 8 m<br \/>\nSursa de alimentare<br \/>\nUn fel de curent electric ~ 1\/230\/50 f \/ V \/ Hz<br \/>\nMax. putere electric\u0103 2100 W<br \/>\nGreutate f\u0103r\u0103 accesorii 11,5 kg<br \/>\nGreutate de transport 13,2 kg<br \/>\nDimensiuni, LxLxH 325x341x867 mm<\/p>","protected":false},"featured_media":65655,"template":"","meta":{"_acf_changed":false},"product_brand":[],"product_cat":[8663],"product_tag":[],"class_list":{"0":"post-65593","1":"product","2":"type-product","3":"status-publish","4":"has-post-thumbnail","6":"product_cat-aparate-de-spalat-cu-presiune","8":"first","9":"instock","10":"shipping-taxable","11":"purchasable","12":"product-type-simple"},"acf":[],"_links":{"self":[{"href":"http:\/\/tehnomag.md\/ru\/wp-json\/wp\/v2\/product\/65593","targetHints":{"allow":["GET"]}}],"collection":[{"href":"http:\/\/tehnomag.md\/ru\/wp-json\/wp\/v2\/product"}],"about":[{"href":"http:\/\/tehnomag.md\/ru\/wp-json\/wp\/v2\/types\/product"}],"wp:featuredmedia":[{"embeddable":true,"href":"http:\/\/tehnomag.md\/ru\/wp-json\/wp\/v2\/media\/65655"}],"wp:attachment":[{"href":"http:\/\/tehnomag.md\/ru\/wp-json\/wp\/v2\/media?parent=65593"}],"wp:term":[{"taxonomy":"product_brand","embeddable":true,"href":"http:\/\/tehnomag.md\/ru\/wp-json\/wp\/v2\/product_brand?post=65593"},{"taxonomy":"product_cat","embeddable":true,"href":"http:\/\/tehnomag.md\/ru\/wp-json\/wp\/v2\/product_cat?post=65593"},{"taxonomy":"product_tag","embeddable":true,"href":"http:\/\/tehnomag.md\/ru\/wp-json\/wp\/v2\/product_tag?post=65593"}],"curies":[{"name":"wp","href":"https:\/\/api.w.org\/{rel}","templated":true}]}}