{"id":65592,"date":"2025-06-24T10:08:52","date_gmt":"2025-06-24T10:08:52","guid":{"rendered":"https:\/\/tehnomag.md\/?post_type=product&#038;p=65592"},"modified":"2025-07-19T08:16:21","modified_gmt":"2025-07-19T08:16:21","slug":"aparat-de-spalat-cu-presiune-k-4-universal-karcher-1-679-300-0","status":"publish","type":"product","link":"http:\/\/tehnomag.md\/ru\/catalog\/produse-auto\/spalatorii-auto\/aparate-de-spalat-cu-presiune\/aparat-de-spalat-cu-presiune-k-4-universal-karcher-1-679-300-0\/","title":{"rendered":"Aparat de spalat cu presiune  K 4 Universal KARCHER 1.679-300.0"},"content":{"rendered":"<p>Ma\u0219ina de sp\u0103lat cu presiune pentru ap\u0103 rece K4 Universal Edition completat\u0103 cu accesorii:<br \/>\n&#8211; Pistol cu Quik Connect<br \/>\n&#8211; Diverse jeturi electrice<br \/>\n&#8211; Blaster murdar<br \/>\n&#8211; 6 m AP<\/p>\n<p>Date tehnice:<br \/>\nPresiune 20-130 bar max.<br \/>\nDebit 420 l \/ h max.<br \/>\nRandament 30 m2 \/ h<br \/>\nAbsorb\u021bie electric\u0103 de 1,8 kW<br \/>\nTemperatura de intrare 40 \u00b0 C max.<br \/>\nRezervorul de cur\u0103\u021bare da<br \/>\nGreutate 8,09 kg<br \/>\nDimensiuni 297 x 310 x 865 mm<br \/>\nmotor universale<br \/>\nPompa N-Cor<\/p>","protected":false},"excerpt":{"rendered":"<p>Ma\u0219ina de sp\u0103lat cu presiune pentru ap\u0103 rece K4 Universal Edition completat\u0103 cu accesorii:<br \/>\n&#8211; Pistol cu Quik Connect<br \/>\n&#8211; Diverse jeturi electrice<br \/>\n&#8211; Blaster murdar<br \/>\n&#8211; 6 m AP<\/p>\n<p>Date tehnice:<br \/>\nPresiune 20-130 bar max.<br \/>\nDebit 420 l \/ h max.<br \/>\nRandament 30 m2 \/ h<br \/>\nAbsorb\u021bie electric\u0103 de 1,8 kW<br \/>\nTemperatura de intrare 40 \u00b0 C max.<br \/>\nRezervorul de cur\u0103\u021bare da<br \/>\nGreutate 8,09 kg<br \/>\nDimensiuni 297 x 310 x 865 mm<br \/>\nmotor universale<br \/>\nPompa N-Cor<\/p>","protected":false},"featured_media":65654,"template":"","meta":{"_acf_changed":false},"product_brand":[],"product_cat":[8663],"product_tag":[],"class_list":{"0":"post-65592","1":"product","2":"type-product","3":"status-publish","4":"has-post-thumbnail","6":"product_cat-aparate-de-spalat-cu-presiune","8":"first","9":"instock","10":"shipping-taxable","11":"purchasable","12":"product-type-simple"},"acf":[],"_links":{"self":[{"href":"http:\/\/tehnomag.md\/ru\/wp-json\/wp\/v2\/product\/65592","targetHints":{"allow":["GET"]}}],"collection":[{"href":"http:\/\/tehnomag.md\/ru\/wp-json\/wp\/v2\/product"}],"about":[{"href":"http:\/\/tehnomag.md\/ru\/wp-json\/wp\/v2\/types\/product"}],"wp:featuredmedia":[{"embeddable":true,"href":"http:\/\/tehnomag.md\/ru\/wp-json\/wp\/v2\/media\/65654"}],"wp:attachment":[{"href":"http:\/\/tehnomag.md\/ru\/wp-json\/wp\/v2\/media?parent=65592"}],"wp:term":[{"taxonomy":"product_brand","embeddable":true,"href":"http:\/\/tehnomag.md\/ru\/wp-json\/wp\/v2\/product_brand?post=65592"},{"taxonomy":"product_cat","embeddable":true,"href":"http:\/\/tehnomag.md\/ru\/wp-json\/wp\/v2\/product_cat?post=65592"},{"taxonomy":"product_tag","embeddable":true,"href":"http:\/\/tehnomag.md\/ru\/wp-json\/wp\/v2\/product_tag?post=65592"}],"curies":[{"name":"wp","href":"https:\/\/api.w.org\/{rel}","templated":true}]}}