{"id":65591,"date":"2025-06-24T10:08:52","date_gmt":"2025-06-24T10:08:52","guid":{"rendered":"https:\/\/tehnomag.md\/?post_type=product&#038;p=65591"},"modified":"2025-07-19T08:16:21","modified_gmt":"2025-07-19T08:16:21","slug":"aparat-de-spalat-cu-presiune-k7-compact-karcher-1-447-002-0","status":"publish","type":"product","link":"http:\/\/tehnomag.md\/ru\/catalog\/produse-auto\/spalatorii-auto\/aparate-de-spalat-cu-presiune\/aparat-de-spalat-cu-presiune-k7-compact-karcher-1-447-002-0\/","title":{"rendered":"Aparat de spalat cu presiune K7 Compact  KARCHER 1.447-002.0"},"content":{"rendered":"<p>Ma\u0219ina de sp\u0103lat de \u00eenalt\u0103 presiune K 7 Compact este extrem de versatil\u0103. Dispozitivul are dou\u0103 m\u00e2nere de transport, dintre care una se extinde la transportul dispozitivului \u0219i asigur\u0103 transport \u0219i depozitare convenabile cu economisire de spa\u021biu. \u00cen ciuda dimensiunii sale compacte, chiuveta se caracterizeaz\u0103 printr-o productivitate ridicat\u0103, suficient\u0103 pentru a \u00eendep\u0103rta complet murd\u0103ria persistent\u0103. Modelul este echipat cu un motor de r\u0103cire a apei, un furtun de \u00eenalt\u0103 presiune de 10 metri, un filtru de ap\u0103, un tub de pulverizare Vario Power \u0219i un t\u0103ietor de noroi. Sistemul Quick Connect v\u0103 permite s\u0103 ata\u0219a\u021bi rapid \u0219i convenabil un furtun de \u00eenalt\u0103 presiune la chiuvet\u0103, ceea ce economise\u0219te timp \u0219i efortul proprietarului dispozitivului.<\/p>\n<p>Presiune maxim\u0103 160 bar<br \/>\nProductivitate 600 L \/ h<br \/>\nMax. temp. apa de intrare 60 \u00b0 C<br \/>\nLungimea furtunului de \u00eenalt\u0103 presiune 10 m<br \/>\nConsumul de putere 3000 W<br \/>\nR\u0103cirea apei este<br \/>\nFiltrul fin este<br \/>\nExist\u0103 ro\u021bi pentru transport<br \/>\nSistemul Quick Connect este<br \/>\nGreutate (f\u0103r\u0103 accesorii) 17,1 kg<br \/>\nDimensiuni 552x290x333 mm<\/p>","protected":false},"excerpt":{"rendered":"<p>Ma\u0219ina de sp\u0103lat de \u00eenalt\u0103 presiune K 7 Compact este extrem de versatil\u0103. Dispozitivul are dou\u0103 m\u00e2nere de transport, dintre care una se extinde la transportul dispozitivului \u0219i asigur\u0103 transport \u0219i depozitare convenabile cu economisire de spa\u021biu. \u00cen ciuda dimensiunii sale compacte, chiuveta se caracterizeaz\u0103 printr-o productivitate ridicat\u0103, suficient\u0103 pentru a \u00eendep\u0103rta complet murd\u0103ria persistent\u0103. Modelul este echipat cu un motor de r\u0103cire a apei, un furtun de \u00eenalt\u0103 presiune de 10 metri, un filtru de ap\u0103, un tub de pulverizare Vario Power \u0219i un t\u0103ietor de noroi. Sistemul Quick Connect v\u0103 permite s\u0103 ata\u0219a\u021bi rapid \u0219i convenabil un furtun de \u00eenalt\u0103 presiune la chiuvet\u0103, ceea ce economise\u0219te timp \u0219i efortul proprietarului dispozitivului.<\/p>\n<p>Presiune maxim\u0103 160 bar<br \/>\nProductivitate 600 L \/ h<br \/>\nMax. temp. apa de intrare 60 \u00b0 C<br \/>\nLungimea furtunului de \u00eenalt\u0103 presiune 10 m<br \/>\nConsumul de putere 3000 W<br \/>\nR\u0103cirea apei este<br \/>\nFiltrul fin este<br \/>\nExist\u0103 ro\u021bi pentru transport<br \/>\nSistemul Quick Connect este<br \/>\nGreutate (f\u0103r\u0103 accesorii) 17,1 kg<br \/>\nDimensiuni 552x290x333 mm<\/p>","protected":false},"featured_media":65652,"template":"","meta":{"_acf_changed":false},"product_brand":[],"product_cat":[8663],"product_tag":[],"class_list":{"0":"post-65591","1":"product","2":"type-product","3":"status-publish","4":"has-post-thumbnail","6":"product_cat-aparate-de-spalat-cu-presiune","8":"first","9":"instock","10":"shipping-taxable","11":"purchasable","12":"product-type-simple"},"acf":[],"_links":{"self":[{"href":"http:\/\/tehnomag.md\/ru\/wp-json\/wp\/v2\/product\/65591","targetHints":{"allow":["GET"]}}],"collection":[{"href":"http:\/\/tehnomag.md\/ru\/wp-json\/wp\/v2\/product"}],"about":[{"href":"http:\/\/tehnomag.md\/ru\/wp-json\/wp\/v2\/types\/product"}],"wp:featuredmedia":[{"embeddable":true,"href":"http:\/\/tehnomag.md\/ru\/wp-json\/wp\/v2\/media\/65652"}],"wp:attachment":[{"href":"http:\/\/tehnomag.md\/ru\/wp-json\/wp\/v2\/media?parent=65591"}],"wp:term":[{"taxonomy":"product_brand","embeddable":true,"href":"http:\/\/tehnomag.md\/ru\/wp-json\/wp\/v2\/product_brand?post=65591"},{"taxonomy":"product_cat","embeddable":true,"href":"http:\/\/tehnomag.md\/ru\/wp-json\/wp\/v2\/product_cat?post=65591"},{"taxonomy":"product_tag","embeddable":true,"href":"http:\/\/tehnomag.md\/ru\/wp-json\/wp\/v2\/product_tag?post=65591"}],"curies":[{"name":"wp","href":"https:\/\/api.w.org\/{rel}","templated":true}]}}