{"id":64754,"date":"2025-06-24T10:04:06","date_gmt":"2025-06-24T10:04:06","guid":{"rendered":"https:\/\/tehnomag.md\/?post_type=product&#038;p=64754"},"modified":"2025-07-19T08:15:38","modified_gmt":"2025-07-19T08:15:38","slug":"planseta-p-u-tocat-set-maestro-mr-1787g","status":"publish","type":"product","link":"http:\/\/tehnomag.md\/ru\/catalog\/vesela\/ustensile-de-bucatarie\/baza-pentru-tocare\/planseta-p-u-tocat-set-maestro-mr-1787g\/","title":{"rendered":"Planseta p-u tocat set MAESTRO Mr-1787G"},"content":{"rendered":"<p>Set de pl\u0103ci de t\u0103iat este format din 5 articole. Perfect pentru cei c\u0103rora le place s\u0103 \u00eenceap\u0103 pl\u0103ci separate pentru fiecare tip de produs. Achizi\u021bion\u00e2nd acest set, ve\u021bi economisi timp la selec\u021bia pl\u0103cilor \u0219i a spa\u021biului de depozitare. Setul include un suport \u0219i 4 pl\u0103ci: Pentru pe\u0219te, carne, legume \u0219i alimente calde. Culoarea setului este granit.<\/p>\n<p>Caracteristicile setului de pl\u0103ci de t\u0103iat MR 1787G:<br \/>\nMaterial plastic<br \/>\nStand de bord<br \/>\nPlaca pentru pesti 29&#215;19,5&#215;0,6 cm<br \/>\nPlaca pentru carne 29&#215;19,5&#215;0,6 cm<br \/>\nPlaca pentru legume 29&#215;19,5&#215;0,6 cm<br \/>\nPlaca pentru produse calde 29&#215;19,5&#215;0,6 cm<br \/>\nNu alunec\u0103 pe suprafa\u021ba mesei<br \/>\nAbilitatea de a folosi ambele p\u0103r\u021bi<br \/>\nNu toce\u0219te cu\u021bitele<br \/>\nPoate fi spalat in masina de spalat vase<br \/>\nPoate fi folosit in masina de spalat vase<br \/>\nDimensiune set: 20x30x1.2cm<\/p>","protected":false},"excerpt":{"rendered":"<p>Set de pl\u0103ci de t\u0103iat este format din 5 articole. Perfect pentru cei c\u0103rora le place s\u0103 \u00eenceap\u0103 pl\u0103ci separate pentru fiecare tip de produs. Achizi\u021bion\u00e2nd acest set, ve\u021bi economisi timp la selec\u021bia pl\u0103cilor \u0219i a spa\u021biului de depozitare. Setul include un suport \u0219i 4 pl\u0103ci: Pentru pe\u0219te, carne, legume \u0219i alimente calde. Culoarea setului este granit.<\/p>\n<p>Caracteristicile setului de pl\u0103ci de t\u0103iat MR 1787G:<br \/>\nMaterial plastic<br \/>\nStand de bord<br \/>\nPlaca pentru pesti 29&#215;19,5&#215;0,6 cm<br \/>\nPlaca pentru carne 29&#215;19,5&#215;0,6 cm<br \/>\nPlaca pentru legume 29&#215;19,5&#215;0,6 cm<br \/>\nPlaca pentru produse calde 29&#215;19,5&#215;0,6 cm<br \/>\nNu alunec\u0103 pe suprafa\u021ba mesei<br \/>\nAbilitatea de a folosi ambele p\u0103r\u021bi<br \/>\nNu toce\u0219te cu\u021bitele<br \/>\nPoate fi spalat in masina de spalat vase<br \/>\nPoate fi folosit in masina de spalat vase<br \/>\nDimensiune set: 20x30x1.2cm<\/p>","protected":false},"featured_media":64790,"template":"","meta":{"_acf_changed":false},"product_brand":[],"product_cat":[8590],"product_tag":[],"class_list":{"0":"post-64754","1":"product","2":"type-product","3":"status-publish","4":"has-post-thumbnail","6":"product_cat-baza-pentru-tocare","8":"first","9":"instock","10":"shipping-taxable","11":"purchasable","12":"product-type-simple"},"acf":[],"_links":{"self":[{"href":"http:\/\/tehnomag.md\/ru\/wp-json\/wp\/v2\/product\/64754","targetHints":{"allow":["GET"]}}],"collection":[{"href":"http:\/\/tehnomag.md\/ru\/wp-json\/wp\/v2\/product"}],"about":[{"href":"http:\/\/tehnomag.md\/ru\/wp-json\/wp\/v2\/types\/product"}],"wp:featuredmedia":[{"embeddable":true,"href":"http:\/\/tehnomag.md\/ru\/wp-json\/wp\/v2\/media\/64790"}],"wp:attachment":[{"href":"http:\/\/tehnomag.md\/ru\/wp-json\/wp\/v2\/media?parent=64754"}],"wp:term":[{"taxonomy":"product_brand","embeddable":true,"href":"http:\/\/tehnomag.md\/ru\/wp-json\/wp\/v2\/product_brand?post=64754"},{"taxonomy":"product_cat","embeddable":true,"href":"http:\/\/tehnomag.md\/ru\/wp-json\/wp\/v2\/product_cat?post=64754"},{"taxonomy":"product_tag","embeddable":true,"href":"http:\/\/tehnomag.md\/ru\/wp-json\/wp\/v2\/product_tag?post=64754"}],"curies":[{"name":"wp","href":"https:\/\/api.w.org\/{rel}","templated":true}]}}