{"id":64743,"date":"2025-06-24T10:04:05","date_gmt":"2025-06-24T10:04:05","guid":{"rendered":"https:\/\/tehnomag.md\/?post_type=product&#038;p=64743"},"modified":"2025-07-19T08:15:36","modified_gmt":"2025-07-19T08:15:36","slug":"cratita-pentru-preparare-cu-aburi-maestro-mr-2900-32","status":"publish","type":"product","link":"http:\/\/tehnomag.md\/ru\/catalog\/vesela\/vase-de-gatit\/vase-cu-aburi\/cratita-pentru-preparare-cu-aburi-maestro-mr-2900-32\/","title":{"rendered":"Crati\u021b\u0103 pentru preparare cu aburi MAESTRO Mr-2900-32"},"content":{"rendered":"<p>Este un lucru de ne\u00eenlocuit pentru cei care iubesc manti. Se deosebe\u0219te de un boiler dublu \u00eentr-un volum mare \u0219i t\u0103vi suplimentare. Deoarece mantele ocup\u0103 mult mai mult spa\u021biu. Capacul este, de asemenea, \u00eenalt pentru un plus de volum. Tigaia \u00een sine este de \u00eenalt\u0103 calitate, cu fundul gros \u0219i este potrivit\u0103 pentru g\u0103tit obi\u0219nuit. De exemplu, fierbe\u021bi o oal\u0103 de bor\u0219 de 12 litri pentru oaspe\u021bii care sosesc pe nea\u0219teptate.<\/p>\n<p>Caracteristici oala sub presiune Maestro MR 2900-32:<br \/>\nVolum:12 l<br \/>\nDiametru capac: 32 cm<br \/>\nDiametru orificiu pentru abur: 5 mm<br \/>\nPlase suplimentare &#8211; 2 buc<br \/>\nM\u00e2nere din bachelit\u0103 rezistente la c\u0103ldur\u0103<br \/>\nAcoperire \u00eenalt\u0103<br \/>\nO\u021bel inoxidabil de \u00eenalt\u0103 calitate<br \/>\nPartea inferioar\u0103 de stocare termic\u0103 multistrat<br \/>\nPoate fi folosit pe toate tipurile de plite<\/p>","protected":false},"excerpt":{"rendered":"<p>Este un lucru de ne\u00eenlocuit pentru cei care iubesc manti. Se deosebe\u0219te de un boiler dublu \u00eentr-un volum mare \u0219i t\u0103vi suplimentare. Deoarece mantele ocup\u0103 mult mai mult spa\u021biu. Capacul este, de asemenea, \u00eenalt pentru un plus de volum. Tigaia \u00een sine este de \u00eenalt\u0103 calitate, cu fundul gros \u0219i este potrivit\u0103 pentru g\u0103tit obi\u0219nuit. De exemplu, fierbe\u021bi o oal\u0103 de bor\u0219 de 12 litri pentru oaspe\u021bii care sosesc pe nea\u0219teptate.<\/p>\n<p>Caracteristici oala sub presiune Maestro MR 2900-32:<br \/>\nVolum:12 l<br \/>\nDiametru capac: 32 cm<br \/>\nDiametru orificiu pentru abur: 5 mm<br \/>\nPlase suplimentare &#8211; 2 buc<br \/>\nM\u00e2nere din bachelit\u0103 rezistente la c\u0103ldur\u0103<br \/>\nAcoperire \u00eenalt\u0103<br \/>\nO\u021bel inoxidabil de \u00eenalt\u0103 calitate<br \/>\nPartea inferioar\u0103 de stocare termic\u0103 multistrat<br \/>\nPoate fi folosit pe toate tipurile de plite<\/p>","protected":false},"featured_media":64774,"template":"","meta":{"_acf_changed":false},"product_brand":[],"product_cat":[8583],"product_tag":[],"class_list":{"0":"post-64743","1":"product","2":"type-product","3":"status-publish","4":"has-post-thumbnail","6":"product_cat-vase-cu-aburi","8":"first","9":"instock","10":"shipping-taxable","11":"purchasable","12":"product-type-simple"},"acf":[],"_links":{"self":[{"href":"http:\/\/tehnomag.md\/ru\/wp-json\/wp\/v2\/product\/64743","targetHints":{"allow":["GET"]}}],"collection":[{"href":"http:\/\/tehnomag.md\/ru\/wp-json\/wp\/v2\/product"}],"about":[{"href":"http:\/\/tehnomag.md\/ru\/wp-json\/wp\/v2\/types\/product"}],"wp:featuredmedia":[{"embeddable":true,"href":"http:\/\/tehnomag.md\/ru\/wp-json\/wp\/v2\/media\/64774"}],"wp:attachment":[{"href":"http:\/\/tehnomag.md\/ru\/wp-json\/wp\/v2\/media?parent=64743"}],"wp:term":[{"taxonomy":"product_brand","embeddable":true,"href":"http:\/\/tehnomag.md\/ru\/wp-json\/wp\/v2\/product_brand?post=64743"},{"taxonomy":"product_cat","embeddable":true,"href":"http:\/\/tehnomag.md\/ru\/wp-json\/wp\/v2\/product_cat?post=64743"},{"taxonomy":"product_tag","embeddable":true,"href":"http:\/\/tehnomag.md\/ru\/wp-json\/wp\/v2\/product_tag?post=64743"}],"curies":[{"name":"wp","href":"https:\/\/api.w.org\/{rel}","templated":true}]}}