{"id":63632,"date":"2025-06-24T09:57:29","date_gmt":"2025-06-24T09:57:29","guid":{"rendered":"https:\/\/tehnomag.md\/?post_type=product&#038;p=63632"},"modified":"2025-07-19T08:14:41","modified_gmt":"2025-07-19T08:14:41","slug":"bolier-tesy-gch-8044-20-b12-tsr","status":"publish","type":"product","link":"http:\/\/tehnomag.md\/ru\/catalog\/instalatii-termice-si-sanitare\/bolier\/bolier-tesy-gch-8044-20-b12-tsr\/","title":{"rendered":"Bolier TESY GCH 8044 20 B12 TSR"},"content":{"rendered":"<p>Bolier TESY GCH 8044 20 B12 TSR cu o acoperire din sticl\u0103-ceramic\u0103 a rezervorului de ap\u0103.<br \/>\nIzola\u021bie extrem de eficient\u0103 din poliuretan extrudat<br \/>\nPiese electrice de \u00eencredere care \u00eendeplinesc cerin\u021bele europene de calitate<br \/>\n\u00centrerup\u0103tor electric impermeabil<br \/>\nTermostat cu protec\u021bie termic\u0103 \u0219i electric\u0103<br \/>\nDispozitiv anti-\u00eenghe\u021b.<br \/>\n  Putere (W): 3000 W<br \/>\nVolum (L): 80 L<br \/>\nMontare: Orizontal\u0103<br \/>\nMaterial rezervor: Stecloceramica<br \/>\nDiametru (cm): 44 cm<br \/>\n\u00cenc\u0103lzirea elementar\u0103 de tip \u00eenchis: nr<br \/>\nMod antigel: Da<br \/>\nSupap\u0103 de siguran\u021b\u0103: da<br \/>\nAnod de magneziu: Da<br \/>\nIndicator de conexiune: Da<br \/>\nIndicator de \u00eenc\u0103lzire: Da<\/p>","protected":false},"excerpt":{"rendered":"<p>Bolier TESY GCH 8044 20 B12 TSR cu o acoperire din sticl\u0103-ceramic\u0103 a rezervorului de ap\u0103.<br \/>\nIzola\u021bie extrem de eficient\u0103 din poliuretan extrudat<br \/>\nPiese electrice de \u00eencredere care \u00eendeplinesc cerin\u021bele europene de calitate<br \/>\n\u00centrerup\u0103tor electric impermeabil<br \/>\nTermostat cu protec\u021bie termic\u0103 \u0219i electric\u0103<br \/>\nDispozitiv anti-\u00eenghe\u021b.<br \/>\n  Putere (W): 3000 W<br \/>\nVolum (L): 80 L<br \/>\nMontare: Orizontal\u0103<br \/>\nMaterial rezervor: Stecloceramica<br \/>\nDiametru (cm): 44 cm<br \/>\n\u00cenc\u0103lzirea elementar\u0103 de tip \u00eenchis: nr<br \/>\nMod antigel: Da<br \/>\nSupap\u0103 de siguran\u021b\u0103: da<br \/>\nAnod de magneziu: Da<br \/>\nIndicator de conexiune: Da<br \/>\nIndicator de \u00eenc\u0103lzire: Da<\/p>","protected":false},"featured_media":63662,"template":"","meta":{"_acf_changed":false},"product_brand":[],"product_cat":[8533],"product_tag":[],"class_list":{"0":"post-63632","1":"product","2":"type-product","3":"status-publish","4":"has-post-thumbnail","6":"product_cat-bolier","8":"first","9":"instock","10":"shipping-taxable","11":"purchasable","12":"product-type-simple"},"acf":[],"_links":{"self":[{"href":"http:\/\/tehnomag.md\/ru\/wp-json\/wp\/v2\/product\/63632","targetHints":{"allow":["GET"]}}],"collection":[{"href":"http:\/\/tehnomag.md\/ru\/wp-json\/wp\/v2\/product"}],"about":[{"href":"http:\/\/tehnomag.md\/ru\/wp-json\/wp\/v2\/types\/product"}],"wp:featuredmedia":[{"embeddable":true,"href":"http:\/\/tehnomag.md\/ru\/wp-json\/wp\/v2\/media\/63662"}],"wp:attachment":[{"href":"http:\/\/tehnomag.md\/ru\/wp-json\/wp\/v2\/media?parent=63632"}],"wp:term":[{"taxonomy":"product_brand","embeddable":true,"href":"http:\/\/tehnomag.md\/ru\/wp-json\/wp\/v2\/product_brand?post=63632"},{"taxonomy":"product_cat","embeddable":true,"href":"http:\/\/tehnomag.md\/ru\/wp-json\/wp\/v2\/product_cat?post=63632"},{"taxonomy":"product_tag","embeddable":true,"href":"http:\/\/tehnomag.md\/ru\/wp-json\/wp\/v2\/product_tag?post=63632"}],"curies":[{"name":"wp","href":"https:\/\/api.w.org\/{rel}","templated":true}]}}